{"id":46406,"date":"2025-03-11T21:53:02","date_gmt":"2025-03-11T19:53:02","guid":{"rendered":"https:\/\/val.sfp.fi\/valfardsomradesval\/?page_id=46406"},"modified":"2025-03-11T21:58:23","modified_gmt":"2025-03-11T19:58:23","slug":"election-programme-for-ostrobothnia-and-central-ostrobothnia-county-area","status":"publish","type":"page","link":"https:\/\/val.sfp.fi\/valfardsomradesval\/en\/election-programme-for-ostrobothnia-and-central-ostrobothnia-county-area\/","title":{"rendered":"Election programme for Ostrobothnia and Central Ostrobothnia county area"},"content":{"rendered":"<p><strong><a href=\"https:\/\/val.sfp.fi\/valfardsomradesval\/en\/county\/ostrobothnia\/\">Back to the county (Ostrobothnia)<\/a><\/strong><\/p>\n<p><strong><a href=\"https:\/\/val.sfp.fi\/valfardsomradesval\/en\/county\/central-ostrobothnia\/\">Back to the county (Central Ostrobothnia)<\/a><\/strong><\/p>\n<h2><b>SFP&#8217;S ELECTION PROGRAMME IN THE COUNTY ELECTIONS IN OSTROBOTHNIA AND CENTRAL OSTROBOTHNIA<\/b><\/h2>\n<p><span style=\"font-weight: 400;\">In the county elections, we vote on how to organise healthcare, social services and emergency services. In this election programme you will find our most important issues, which all SFP candidates are working for.\u00a0<\/span><\/p>\n<p><span style=\"font-weight: 400;\">SFP works for our region to be nationally and internationally successful, which means that we want healthcare services to be of high quality and accessible to everyone, young and old. We want every resident to feel safe, regardless of their service needs or stage of life.\u00a0<\/span><\/p>\n<h3><b>ACCESSIBILITY<\/b><\/h3>\n<p><span style=\"font-weight: 400;\">Social and healthcare services should be accessible. It should be easy to get in touch with the healthcare services, whatever your preferred method of contact. There should be a low threshold for asking for help, regardless of the issue. The services offered should be versatile and respond to the need that is recognised.<\/span><\/p>\n<p><span style=\"font-weight: 400;\">You should receive care at the right time and at the right level. We want to focus on preventive services, but in the event of illness or accident, you should receive high-quality medical care. The Central Hospital is there for all residents of the area and you should receive care in both official languages.<\/span><\/p>\n<p><span style=\"font-weight: 400;\">Geographical distances can only be partly bridged by remote services. Local service points will remain, but digital and mobile services need to be greatly developed.<\/span><\/p>\n<h3><b>SAFETY<\/b><\/h3>\n<p><span style=\"font-weight: 400;\">Functioning social care services must be a given. People should be cared for as a whole, which means that you should not be bounced around, but the services should work seamlessly together on your terms. Psychosocial services should be available with a low threshold.<\/span><\/p>\n<p><span style=\"font-weight: 400;\">Safe care for the elderly is best achieved through a wide range of services. You should feel safe living at home and be confident that you will get help when you need it. New solutions are needed to ensure that there are enough services for everyone.<\/span><\/p>\n<p><span style=\"font-weight: 400;\">Ambulance, fire and other emergency services must be reliable. You should be able to rely on help to arrive if the worst happens, no matter where you are or what time of day it is. We are working to ensure sufficient resources to maintain readiness, also in border areas, rural areas and archipelagos.<\/span><\/p>\n<h3><b>TRUST<\/b><\/h3>\n<p><span style=\"font-weight: 400;\">The first years of the wellbeing services counties has been challenging and the financial constraints are severe. Finland&#8217;s healthcare, social and emergency services are among the best in the world. We want to keep it that way, but it requires development and new services.<\/span><\/p>\n<p><span style=\"font-weight: 400;\">A good human resources policy is the key to the success of the wellbeing services counties. We want to create work peace for our staff. Employees should be able to influence their work, and they should be able to perform the tasks they are trained for. Motivated and skilled staff is vital for well-functioning wellbeing services counties.<\/span><\/p>\n<p><span style=\"font-weight: 400;\">SFP&#8217;s decision-makers are competent and responsible. We know our region, its challenges, strengths and needs.<\/span><\/p>\n<p><img loading=\"lazy\" decoding=\"async\" class=\"alignnone size-medium wp-image-44466\" src=\"https:\/\/val.sfp.fi\/valfardsomradesval\/wp-content\/uploads\/OBMOB-555x600.png\" alt=\"\" width=\"555\" height=\"600\" srcset=\"https:\/\/val.sfp.fi\/valfardsomradesval\/wp-content\/uploads\/OBMOB-555x600.png 555w, https:\/\/val.sfp.fi\/valfardsomradesval\/wp-content\/uploads\/OBMOB-768x830.png 768w, https:\/\/val.sfp.fi\/valfardsomradesval\/wp-content\/uploads\/OBMOB.png 792w\" sizes=\"auto, (max-width: 555px) 100vw, 555px\" \/><\/p>\n<p><strong><a href=\"https:\/\/val.sfp.fi\/valfardsomradesval\/en\/county\/ostrobothnia\/\">Back to the county (Ostrobothnia)<\/a><\/strong><\/p>\n<p><strong><a href=\"https:\/\/val.sfp.fi\/valfardsomradesval\/en\/county\/central-ostrobothnia\/\">Back to the county (Central Ostrobothnia)<\/a><\/strong><\/p>\n<p>&nbsp;<\/p>\n","protected":false},"excerpt":{"rendered":"<p>Back to the county (Ostrobothnia) Back to the county (Central Ostrobothnia) SFP&#8217;S ELECTION PROGRAMME IN THE COUNTY ELECTIONS IN OSTROBOTHNIA AND CENTRAL OSTROBOTHNIA In the county elections, we vote on<a class=\"excerpt-read-more\" href=\"https:\/\/val.sfp.fi\/valfardsomradesval\/en\/election-programme-for-ostrobothnia-and-central-ostrobothnia-county-area\/\" title=\"L\u00e4sElection programme for Ostrobothnia and Central Ostrobothnia county area\">&#8230;<\/a><\/p>\n","protected":false},"author":2460,"featured_media":0,"parent":0,"menu_order":0,"comment_status":"closed","ping_status":"closed","template":"","meta":{"_acf_changed":false,"footnotes":""},"class_list":["post-46406","page","type-page","status-publish","hentry"],"acf":[],"yoast_head":"<!-- This site is optimized with the Yoast SEO plugin v27.2 - https:\/\/yoast.com\/product\/yoast-seo-wordpress\/ -->\n<title>Election programme for Ostrobothnia and Central Ostrobothnia county area &#8212; V\u00e4lf\u00e4rdsomr\u00e5desval 2025<\/title>\n<meta name=\"robots\" content=\"index, follow, max-snippet:-1, max-image-preview:large, max-video-preview:-1\" \/>\n<link rel=\"canonical\" href=\"https:\/\/val.sfp.fi\/valfardsomradesval\/en\/election-programme-for-ostrobothnia-and-central-ostrobothnia-county-area\/\" \/>\n<meta property=\"og:locale\" content=\"sv_SE\" \/>\n<meta property=\"og:type\" content=\"article\" \/>\n<meta property=\"og:title\" content=\"Election programme for Ostrobothnia and Central Ostrobothnia county area &#8212; V\u00e4lf\u00e4rdsomr\u00e5desval 2025\" \/>\n<meta property=\"og:description\" content=\"Back to the county (Ostrobothnia) Back to the county (Central Ostrobothnia) SFP&#8217;S ELECTION PROGRAMME IN THE COUNTY ELECTIONS IN OSTROBOTHNIA AND CENTRAL OSTROBOTHNIA In the county elections, we vote on...\" \/>\n<meta property=\"og:url\" content=\"https:\/\/val.sfp.fi\/valfardsomradesval\/en\/election-programme-for-ostrobothnia-and-central-ostrobothnia-county-area\/\" \/>\n<meta property=\"og:site_name\" content=\"V\u00e4lf\u00e4rdsomr\u00e5desval 2025\" \/>\n<meta property=\"article:publisher\" content=\"https:\/\/www.facebook.com\/sfprkp\/\" \/>\n<meta property=\"article:modified_time\" content=\"2025-03-11T19:58:23+00:00\" \/>\n<meta property=\"og:image\" content=\"https:\/\/val.sfp.fi\/valfardsomradesval\/wp-content\/uploads\/OBMOB.png\" \/>\n\t<meta property=\"og:image:width\" content=\"792\" \/>\n\t<meta property=\"og:image:height\" content=\"856\" \/>\n\t<meta property=\"og:image:type\" content=\"image\/png\" \/>\n<meta name=\"twitter:label1\" content=\"Ber\u00e4knad l\u00e4stid\" \/>\n\t<meta name=\"twitter:data1\" content=\"3 minuter\" \/>\n<script type=\"application\/ld+json\" class=\"yoast-schema-graph\">{\"@context\":\"https:\/\/schema.org\",\"@graph\":[{\"@type\":\"WebPage\",\"@id\":\"https:\/\/val.sfp.fi\/valfardsomradesval\/en\/election-programme-for-ostrobothnia-and-central-ostrobothnia-county-area\/\",\"url\":\"https:\/\/val.sfp.fi\/valfardsomradesval\/en\/election-programme-for-ostrobothnia-and-central-ostrobothnia-county-area\/\",\"name\":\"Election programme for Ostrobothnia and Central Ostrobothnia county area &#8212; V\u00e4lf\u00e4rdsomr\u00e5desval 2025\",\"isPartOf\":{\"@id\":\"https:\/\/val.sfp.fi\/valfardsomradesval\/#website\"},\"primaryImageOfPage\":{\"@id\":\"https:\/\/val.sfp.fi\/valfardsomradesval\/en\/election-programme-for-ostrobothnia-and-central-ostrobothnia-county-area\/#primaryimage\"},\"image\":{\"@id\":\"https:\/\/val.sfp.fi\/valfardsomradesval\/en\/election-programme-for-ostrobothnia-and-central-ostrobothnia-county-area\/#primaryimage\"},\"thumbnailUrl\":\"https:\/\/val.sfp.fi\/valfardsomradesval\/wp-content\/uploads\/OBMOB-555x600.png\",\"datePublished\":\"2025-03-11T19:53:02+00:00\",\"dateModified\":\"2025-03-11T19:58:23+00:00\",\"breadcrumb\":{\"@id\":\"https:\/\/val.sfp.fi\/valfardsomradesval\/en\/election-programme-for-ostrobothnia-and-central-ostrobothnia-county-area\/#breadcrumb\"},\"inLanguage\":\"sv-SE\",\"potentialAction\":[{\"@type\":\"ReadAction\",\"target\":[\"https:\/\/val.sfp.fi\/valfardsomradesval\/en\/election-programme-for-ostrobothnia-and-central-ostrobothnia-county-area\/\"]}]},{\"@type\":\"ImageObject\",\"inLanguage\":\"sv-SE\",\"@id\":\"https:\/\/val.sfp.fi\/valfardsomradesval\/en\/election-programme-for-ostrobothnia-and-central-ostrobothnia-county-area\/#primaryimage\",\"url\":\"https:\/\/val.sfp.fi\/valfardsomradesval\/wp-content\/uploads\/OBMOB.png\",\"contentUrl\":\"https:\/\/val.sfp.fi\/valfardsomradesval\/wp-content\/uploads\/OBMOB.png\",\"width\":792,\"height\":856},{\"@type\":\"BreadcrumbList\",\"@id\":\"https:\/\/val.sfp.fi\/valfardsomradesval\/en\/election-programme-for-ostrobothnia-and-central-ostrobothnia-county-area\/#breadcrumb\",\"itemListElement\":[{\"@type\":\"ListItem\",\"position\":1,\"name\":\"Home\",\"item\":\"https:\/\/val.sfp.fi\/valfardsomradesval\/\"},{\"@type\":\"ListItem\",\"position\":2,\"name\":\"Election programme for Ostrobothnia and Central Ostrobothnia county area\"}]},{\"@type\":\"WebSite\",\"@id\":\"https:\/\/val.sfp.fi\/valfardsomradesval\/#website\",\"url\":\"https:\/\/val.sfp.fi\/valfardsomradesval\/\",\"name\":\"SFP - V\u00e4lf\u00e4rdsomr\u00e5desval 2025\",\"description\":\"\",\"publisher\":{\"@id\":\"https:\/\/val.sfp.fi\/valfardsomradesval\/#organization\"},\"potentialAction\":[{\"@type\":\"SearchAction\",\"target\":{\"@type\":\"EntryPoint\",\"urlTemplate\":\"https:\/\/val.sfp.fi\/valfardsomradesval\/?s={search_term_string}\"},\"query-input\":{\"@type\":\"PropertyValueSpecification\",\"valueRequired\":true,\"valueName\":\"search_term_string\"}}],\"inLanguage\":\"sv-SE\"},{\"@type\":\"Organization\",\"@id\":\"https:\/\/val.sfp.fi\/valfardsomradesval\/#organization\",\"name\":\"SFP RKP\",\"url\":\"https:\/\/val.sfp.fi\/valfardsomradesval\/\",\"logo\":{\"@type\":\"ImageObject\",\"inLanguage\":\"sv-SE\",\"@id\":\"https:\/\/val.sfp.fi\/valfardsomradesval\/#\/schema\/logo\/image\/\",\"url\":\"https:\/\/val.sfp.fi\/valfardsomradesval\/wp-content\/uploads\/SFP-RKP-logo.jpg\",\"contentUrl\":\"https:\/\/val.sfp.fi\/valfardsomradesval\/wp-content\/uploads\/SFP-RKP-logo.jpg\",\"width\":1483,\"height\":1483,\"caption\":\"SFP RKP\"},\"image\":{\"@id\":\"https:\/\/val.sfp.fi\/valfardsomradesval\/#\/schema\/logo\/image\/\"},\"sameAs\":[\"https:\/\/www.facebook.com\/sfprkp\/\",\"https:\/\/x.com\/sfprkp\",\"https:\/\/www.instagram.com\/sfprkp\/\",\"https:\/\/www.youtube.com\/sfprkp\",\"https:\/\/sv.wikipedia.org\/wiki\/Svenska_folkpartiet\"]}]}<\/script>\n<!-- \/ Yoast SEO plugin. -->","yoast_head_json":{"title":"Election programme for Ostrobothnia and Central Ostrobothnia county area &#8212; V\u00e4lf\u00e4rdsomr\u00e5desval 2025","robots":{"index":"index","follow":"follow","max-snippet":"max-snippet:-1","max-image-preview":"max-image-preview:large","max-video-preview":"max-video-preview:-1"},"canonical":"https:\/\/val.sfp.fi\/valfardsomradesval\/en\/election-programme-for-ostrobothnia-and-central-ostrobothnia-county-area\/","og_locale":"sv_SE","og_type":"article","og_title":"Election programme for Ostrobothnia and Central Ostrobothnia county area &#8212; V\u00e4lf\u00e4rdsomr\u00e5desval 2025","og_description":"Back to the county (Ostrobothnia) Back to the county (Central Ostrobothnia) SFP&#8217;S ELECTION PROGRAMME IN THE COUNTY ELECTIONS IN OSTROBOTHNIA AND CENTRAL OSTROBOTHNIA In the county elections, we vote on...","og_url":"https:\/\/val.sfp.fi\/valfardsomradesval\/en\/election-programme-for-ostrobothnia-and-central-ostrobothnia-county-area\/","og_site_name":"V\u00e4lf\u00e4rdsomr\u00e5desval 2025","article_publisher":"https:\/\/www.facebook.com\/sfprkp\/","article_modified_time":"2025-03-11T19:58:23+00:00","og_image":[{"width":792,"height":856,"url":"https:\/\/val.sfp.fi\/valfardsomradesval\/wp-content\/uploads\/OBMOB.png","type":"image\/png"}],"twitter_misc":{"Ber\u00e4knad l\u00e4stid":"3 minuter"},"schema":{"@context":"https:\/\/schema.org","@graph":[{"@type":"WebPage","@id":"https:\/\/val.sfp.fi\/valfardsomradesval\/en\/election-programme-for-ostrobothnia-and-central-ostrobothnia-county-area\/","url":"https:\/\/val.sfp.fi\/valfardsomradesval\/en\/election-programme-for-ostrobothnia-and-central-ostrobothnia-county-area\/","name":"Election programme for Ostrobothnia and Central Ostrobothnia county area &#8212; V\u00e4lf\u00e4rdsomr\u00e5desval 2025","isPartOf":{"@id":"https:\/\/val.sfp.fi\/valfardsomradesval\/#website"},"primaryImageOfPage":{"@id":"https:\/\/val.sfp.fi\/valfardsomradesval\/en\/election-programme-for-ostrobothnia-and-central-ostrobothnia-county-area\/#primaryimage"},"image":{"@id":"https:\/\/val.sfp.fi\/valfardsomradesval\/en\/election-programme-for-ostrobothnia-and-central-ostrobothnia-county-area\/#primaryimage"},"thumbnailUrl":"https:\/\/val.sfp.fi\/valfardsomradesval\/wp-content\/uploads\/OBMOB-555x600.png","datePublished":"2025-03-11T19:53:02+00:00","dateModified":"2025-03-11T19:58:23+00:00","breadcrumb":{"@id":"https:\/\/val.sfp.fi\/valfardsomradesval\/en\/election-programme-for-ostrobothnia-and-central-ostrobothnia-county-area\/#breadcrumb"},"inLanguage":"sv-SE","potentialAction":[{"@type":"ReadAction","target":["https:\/\/val.sfp.fi\/valfardsomradesval\/en\/election-programme-for-ostrobothnia-and-central-ostrobothnia-county-area\/"]}]},{"@type":"ImageObject","inLanguage":"sv-SE","@id":"https:\/\/val.sfp.fi\/valfardsomradesval\/en\/election-programme-for-ostrobothnia-and-central-ostrobothnia-county-area\/#primaryimage","url":"https:\/\/val.sfp.fi\/valfardsomradesval\/wp-content\/uploads\/OBMOB.png","contentUrl":"https:\/\/val.sfp.fi\/valfardsomradesval\/wp-content\/uploads\/OBMOB.png","width":792,"height":856},{"@type":"BreadcrumbList","@id":"https:\/\/val.sfp.fi\/valfardsomradesval\/en\/election-programme-for-ostrobothnia-and-central-ostrobothnia-county-area\/#breadcrumb","itemListElement":[{"@type":"ListItem","position":1,"name":"Home","item":"https:\/\/val.sfp.fi\/valfardsomradesval\/"},{"@type":"ListItem","position":2,"name":"Election programme for Ostrobothnia and Central Ostrobothnia county area"}]},{"@type":"WebSite","@id":"https:\/\/val.sfp.fi\/valfardsomradesval\/#website","url":"https:\/\/val.sfp.fi\/valfardsomradesval\/","name":"SFP - V\u00e4lf\u00e4rdsomr\u00e5desval 2025","description":"","publisher":{"@id":"https:\/\/val.sfp.fi\/valfardsomradesval\/#organization"},"potentialAction":[{"@type":"SearchAction","target":{"@type":"EntryPoint","urlTemplate":"https:\/\/val.sfp.fi\/valfardsomradesval\/?s={search_term_string}"},"query-input":{"@type":"PropertyValueSpecification","valueRequired":true,"valueName":"search_term_string"}}],"inLanguage":"sv-SE"},{"@type":"Organization","@id":"https:\/\/val.sfp.fi\/valfardsomradesval\/#organization","name":"SFP RKP","url":"https:\/\/val.sfp.fi\/valfardsomradesval\/","logo":{"@type":"ImageObject","inLanguage":"sv-SE","@id":"https:\/\/val.sfp.fi\/valfardsomradesval\/#\/schema\/logo\/image\/","url":"https:\/\/val.sfp.fi\/valfardsomradesval\/wp-content\/uploads\/SFP-RKP-logo.jpg","contentUrl":"https:\/\/val.sfp.fi\/valfardsomradesval\/wp-content\/uploads\/SFP-RKP-logo.jpg","width":1483,"height":1483,"caption":"SFP RKP"},"image":{"@id":"https:\/\/val.sfp.fi\/valfardsomradesval\/#\/schema\/logo\/image\/"},"sameAs":["https:\/\/www.facebook.com\/sfprkp\/","https:\/\/x.com\/sfprkp","https:\/\/www.instagram.com\/sfprkp\/","https:\/\/www.youtube.com\/sfprkp","https:\/\/sv.wikipedia.org\/wiki\/Svenska_folkpartiet"]}]}},"lang":"en","translations":{"en":46406,"fi":46378,"sv":44465},"pll_sync_post":[],"_links":{"self":[{"href":"https:\/\/val.sfp.fi\/valfardsomradesval\/wp-json\/wp\/v2\/pages\/46406","targetHints":{"allow":["GET"]}}],"collection":[{"href":"https:\/\/val.sfp.fi\/valfardsomradesval\/wp-json\/wp\/v2\/pages"}],"about":[{"href":"https:\/\/val.sfp.fi\/valfardsomradesval\/wp-json\/wp\/v2\/types\/page"}],"author":[{"embeddable":true,"href":"https:\/\/val.sfp.fi\/valfardsomradesval\/wp-json\/wp\/v2\/users\/2460"}],"replies":[{"embeddable":true,"href":"https:\/\/val.sfp.fi\/valfardsomradesval\/wp-json\/wp\/v2\/comments?post=46406"}],"version-history":[{"count":3,"href":"https:\/\/val.sfp.fi\/valfardsomradesval\/wp-json\/wp\/v2\/pages\/46406\/revisions"}],"predecessor-version":[{"id":46410,"href":"https:\/\/val.sfp.fi\/valfardsomradesval\/wp-json\/wp\/v2\/pages\/46406\/revisions\/46410"}],"wp:attachment":[{"href":"https:\/\/val.sfp.fi\/valfardsomradesval\/wp-json\/wp\/v2\/media?parent=46406"}],"curies":[{"name":"wp","href":"https:\/\/api.w.org\/{rel}","templated":true}]}}