{"id":46378,"date":"2025-03-10T22:44:08","date_gmt":"2025-03-10T20:44:08","guid":{"rendered":"https:\/\/val.sfp.fi\/valfardsomradesval\/?page_id=46378"},"modified":"2025-03-10T22:46:36","modified_gmt":"2025-03-10T20:46:36","slug":"rkp-pohjanmaan-keski-pohjanmaan-vaaliohjelma","status":"publish","type":"page","link":"https:\/\/val.sfp.fi\/valfardsomradesval\/fi\/rkp-pohjanmaan-keski-pohjanmaan-vaaliohjelma\/","title":{"rendered":"RKP POHJANMAAN JA KESKI-POHJANMAAN VAALIOHJELMA ALUEVAALEISSA"},"content":{"rendered":"<p><strong><a href=\"https:\/\/val.sfp.fi\/valfardsomradesval\/fi\/hyvinvointialue\/pohjanmaa\/\">Takaisin hyvinvointialueelle (Pohjanmaa)<\/a><\/strong><\/p>\n<p><strong><a href=\"https:\/\/val.sfp.fi\/valfardsomradesval\/fi\/hyvinvointialue\/keski-pohjanmaa\/\">Takaisin hyvinvointialueelle (Keski-Pohjanmaa)<\/a><\/strong><\/p>\n<h2>RKP:N VAALIOHJELMA POHJANMAAN JA KESKI-POHJANMAAN ALUEVAALEISSA<\/h2>\n<p>Aluevaaleissa \u00e4\u00e4nest\u00e4mme siit\u00e4, miten sairaanhoito, sosiaali- ja terveydenhuolto sek\u00e4 pelastuspalvelut j\u00e4rjestet\u00e4\u00e4n. T\u00e4st\u00e4 vaaliohjelmasta l\u00f6yd\u00e4t t\u00e4rkeimm\u00e4t asiamme, joiden puolesta kaikki RKP:n ehdokkaat ty\u00f6skentelev\u00e4t.<\/p>\n<p>RKP ty\u00f6skentelee sen puolesta, ett\u00e4 alueemme menestyy kansallisesti ja kansainv\u00e4lisesti. T\u00e4m\u00e4 tarkoittaa my\u00f6s sit\u00e4, ett\u00e4 haluamme, ett\u00e4 terveydenhuolto on korkeatasoista ja kaikkien saatavilla, niin nuorten kuin vanhojenkin. Haluamme, ett\u00e4 jokainen asukas tuntee olonsa turvalliseksi palvelutarpeesta tai el\u00e4m\u00e4nvaiheesta riippumatta.<\/p>\n<h3>SAAVUTETTAVUUS<\/h3>\n<p>Sosiaali- ja terveyshuollon palvelut on oltava helposti saatavilla. Palveluihin pit\u00e4\u00e4 helposti saada yhteys, olipa yhteydenottotapa mik\u00e4 tahansa. Avun pyyt\u00e4miselle pit\u00e4isi olla matala kynnys, oli kyse mist\u00e4 tahansa asiasta. Tarjottavien palveluiden tulisi olla monipuolisia ja vastata olemassa olevaan tarpeeseen.<\/p>\n<p>Hoitoa pit\u00e4\u00e4 saada oikeaan aikaan ja oikealla tasolla. Haluamme keskitty\u00e4 ennaltaehk\u00e4iseviin palveluihin, mutta sairauden tai tapaturman sattuessa sinun pit\u00e4\u00e4 saada laadukasta hoitoa. Keskussairaala on olemassa alueen kaikkia asukkaita varten, ja sinun on saatava hoitoa omalla \u00e4idinkielell\u00e4si.<\/p>\n<p>Maantieteelliset et\u00e4isyydet voidaan vain osittain kuroa umpeen et\u00e4palveluilla. L\u00e4hipalvelupisteet pit\u00e4\u00e4 s\u00e4ilytt\u00e4\u00e4, mutta digitaalisia ja mobiilipalveluja on kehitett\u00e4v\u00e4 voimakkaasti.<\/p>\n<h3>TURVALLISUUS<\/h3>\n<p>Toimivat sosiaalihuollon palvelut on oltava itsest\u00e4\u00e4nselvyys. Ihmisist\u00e4 tulee huolehtia kokonaisuutena, mik\u00e4 tarkoittaa, ett\u00e4 sinua ei saa pallotella luukulta toiselle, vaan palveluiden tulee toimia saumattomasti yhdess\u00e4 sinun ehdoillasi. Psykososiaalisia palveluita tulee olla saatavilla matalalla kynnyksell\u00e4.<\/p>\n<p>Turvallinen vanhustenhoito toteutuu parhaiten laajan palveluvalikoiman avulla. Sinun tulisi tuntea olosi turvalliseksi kotona asuessasi ja luottaa siihen, ett\u00e4 saat apua, kun sit\u00e4 tarvitset. Tarvitaan uusia ratkaisuja, joilla varmistetaan, ett\u00e4 palveluja on riitt\u00e4v\u00e4sti kaikille.<\/p>\n<p>Ambulanssin, palokunnan ja muiden ensihoito- ja pelastuspalvelujen on oltava luotettavia. Sinun on voitava luottaa siihen, ett\u00e4 pahimman sattuessa saat apua, miss\u00e4 ikin\u00e4 oletkin ja mihin vuorokaudenaikaan tahansa. Teemme ty\u00f6t\u00e4 varmistaaksemme riitt\u00e4v\u00e4t resurssit valmiuden yll\u00e4pit\u00e4miseksi, my\u00f6s raja-alueilla, maaseudulla ja saaristoissa.<\/p>\n<h3>LUOTTAMUS<\/h3>\n<p>Hyvinvointialueiden ensimm\u00e4inen vuosi on ollut haastava, ja taloudelliset raamit ovat tiukat. Suomen sosiaali-, terveys- ja pelastuspalvelut ovat maailman parhaita. Haluamme pit\u00e4\u00e4 ne sellaisena, mutta se vaatii kehitt\u00e4mist\u00e4 ja uusia palveluja.<\/p>\n<p>Hyv\u00e4 henkil\u00f6st\u00f6politiikka on avain menestyviin hyvinvointialueisiin. Haluamme luoda ty\u00f6rauhan henkil\u00f6st\u00f6lle. Ty\u00f6ntekij\u00f6ill\u00e4 pit\u00e4\u00e4 olla mahdollisuus vaikuttaa ty\u00f6h\u00f6ns\u00e4 ja suorittaa niit\u00e4 teht\u00e4vi\u00e4, joihin heid\u00e4t on koulutettu. Motivoitunut ja ammattitaitoinen henkil\u00f6st\u00f6 on hyvin toimivien hyvinvointialueiden edellytys.<\/p>\n<p>RKP:n p\u00e4\u00e4tt\u00e4j\u00e4t ovat asiantuntevia ja vastuullisia. Tunnemme alueemme, sen haasteet, vahvuudet ja tarpeet.<\/p>\n<p><img loading=\"lazy\" decoding=\"async\" class=\"alignnone size-medium wp-image-44466\" src=\"https:\/\/val.sfp.fi\/valfardsomradesval\/wp-content\/uploads\/OBMOB-555x600.png\" alt=\"\" width=\"555\" height=\"600\" srcset=\"https:\/\/val.sfp.fi\/valfardsomradesval\/wp-content\/uploads\/OBMOB-555x600.png 555w, https:\/\/val.sfp.fi\/valfardsomradesval\/wp-content\/uploads\/OBMOB-768x830.png 768w, https:\/\/val.sfp.fi\/valfardsomradesval\/wp-content\/uploads\/OBMOB.png 792w\" sizes=\"auto, (max-width: 555px) 100vw, 555px\" \/><\/p>\n<p><strong><a href=\"https:\/\/val.sfp.fi\/valfardsomradesval\/fi\/hyvinvointialue\/pohjanmaa\/\">Takaisin hyvinvointialueelle (Pohjanmaa)<\/a><\/strong><\/p>\n<p><strong><a href=\"https:\/\/val.sfp.fi\/valfardsomradesval\/fi\/hyvinvointialue\/keski-pohjanmaa\/\">Takaisin hyvinvointialueelle (Keski-Pohjanmaa)<\/a><\/strong><\/p>\n<p>&nbsp;<\/p>\n","protected":false},"excerpt":{"rendered":"<p>Takaisin hyvinvointialueelle (Pohjanmaa) Takaisin hyvinvointialueelle (Keski-Pohjanmaa) RKP:N VAALIOHJELMA POHJANMAAN JA KESKI-POHJANMAAN ALUEVAALEISSA Aluevaaleissa \u00e4\u00e4nest\u00e4mme siit\u00e4, miten sairaanhoito, sosiaali- ja terveydenhuolto sek\u00e4 pelastuspalvelut j\u00e4rjestet\u00e4\u00e4n. T\u00e4st\u00e4 vaaliohjelmasta l\u00f6yd\u00e4t t\u00e4rkeimm\u00e4t asiamme, joiden puolesta<a class=\"excerpt-read-more\" href=\"https:\/\/val.sfp.fi\/valfardsomradesval\/fi\/rkp-pohjanmaan-keski-pohjanmaan-vaaliohjelma\/\" title=\"L\u00e4sRKP POHJANMAAN JA KESKI-POHJANMAAN VAALIOHJELMA ALUEVAALEISSA\">&#8230;<\/a><\/p>\n","protected":false},"author":2460,"featured_media":0,"parent":0,"menu_order":0,"comment_status":"closed","ping_status":"closed","template":"","meta":{"_acf_changed":false,"footnotes":""},"class_list":["post-46378","page","type-page","status-publish","hentry"],"acf":[],"yoast_head":"<!-- This site is optimized with the Yoast SEO plugin v27.2 - https:\/\/yoast.com\/product\/yoast-seo-wordpress\/ -->\n<title>RKP POHJANMAAN JA KESKI-POHJANMAAN VAALIOHJELMA ALUEVAALEISSA &#8212; V\u00e4lf\u00e4rdsomr\u00e5desval 2025<\/title>\n<meta name=\"robots\" content=\"index, follow, max-snippet:-1, max-image-preview:large, max-video-preview:-1\" \/>\n<link rel=\"canonical\" href=\"https:\/\/val.sfp.fi\/valfardsomradesval\/fi\/rkp-pohjanmaan-keski-pohjanmaan-vaaliohjelma\/\" \/>\n<meta property=\"og:locale\" content=\"sv_SE\" \/>\n<meta property=\"og:type\" content=\"article\" \/>\n<meta property=\"og:title\" content=\"RKP POHJANMAAN JA KESKI-POHJANMAAN VAALIOHJELMA ALUEVAALEISSA &#8212; V\u00e4lf\u00e4rdsomr\u00e5desval 2025\" \/>\n<meta property=\"og:description\" content=\"Takaisin hyvinvointialueelle (Pohjanmaa) Takaisin hyvinvointialueelle (Keski-Pohjanmaa) RKP:N VAALIOHJELMA POHJANMAAN JA KESKI-POHJANMAAN ALUEVAALEISSA Aluevaaleissa \u00e4\u00e4nest\u00e4mme siit\u00e4, miten sairaanhoito, sosiaali- ja terveydenhuolto sek\u00e4 pelastuspalvelut j\u00e4rjestet\u00e4\u00e4n. T\u00e4st\u00e4 vaaliohjelmasta l\u00f6yd\u00e4t t\u00e4rkeimm\u00e4t asiamme, joiden puolesta...\" \/>\n<meta property=\"og:url\" content=\"https:\/\/val.sfp.fi\/valfardsomradesval\/fi\/rkp-pohjanmaan-keski-pohjanmaan-vaaliohjelma\/\" \/>\n<meta property=\"og:site_name\" content=\"V\u00e4lf\u00e4rdsomr\u00e5desval 2025\" \/>\n<meta property=\"article:publisher\" content=\"https:\/\/www.facebook.com\/sfprkp\/\" \/>\n<meta property=\"article:modified_time\" content=\"2025-03-10T20:46:36+00:00\" \/>\n<meta property=\"og:image\" content=\"https:\/\/val.sfp.fi\/valfardsomradesval\/wp-content\/uploads\/OBMOB.png\" \/>\n\t<meta property=\"og:image:width\" content=\"792\" \/>\n\t<meta property=\"og:image:height\" content=\"856\" \/>\n\t<meta property=\"og:image:type\" content=\"image\/png\" \/>\n<meta name=\"twitter:label1\" content=\"Ber\u00e4knad l\u00e4stid\" \/>\n\t<meta name=\"twitter:data1\" content=\"2 minuter\" \/>\n<script type=\"application\/ld+json\" class=\"yoast-schema-graph\">{\"@context\":\"https:\/\/schema.org\",\"@graph\":[{\"@type\":\"WebPage\",\"@id\":\"https:\/\/val.sfp.fi\/valfardsomradesval\/fi\/rkp-pohjanmaan-keski-pohjanmaan-vaaliohjelma\/\",\"url\":\"https:\/\/val.sfp.fi\/valfardsomradesval\/fi\/rkp-pohjanmaan-keski-pohjanmaan-vaaliohjelma\/\",\"name\":\"RKP POHJANMAAN JA KESKI-POHJANMAAN VAALIOHJELMA ALUEVAALEISSA &#8212; V\u00e4lf\u00e4rdsomr\u00e5desval 2025\",\"isPartOf\":{\"@id\":\"https:\/\/val.sfp.fi\/valfardsomradesval\/#website\"},\"primaryImageOfPage\":{\"@id\":\"https:\/\/val.sfp.fi\/valfardsomradesval\/fi\/rkp-pohjanmaan-keski-pohjanmaan-vaaliohjelma\/#primaryimage\"},\"image\":{\"@id\":\"https:\/\/val.sfp.fi\/valfardsomradesval\/fi\/rkp-pohjanmaan-keski-pohjanmaan-vaaliohjelma\/#primaryimage\"},\"thumbnailUrl\":\"https:\/\/val.sfp.fi\/valfardsomradesval\/wp-content\/uploads\/OBMOB-555x600.png\",\"datePublished\":\"2025-03-10T20:44:08+00:00\",\"dateModified\":\"2025-03-10T20:46:36+00:00\",\"breadcrumb\":{\"@id\":\"https:\/\/val.sfp.fi\/valfardsomradesval\/fi\/rkp-pohjanmaan-keski-pohjanmaan-vaaliohjelma\/#breadcrumb\"},\"inLanguage\":\"sv-SE\",\"potentialAction\":[{\"@type\":\"ReadAction\",\"target\":[\"https:\/\/val.sfp.fi\/valfardsomradesval\/fi\/rkp-pohjanmaan-keski-pohjanmaan-vaaliohjelma\/\"]}]},{\"@type\":\"ImageObject\",\"inLanguage\":\"sv-SE\",\"@id\":\"https:\/\/val.sfp.fi\/valfardsomradesval\/fi\/rkp-pohjanmaan-keski-pohjanmaan-vaaliohjelma\/#primaryimage\",\"url\":\"https:\/\/val.sfp.fi\/valfardsomradesval\/wp-content\/uploads\/OBMOB.png\",\"contentUrl\":\"https:\/\/val.sfp.fi\/valfardsomradesval\/wp-content\/uploads\/OBMOB.png\",\"width\":792,\"height\":856},{\"@type\":\"BreadcrumbList\",\"@id\":\"https:\/\/val.sfp.fi\/valfardsomradesval\/fi\/rkp-pohjanmaan-keski-pohjanmaan-vaaliohjelma\/#breadcrumb\",\"itemListElement\":[{\"@type\":\"ListItem\",\"position\":1,\"name\":\"Home\",\"item\":\"https:\/\/val.sfp.fi\/valfardsomradesval\/\"},{\"@type\":\"ListItem\",\"position\":2,\"name\":\"RKP POHJANMAAN JA KESKI-POHJANMAAN VAALIOHJELMA ALUEVAALEISSA\"}]},{\"@type\":\"WebSite\",\"@id\":\"https:\/\/val.sfp.fi\/valfardsomradesval\/#website\",\"url\":\"https:\/\/val.sfp.fi\/valfardsomradesval\/\",\"name\":\"SFP - V\u00e4lf\u00e4rdsomr\u00e5desval 2025\",\"description\":\"\",\"publisher\":{\"@id\":\"https:\/\/val.sfp.fi\/valfardsomradesval\/#organization\"},\"potentialAction\":[{\"@type\":\"SearchAction\",\"target\":{\"@type\":\"EntryPoint\",\"urlTemplate\":\"https:\/\/val.sfp.fi\/valfardsomradesval\/?s={search_term_string}\"},\"query-input\":{\"@type\":\"PropertyValueSpecification\",\"valueRequired\":true,\"valueName\":\"search_term_string\"}}],\"inLanguage\":\"sv-SE\"},{\"@type\":\"Organization\",\"@id\":\"https:\/\/val.sfp.fi\/valfardsomradesval\/#organization\",\"name\":\"SFP RKP\",\"url\":\"https:\/\/val.sfp.fi\/valfardsomradesval\/\",\"logo\":{\"@type\":\"ImageObject\",\"inLanguage\":\"sv-SE\",\"@id\":\"https:\/\/val.sfp.fi\/valfardsomradesval\/#\/schema\/logo\/image\/\",\"url\":\"https:\/\/val.sfp.fi\/valfardsomradesval\/wp-content\/uploads\/SFP-RKP-logo.jpg\",\"contentUrl\":\"https:\/\/val.sfp.fi\/valfardsomradesval\/wp-content\/uploads\/SFP-RKP-logo.jpg\",\"width\":1483,\"height\":1483,\"caption\":\"SFP RKP\"},\"image\":{\"@id\":\"https:\/\/val.sfp.fi\/valfardsomradesval\/#\/schema\/logo\/image\/\"},\"sameAs\":[\"https:\/\/www.facebook.com\/sfprkp\/\",\"https:\/\/x.com\/sfprkp\",\"https:\/\/www.instagram.com\/sfprkp\/\",\"https:\/\/www.youtube.com\/sfprkp\",\"https:\/\/sv.wikipedia.org\/wiki\/Svenska_folkpartiet\"]}]}<\/script>\n<!-- \/ Yoast SEO plugin. -->","yoast_head_json":{"title":"RKP POHJANMAAN JA KESKI-POHJANMAAN VAALIOHJELMA ALUEVAALEISSA &#8212; V\u00e4lf\u00e4rdsomr\u00e5desval 2025","robots":{"index":"index","follow":"follow","max-snippet":"max-snippet:-1","max-image-preview":"max-image-preview:large","max-video-preview":"max-video-preview:-1"},"canonical":"https:\/\/val.sfp.fi\/valfardsomradesval\/fi\/rkp-pohjanmaan-keski-pohjanmaan-vaaliohjelma\/","og_locale":"sv_SE","og_type":"article","og_title":"RKP POHJANMAAN JA KESKI-POHJANMAAN VAALIOHJELMA ALUEVAALEISSA &#8212; V\u00e4lf\u00e4rdsomr\u00e5desval 2025","og_description":"Takaisin hyvinvointialueelle (Pohjanmaa) Takaisin hyvinvointialueelle (Keski-Pohjanmaa) RKP:N VAALIOHJELMA POHJANMAAN JA KESKI-POHJANMAAN ALUEVAALEISSA Aluevaaleissa \u00e4\u00e4nest\u00e4mme siit\u00e4, miten sairaanhoito, sosiaali- ja terveydenhuolto sek\u00e4 pelastuspalvelut j\u00e4rjestet\u00e4\u00e4n. T\u00e4st\u00e4 vaaliohjelmasta l\u00f6yd\u00e4t t\u00e4rkeimm\u00e4t asiamme, joiden puolesta...","og_url":"https:\/\/val.sfp.fi\/valfardsomradesval\/fi\/rkp-pohjanmaan-keski-pohjanmaan-vaaliohjelma\/","og_site_name":"V\u00e4lf\u00e4rdsomr\u00e5desval 2025","article_publisher":"https:\/\/www.facebook.com\/sfprkp\/","article_modified_time":"2025-03-10T20:46:36+00:00","og_image":[{"width":792,"height":856,"url":"https:\/\/val.sfp.fi\/valfardsomradesval\/wp-content\/uploads\/OBMOB.png","type":"image\/png"}],"twitter_misc":{"Ber\u00e4knad l\u00e4stid":"2 minuter"},"schema":{"@context":"https:\/\/schema.org","@graph":[{"@type":"WebPage","@id":"https:\/\/val.sfp.fi\/valfardsomradesval\/fi\/rkp-pohjanmaan-keski-pohjanmaan-vaaliohjelma\/","url":"https:\/\/val.sfp.fi\/valfardsomradesval\/fi\/rkp-pohjanmaan-keski-pohjanmaan-vaaliohjelma\/","name":"RKP POHJANMAAN JA KESKI-POHJANMAAN VAALIOHJELMA ALUEVAALEISSA &#8212; V\u00e4lf\u00e4rdsomr\u00e5desval 2025","isPartOf":{"@id":"https:\/\/val.sfp.fi\/valfardsomradesval\/#website"},"primaryImageOfPage":{"@id":"https:\/\/val.sfp.fi\/valfardsomradesval\/fi\/rkp-pohjanmaan-keski-pohjanmaan-vaaliohjelma\/#primaryimage"},"image":{"@id":"https:\/\/val.sfp.fi\/valfardsomradesval\/fi\/rkp-pohjanmaan-keski-pohjanmaan-vaaliohjelma\/#primaryimage"},"thumbnailUrl":"https:\/\/val.sfp.fi\/valfardsomradesval\/wp-content\/uploads\/OBMOB-555x600.png","datePublished":"2025-03-10T20:44:08+00:00","dateModified":"2025-03-10T20:46:36+00:00","breadcrumb":{"@id":"https:\/\/val.sfp.fi\/valfardsomradesval\/fi\/rkp-pohjanmaan-keski-pohjanmaan-vaaliohjelma\/#breadcrumb"},"inLanguage":"sv-SE","potentialAction":[{"@type":"ReadAction","target":["https:\/\/val.sfp.fi\/valfardsomradesval\/fi\/rkp-pohjanmaan-keski-pohjanmaan-vaaliohjelma\/"]}]},{"@type":"ImageObject","inLanguage":"sv-SE","@id":"https:\/\/val.sfp.fi\/valfardsomradesval\/fi\/rkp-pohjanmaan-keski-pohjanmaan-vaaliohjelma\/#primaryimage","url":"https:\/\/val.sfp.fi\/valfardsomradesval\/wp-content\/uploads\/OBMOB.png","contentUrl":"https:\/\/val.sfp.fi\/valfardsomradesval\/wp-content\/uploads\/OBMOB.png","width":792,"height":856},{"@type":"BreadcrumbList","@id":"https:\/\/val.sfp.fi\/valfardsomradesval\/fi\/rkp-pohjanmaan-keski-pohjanmaan-vaaliohjelma\/#breadcrumb","itemListElement":[{"@type":"ListItem","position":1,"name":"Home","item":"https:\/\/val.sfp.fi\/valfardsomradesval\/"},{"@type":"ListItem","position":2,"name":"RKP POHJANMAAN JA KESKI-POHJANMAAN VAALIOHJELMA ALUEVAALEISSA"}]},{"@type":"WebSite","@id":"https:\/\/val.sfp.fi\/valfardsomradesval\/#website","url":"https:\/\/val.sfp.fi\/valfardsomradesval\/","name":"SFP - V\u00e4lf\u00e4rdsomr\u00e5desval 2025","description":"","publisher":{"@id":"https:\/\/val.sfp.fi\/valfardsomradesval\/#organization"},"potentialAction":[{"@type":"SearchAction","target":{"@type":"EntryPoint","urlTemplate":"https:\/\/val.sfp.fi\/valfardsomradesval\/?s={search_term_string}"},"query-input":{"@type":"PropertyValueSpecification","valueRequired":true,"valueName":"search_term_string"}}],"inLanguage":"sv-SE"},{"@type":"Organization","@id":"https:\/\/val.sfp.fi\/valfardsomradesval\/#organization","name":"SFP RKP","url":"https:\/\/val.sfp.fi\/valfardsomradesval\/","logo":{"@type":"ImageObject","inLanguage":"sv-SE","@id":"https:\/\/val.sfp.fi\/valfardsomradesval\/#\/schema\/logo\/image\/","url":"https:\/\/val.sfp.fi\/valfardsomradesval\/wp-content\/uploads\/SFP-RKP-logo.jpg","contentUrl":"https:\/\/val.sfp.fi\/valfardsomradesval\/wp-content\/uploads\/SFP-RKP-logo.jpg","width":1483,"height":1483,"caption":"SFP RKP"},"image":{"@id":"https:\/\/val.sfp.fi\/valfardsomradesval\/#\/schema\/logo\/image\/"},"sameAs":["https:\/\/www.facebook.com\/sfprkp\/","https:\/\/x.com\/sfprkp","https:\/\/www.instagram.com\/sfprkp\/","https:\/\/www.youtube.com\/sfprkp","https:\/\/sv.wikipedia.org\/wiki\/Svenska_folkpartiet"]}]}},"lang":"fi","translations":{"fi":46378,"sv":44465,"en":46406},"pll_sync_post":[],"_links":{"self":[{"href":"https:\/\/val.sfp.fi\/valfardsomradesval\/wp-json\/wp\/v2\/pages\/46378","targetHints":{"allow":["GET"]}}],"collection":[{"href":"https:\/\/val.sfp.fi\/valfardsomradesval\/wp-json\/wp\/v2\/pages"}],"about":[{"href":"https:\/\/val.sfp.fi\/valfardsomradesval\/wp-json\/wp\/v2\/types\/page"}],"author":[{"embeddable":true,"href":"https:\/\/val.sfp.fi\/valfardsomradesval\/wp-json\/wp\/v2\/users\/2460"}],"replies":[{"embeddable":true,"href":"https:\/\/val.sfp.fi\/valfardsomradesval\/wp-json\/wp\/v2\/comments?post=46378"}],"version-history":[{"count":2,"href":"https:\/\/val.sfp.fi\/valfardsomradesval\/wp-json\/wp\/v2\/pages\/46378\/revisions"}],"predecessor-version":[{"id":46380,"href":"https:\/\/val.sfp.fi\/valfardsomradesval\/wp-json\/wp\/v2\/pages\/46378\/revisions\/46380"}],"wp:attachment":[{"href":"https:\/\/val.sfp.fi\/valfardsomradesval\/wp-json\/wp\/v2\/media?parent=46378"}],"curies":[{"name":"wp","href":"https:\/\/api.w.org\/{rel}","templated":true}]}}