{"id":46327,"date":"2025-03-10T12:00:53","date_gmt":"2025-03-10T10:00:53","guid":{"rendered":"https:\/\/val.sfp.fi\/valfardsomradesval\/?page_id=46327"},"modified":"2025-03-10T22:47:06","modified_gmt":"2025-03-10T20:47:06","slug":"rkp-ita-uudenmaan-vaaliohjelma-aluevaaleissa","status":"publish","type":"page","link":"https:\/\/val.sfp.fi\/valfardsomradesval\/fi\/rkp-ita-uudenmaan-vaaliohjelma-aluevaaleissa\/","title":{"rendered":"RKP It\u00e4-Uudenmaan vaaliohjelma aluevaaleissa"},"content":{"rendered":"<p><a href=\"https:\/\/val.sfp.fi\/valfardsomradesval\/fi\/hyvinvointialue\/ita-uusimaa\/\">Takaisin hyvinvointialueelle (It\u00e4-Uusimaa)<\/a><\/p>\n<p>RKP pyrkii varmistamaan, ett\u00e4 hoito on korkealaatuista ja kaikkien saatavilla riippumatta asuinpaikkaa, tulotasoa tai \u00e4idinkielt\u00e4. Haluamme kaikkien asukkaiden tuntevan olonsa turvalliseksi riippumatta siit\u00e4, mit\u00e4 palvelutarpeita heill\u00e4 on tai miss\u00e4 el\u00e4m\u00e4nvaiheessa he ovat.<\/p>\n<p>Sosiaali- ja terveydenhuollon tulee olla saatavilla helposti. Hoitoon p\u00e4\u00e4sy tulee olla helppoa riippumatta siit\u00e4, mit\u00e4 yhteydenottotapaa haluat. Avun pyyt\u00e4misen kynnyksen tulee olla matala riippumatta siit\u00e4, mist\u00e4 on kyse. Tarjottavien palveluiden tulee olla monipuolisia ja vastata olemassa oleviin tarpeisiin. Sinun tulee saada tarvitsemaasi hoitoa ja apua, eik\u00e4 sinua saa pompottaa luukusta luukkuun. Sinun tulee saada hoitoa omalla \u00e4idinkielell\u00e4si. Jokaisessa kunnassa pit\u00e4\u00e4 olla fyysinen l\u00e4hipalvelupiste samalla kun digitaalisia ja mobiilipalveluita on kehitett\u00e4v\u00e4 voimakkaasti.<\/p>\n<p>Turvallinen vanhustenhoito saavutetaan parhaiten monipuolisella palveluvalikoimalla. Kotona asuessasi sinun tulee tuntea olosi turvalliseksi ja olla varma, ett\u00e4 saat apua, kun sit\u00e4 tarvitset. Tarvitaan uusia ratkaisuja, jotta palvelut riitt\u00e4isiv\u00e4t kaikille.<\/p>\n<p>Ambulanssin, palokunnan ja muiden pelastuspalvelujen on oltava luotettavia. Sinun pit\u00e4isi voida luottaa siihen, ett\u00e4 apua tulee, jos pahin tapahtuu, paikasta tai kellonajasta riippumatta. Pyrimme turvaamaan riitt\u00e4v\u00e4t resurssit valmiuden yll\u00e4pit\u00e4miseen koko alueelle, my\u00f6s maaseudulle ja saaristoon.<\/p>\n<p>Hyv\u00e4 henkil\u00f6st\u00f6politiikka on avain hyvinvointialueiden menestykseen. Haluamme luoda ty\u00f6rauhaa henkil\u00f6kunnalle. Ty\u00f6ntekij\u00f6iden on voitava vaikuttaa ty\u00f6h\u00f6ns\u00e4 ja heid\u00e4n on voitava suorittaa teht\u00e4v\u00e4t, joihin heid\u00e4t on koulutettu. Motivoitunut ja osaava henkil\u00f6kunta on hyvinvointialueiden toiminnan edellytys.<\/p>\n<p><strong>RKP:N VALTUUSTORYHM\u00c4 IT\u00c4-\u00a0UUDENMAAN HYVINVOINTIALUUEELLA\u00a0TEKEE T\u00d6IT\u00c4 SEN ETEEN ETT\u00c4<\/strong><\/p>\n<ul>\n<li><span style=\"font-weight: 400;\"> yhteydenotto terveydenhuoltoon olisi helppoa<\/span><\/li>\n<li><span style=\"font-weight: 400;\"> terveydenhuolto toimii It\u00e4-Uudellamaalla<\/span><\/li>\n<li><span style=\"font-weight: 400;\"> jokaisessa kunnassa olisi fyysinen palvelupiste<\/span><\/li>\n<li><span style=\"font-weight: 400;\"> HUS investoi yhdess\u00e4 hyvinvointialueen kanssa uuteen hyvinvointikampukseen, jossa tarjotaan sek\u00e4 erikoissairaanhoitoa ett\u00e4 perusterveydenhuoltoa<\/span><\/li>\n<li><span style=\"font-weight: 400;\"> vuokraty\u00f6voiman k\u00e4ytt\u00f6\u00e4 terveydenhuollossa v\u00e4hennett\u00e4isiin <\/span>ja palkattaisiin enemm\u00e4n omaa henkil\u00f6st\u00f6\u00e4<\/li>\n<li><span style=\"font-weight: 400;\"> ruotsin kielen asema hyvinvointialueella turvattaisiin<\/span><\/li>\n<li><span style=\"font-weight: 400;\">ik\u00e4ihmisten hoito l\u00e4hipalveluna olisi saatavilla my\u00f6s alueen <\/span>syrj\u00e4seuduilla<\/li>\n<li><span style=\"font-weight: 400;\"> hyvinvointialue panostaisi ennaltaehk\u00e4isev\u00e4\u00e4n toimintaan ja <\/span>varhaiseen hoitoon<\/li>\n<li><span style=\"font-weight: 400;\"> jokaisella olisi oma l\u00e4\u00e4k\u00e4ri l\u00e4hell\u00e4, joka osaa omaa kielt\u00e4si <\/span><span style=\"font-weight: 400;\">l\u00e4hell\u00e4si olisi palokunta, joka<\/span>voi auttaa tulipalon tai onnettomuuden sattuessa<\/li>\n<\/ul>\n","protected":false},"excerpt":{"rendered":"<p>Takaisin hyvinvointialueelle (It\u00e4-Uusimaa) RKP pyrkii varmistamaan, ett\u00e4 hoito on korkealaatuista ja kaikkien saatavilla riippumatta asuinpaikkaa, tulotasoa tai \u00e4idinkielt\u00e4. Haluamme kaikkien asukkaiden tuntevan olonsa turvalliseksi riippumatta siit\u00e4, mit\u00e4 palvelutarpeita heill\u00e4 on<a class=\"excerpt-read-more\" href=\"https:\/\/val.sfp.fi\/valfardsomradesval\/fi\/rkp-ita-uudenmaan-vaaliohjelma-aluevaaleissa\/\" title=\"L\u00e4sRKP It\u00e4-Uudenmaan vaaliohjelma aluevaaleissa\">&#8230;<\/a><\/p>\n","protected":false},"author":2460,"featured_media":0,"parent":0,"menu_order":0,"comment_status":"closed","ping_status":"closed","template":"","meta":{"_acf_changed":false,"footnotes":""},"class_list":["post-46327","page","type-page","status-publish","hentry"],"acf":[],"yoast_head":"<!-- This site is optimized with the Yoast SEO plugin v27.2 - https:\/\/yoast.com\/product\/yoast-seo-wordpress\/ -->\n<title>RKP It\u00e4-Uudenmaan vaaliohjelma aluevaaleissa &#8212; V\u00e4lf\u00e4rdsomr\u00e5desval 2025<\/title>\n<meta name=\"robots\" content=\"index, follow, max-snippet:-1, max-image-preview:large, max-video-preview:-1\" \/>\n<link rel=\"canonical\" href=\"https:\/\/val.sfp.fi\/valfardsomradesval\/fi\/rkp-ita-uudenmaan-vaaliohjelma-aluevaaleissa\/\" \/>\n<meta property=\"og:locale\" content=\"sv_SE\" \/>\n<meta property=\"og:type\" content=\"article\" \/>\n<meta property=\"og:title\" content=\"RKP It\u00e4-Uudenmaan vaaliohjelma aluevaaleissa &#8212; V\u00e4lf\u00e4rdsomr\u00e5desval 2025\" \/>\n<meta property=\"og:description\" content=\"Takaisin hyvinvointialueelle (It\u00e4-Uusimaa) RKP pyrkii varmistamaan, ett\u00e4 hoito on korkealaatuista ja kaikkien saatavilla riippumatta asuinpaikkaa, tulotasoa tai \u00e4idinkielt\u00e4. Haluamme kaikkien asukkaiden tuntevan olonsa turvalliseksi riippumatta siit\u00e4, mit\u00e4 palvelutarpeita heill\u00e4 on...\" \/>\n<meta property=\"og:url\" content=\"https:\/\/val.sfp.fi\/valfardsomradesval\/fi\/rkp-ita-uudenmaan-vaaliohjelma-aluevaaleissa\/\" \/>\n<meta property=\"og:site_name\" content=\"V\u00e4lf\u00e4rdsomr\u00e5desval 2025\" \/>\n<meta property=\"article:publisher\" content=\"https:\/\/www.facebook.com\/sfprkp\/\" \/>\n<meta property=\"article:modified_time\" content=\"2025-03-10T20:47:06+00:00\" \/>\n<meta property=\"og:image\" content=\"https:\/\/val.sfp.fi\/valfardsomradesval\/wp-content\/uploads\/SFP-RKP-logo.jpg\" \/>\n\t<meta property=\"og:image:width\" content=\"1483\" \/>\n\t<meta property=\"og:image:height\" content=\"1483\" \/>\n\t<meta property=\"og:image:type\" content=\"image\/jpeg\" \/>\n<meta name=\"twitter:label1\" content=\"Ber\u00e4knad l\u00e4stid\" \/>\n\t<meta name=\"twitter:data1\" content=\"2 minuter\" \/>\n<script type=\"application\/ld+json\" class=\"yoast-schema-graph\">{\"@context\":\"https:\/\/schema.org\",\"@graph\":[{\"@type\":\"WebPage\",\"@id\":\"https:\/\/val.sfp.fi\/valfardsomradesval\/fi\/rkp-ita-uudenmaan-vaaliohjelma-aluevaaleissa\/\",\"url\":\"https:\/\/val.sfp.fi\/valfardsomradesval\/fi\/rkp-ita-uudenmaan-vaaliohjelma-aluevaaleissa\/\",\"name\":\"RKP It\u00e4-Uudenmaan vaaliohjelma aluevaaleissa &#8212; V\u00e4lf\u00e4rdsomr\u00e5desval 2025\",\"isPartOf\":{\"@id\":\"https:\/\/val.sfp.fi\/valfardsomradesval\/#website\"},\"datePublished\":\"2025-03-10T10:00:53+00:00\",\"dateModified\":\"2025-03-10T20:47:06+00:00\",\"breadcrumb\":{\"@id\":\"https:\/\/val.sfp.fi\/valfardsomradesval\/fi\/rkp-ita-uudenmaan-vaaliohjelma-aluevaaleissa\/#breadcrumb\"},\"inLanguage\":\"sv-SE\",\"potentialAction\":[{\"@type\":\"ReadAction\",\"target\":[\"https:\/\/val.sfp.fi\/valfardsomradesval\/fi\/rkp-ita-uudenmaan-vaaliohjelma-aluevaaleissa\/\"]}]},{\"@type\":\"BreadcrumbList\",\"@id\":\"https:\/\/val.sfp.fi\/valfardsomradesval\/fi\/rkp-ita-uudenmaan-vaaliohjelma-aluevaaleissa\/#breadcrumb\",\"itemListElement\":[{\"@type\":\"ListItem\",\"position\":1,\"name\":\"Home\",\"item\":\"https:\/\/val.sfp.fi\/valfardsomradesval\/\"},{\"@type\":\"ListItem\",\"position\":2,\"name\":\"RKP It\u00e4-Uudenmaan vaaliohjelma aluevaaleissa\"}]},{\"@type\":\"WebSite\",\"@id\":\"https:\/\/val.sfp.fi\/valfardsomradesval\/#website\",\"url\":\"https:\/\/val.sfp.fi\/valfardsomradesval\/\",\"name\":\"SFP - V\u00e4lf\u00e4rdsomr\u00e5desval 2025\",\"description\":\"\",\"publisher\":{\"@id\":\"https:\/\/val.sfp.fi\/valfardsomradesval\/#organization\"},\"potentialAction\":[{\"@type\":\"SearchAction\",\"target\":{\"@type\":\"EntryPoint\",\"urlTemplate\":\"https:\/\/val.sfp.fi\/valfardsomradesval\/?s={search_term_string}\"},\"query-input\":{\"@type\":\"PropertyValueSpecification\",\"valueRequired\":true,\"valueName\":\"search_term_string\"}}],\"inLanguage\":\"sv-SE\"},{\"@type\":\"Organization\",\"@id\":\"https:\/\/val.sfp.fi\/valfardsomradesval\/#organization\",\"name\":\"SFP RKP\",\"url\":\"https:\/\/val.sfp.fi\/valfardsomradesval\/\",\"logo\":{\"@type\":\"ImageObject\",\"inLanguage\":\"sv-SE\",\"@id\":\"https:\/\/val.sfp.fi\/valfardsomradesval\/#\/schema\/logo\/image\/\",\"url\":\"https:\/\/val.sfp.fi\/valfardsomradesval\/wp-content\/uploads\/SFP-RKP-logo.jpg\",\"contentUrl\":\"https:\/\/val.sfp.fi\/valfardsomradesval\/wp-content\/uploads\/SFP-RKP-logo.jpg\",\"width\":1483,\"height\":1483,\"caption\":\"SFP RKP\"},\"image\":{\"@id\":\"https:\/\/val.sfp.fi\/valfardsomradesval\/#\/schema\/logo\/image\/\"},\"sameAs\":[\"https:\/\/www.facebook.com\/sfprkp\/\",\"https:\/\/x.com\/sfprkp\",\"https:\/\/www.instagram.com\/sfprkp\/\",\"https:\/\/www.youtube.com\/sfprkp\",\"https:\/\/sv.wikipedia.org\/wiki\/Svenska_folkpartiet\"]}]}<\/script>\n<!-- \/ Yoast SEO plugin. -->","yoast_head_json":{"title":"RKP It\u00e4-Uudenmaan vaaliohjelma aluevaaleissa &#8212; V\u00e4lf\u00e4rdsomr\u00e5desval 2025","robots":{"index":"index","follow":"follow","max-snippet":"max-snippet:-1","max-image-preview":"max-image-preview:large","max-video-preview":"max-video-preview:-1"},"canonical":"https:\/\/val.sfp.fi\/valfardsomradesval\/fi\/rkp-ita-uudenmaan-vaaliohjelma-aluevaaleissa\/","og_locale":"sv_SE","og_type":"article","og_title":"RKP It\u00e4-Uudenmaan vaaliohjelma aluevaaleissa &#8212; V\u00e4lf\u00e4rdsomr\u00e5desval 2025","og_description":"Takaisin hyvinvointialueelle (It\u00e4-Uusimaa) RKP pyrkii varmistamaan, ett\u00e4 hoito on korkealaatuista ja kaikkien saatavilla riippumatta asuinpaikkaa, tulotasoa tai \u00e4idinkielt\u00e4. Haluamme kaikkien asukkaiden tuntevan olonsa turvalliseksi riippumatta siit\u00e4, mit\u00e4 palvelutarpeita heill\u00e4 on...","og_url":"https:\/\/val.sfp.fi\/valfardsomradesval\/fi\/rkp-ita-uudenmaan-vaaliohjelma-aluevaaleissa\/","og_site_name":"V\u00e4lf\u00e4rdsomr\u00e5desval 2025","article_publisher":"https:\/\/www.facebook.com\/sfprkp\/","article_modified_time":"2025-03-10T20:47:06+00:00","og_image":[{"width":1483,"height":1483,"url":"https:\/\/val.sfp.fi\/valfardsomradesval\/wp-content\/uploads\/SFP-RKP-logo.jpg","type":"image\/jpeg"}],"twitter_misc":{"Ber\u00e4knad l\u00e4stid":"2 minuter"},"schema":{"@context":"https:\/\/schema.org","@graph":[{"@type":"WebPage","@id":"https:\/\/val.sfp.fi\/valfardsomradesval\/fi\/rkp-ita-uudenmaan-vaaliohjelma-aluevaaleissa\/","url":"https:\/\/val.sfp.fi\/valfardsomradesval\/fi\/rkp-ita-uudenmaan-vaaliohjelma-aluevaaleissa\/","name":"RKP It\u00e4-Uudenmaan vaaliohjelma aluevaaleissa &#8212; V\u00e4lf\u00e4rdsomr\u00e5desval 2025","isPartOf":{"@id":"https:\/\/val.sfp.fi\/valfardsomradesval\/#website"},"datePublished":"2025-03-10T10:00:53+00:00","dateModified":"2025-03-10T20:47:06+00:00","breadcrumb":{"@id":"https:\/\/val.sfp.fi\/valfardsomradesval\/fi\/rkp-ita-uudenmaan-vaaliohjelma-aluevaaleissa\/#breadcrumb"},"inLanguage":"sv-SE","potentialAction":[{"@type":"ReadAction","target":["https:\/\/val.sfp.fi\/valfardsomradesval\/fi\/rkp-ita-uudenmaan-vaaliohjelma-aluevaaleissa\/"]}]},{"@type":"BreadcrumbList","@id":"https:\/\/val.sfp.fi\/valfardsomradesval\/fi\/rkp-ita-uudenmaan-vaaliohjelma-aluevaaleissa\/#breadcrumb","itemListElement":[{"@type":"ListItem","position":1,"name":"Home","item":"https:\/\/val.sfp.fi\/valfardsomradesval\/"},{"@type":"ListItem","position":2,"name":"RKP It\u00e4-Uudenmaan vaaliohjelma aluevaaleissa"}]},{"@type":"WebSite","@id":"https:\/\/val.sfp.fi\/valfardsomradesval\/#website","url":"https:\/\/val.sfp.fi\/valfardsomradesval\/","name":"SFP - V\u00e4lf\u00e4rdsomr\u00e5desval 2025","description":"","publisher":{"@id":"https:\/\/val.sfp.fi\/valfardsomradesval\/#organization"},"potentialAction":[{"@type":"SearchAction","target":{"@type":"EntryPoint","urlTemplate":"https:\/\/val.sfp.fi\/valfardsomradesval\/?s={search_term_string}"},"query-input":{"@type":"PropertyValueSpecification","valueRequired":true,"valueName":"search_term_string"}}],"inLanguage":"sv-SE"},{"@type":"Organization","@id":"https:\/\/val.sfp.fi\/valfardsomradesval\/#organization","name":"SFP RKP","url":"https:\/\/val.sfp.fi\/valfardsomradesval\/","logo":{"@type":"ImageObject","inLanguage":"sv-SE","@id":"https:\/\/val.sfp.fi\/valfardsomradesval\/#\/schema\/logo\/image\/","url":"https:\/\/val.sfp.fi\/valfardsomradesval\/wp-content\/uploads\/SFP-RKP-logo.jpg","contentUrl":"https:\/\/val.sfp.fi\/valfardsomradesval\/wp-content\/uploads\/SFP-RKP-logo.jpg","width":1483,"height":1483,"caption":"SFP RKP"},"image":{"@id":"https:\/\/val.sfp.fi\/valfardsomradesval\/#\/schema\/logo\/image\/"},"sameAs":["https:\/\/www.facebook.com\/sfprkp\/","https:\/\/x.com\/sfprkp","https:\/\/www.instagram.com\/sfprkp\/","https:\/\/www.youtube.com\/sfprkp","https:\/\/sv.wikipedia.org\/wiki\/Svenska_folkpartiet"]}]}},"lang":"fi","translations":{"fi":46327,"sv":44786,"en":46332},"pll_sync_post":[],"_links":{"self":[{"href":"https:\/\/val.sfp.fi\/valfardsomradesval\/wp-json\/wp\/v2\/pages\/46327","targetHints":{"allow":["GET"]}}],"collection":[{"href":"https:\/\/val.sfp.fi\/valfardsomradesval\/wp-json\/wp\/v2\/pages"}],"about":[{"href":"https:\/\/val.sfp.fi\/valfardsomradesval\/wp-json\/wp\/v2\/types\/page"}],"author":[{"embeddable":true,"href":"https:\/\/val.sfp.fi\/valfardsomradesval\/wp-json\/wp\/v2\/users\/2460"}],"replies":[{"embeddable":true,"href":"https:\/\/val.sfp.fi\/valfardsomradesval\/wp-json\/wp\/v2\/comments?post=46327"}],"version-history":[{"count":3,"href":"https:\/\/val.sfp.fi\/valfardsomradesval\/wp-json\/wp\/v2\/pages\/46327\/revisions"}],"predecessor-version":[{"id":46381,"href":"https:\/\/val.sfp.fi\/valfardsomradesval\/wp-json\/wp\/v2\/pages\/46327\/revisions\/46381"}],"wp:attachment":[{"href":"https:\/\/val.sfp.fi\/valfardsomradesval\/wp-json\/wp\/v2\/media?parent=46327"}],"curies":[{"name":"wp","href":"https:\/\/api.w.org\/{rel}","templated":true}]}}