{"id":46299,"date":"2025-03-08T19:29:52","date_gmt":"2025-03-08T17:29:52","guid":{"rendered":"https:\/\/val.sfp.fi\/valfardsomradesval\/?page_id=46299"},"modified":"2025-03-08T19:29:52","modified_gmt":"2025-03-08T17:29:52","slug":"valprogram-for-vanda-kervo-valfardsomrade","status":"publish","type":"page","link":"https:\/\/val.sfp.fi\/valfardsomradesval\/valprogram-for-vanda-kervo-valfardsomrade\/","title":{"rendered":"Valprogram f\u00f6r Vanda och Kervo v\u00e4lf\u00e4rdsomr\u00e5de"},"content":{"rendered":"<p><strong><a href=\"https:\/\/val.sfp.fi\/valfardsomradesval\/valfardsomrade\/vanda-kervo\/\">Tillbaka till v\u00e4lf\u00e4rdsomr\u00e5det<\/a><\/strong><\/p>\n<p>SFP jobbar f\u00f6r att v\u00e5rden ska vara h\u00f6gklassig och tillg\u00e4nglig f\u00f6r alla, oavsett bostadsort, inkomst eller modersm\u00e5l. Vi vill att alla inv\u00e5nare ska k\u00e4nna sig trygga oberoende av vilket behov av service man har eller i vilket skede av livet man befinner sig i.<\/p>\n<p>Social- och h\u00e4lsov\u00e5rden ska vara tillg\u00e4nglig. Det ska vara l\u00e4tt att f\u00e5 kontakt med v\u00e5rden, oavsett vilket kontakts\u00e4tt du f\u00f6redrar. Det ska vara l\u00e5g tr\u00f6skel f\u00f6r att be om hj\u00e4lp, oavsett vad det handlar om. Tj\u00e4nsterna som erbjuds ska vara m\u00e5ngsidiga och svara p\u00e5 det behov som finns. Du ska f\u00e5 den v\u00e5rd och hj\u00e4lp du beh\u00f6ver, och inte bollas fr\u00e5n lucka till lucka. Du ska f\u00e5 v\u00e5rd p\u00e5 eget modersm\u00e5l. De geografiska avst\u00e5ndena kan endast delvis \u00f6verbyggas av distanstj\u00e4nster. Punkter f\u00f6r n\u00e4rservice ska finnas kvar men de digitala och mobila tj\u00e4nsterna beh\u00f6ver utvecklas kraftigt.<\/p>\n<p>En trygg \u00e4ldreomsorg \u00e5stadkommer vi b\u00e4st genom ett brett utbud av tj\u00e4nster. Du ska k\u00e4nna dig trygg att bo hemma och kunna vara s\u00e4ker p\u00e5 att du f\u00e5r hj\u00e4lp n\u00e4r du beh\u00f6ver det. Nya l\u00f6sningar beh\u00f6vs f\u00f6r att tj\u00e4nsterna ska r\u00e4cka till alla.<\/p>\n<p>Ambulans, brandk\u00e5r och andra r\u00e4ddningstj\u00e4nster ska vara p\u00e5litliga. Du ska kunna lita p\u00e5 att hj\u00e4lp kommer, om det v\u00e4rsta skulle h\u00e4nda, oavsett plats eller tid p\u00e5 dygnet. Vi jobbar f\u00f6r att trygga tillr\u00e4ckliga resurser f\u00f6r att uppr\u00e4tth\u00e5lla beredskapen, \u00e4ven i gr\u00e4nsomr\u00e5den, p\u00e5 landsbygden och i sk\u00e4rg\u00e5rden.<\/p>\n<p>En bra personalpolitik \u00e4r nyckeln till v\u00e4lf\u00e4rdsomr\u00e5denas framg\u00e5ng. Vi vill skapa arbetsro f\u00f6r personalen. Anst\u00e4llda ska kunna p\u00e5verka sitt jobb och de ska f\u00e5 utf\u00f6ra de uppgifter de \u00e4r utbildade till. En motiverad och kunnig personal \u00e4r en f\u00f6ruts\u00e4ttning f\u00f6r fungerande v\u00e4lf\u00e4rdsomr\u00e5den.<\/p>\n<p><strong>SFP:S FULLM\u00c4KTIGEGRUPP I VANDA OCH KERVO V\u00c4LF\u00c4RDSOMR\u00c5DE JOBBAR F\u00d6R<\/strong><\/p>\n<p>\u2022 att st\u00e4rka det svenska spr\u00e5kets st\u00e4llning inom v\u00e4lf\u00e4rdsomr\u00e5det<br \/>\n\u2022 fungerande telefonservice p\u00e5 b\u00e5da nationalspr\u00e5ken<br \/>\n\u2022 en fungerande h\u00e4lsoteam-modell<br \/>\n\u2022 insatser som f\u00f6rb\u00e4ttrar tillg\u00e4ngligheten genom olika mobila tj\u00e4nster, som tandkliniksbussar, samt f\u00f6rb\u00e4ttrade digitala tj\u00e4nster<br \/>\n\u2022 att avtalsbrandk\u00e5rernas verksamhetsf\u00f6ruts\u00e4ttningar st\u00e4rks f\u00f6r att trygga tillg\u00e5ngen till r\u00e4ddningstj\u00e4nster i hela omr\u00e5det<br \/>\n\u2022 att det skall finnas tillr\u00e4ckligt med enheter f\u00f6r \u00e4ldreboenden \u00e4ven p\u00e5 svenska<br \/>\n\u2022 att tillr\u00e4ckliga spr\u00e5ktill\u00e4gg anv\u00e4nds och att andra spr\u00e5k \u00e4n svenska och finska ocks\u00e5 premieras<br \/>\n\u2022 minskad anv\u00e4ndning av inhyrd arbetskraft och mer egen personal<br \/>\n\u2022 satsningar p\u00e5 en b\u00e4ttre arbetsh\u00e4lsa, v\u00e4lbefinnande och trivsel i arbetet, gott ledarskap, j\u00e4mst\u00e4lldhet och konkurrenskraftiga l\u00f6ner<br \/>\n\u2022 att samarbetet mellan kommunerna, tredje sektorn och v\u00e4lf\u00e4rdsomr\u00e5det fungerar<br \/>\n\u2022 att det i grundskolan och p\u00e5 andra stadiet ska finnas en skolh\u00e4lsov\u00e5rdare, skolpsykolog och kurator per 500 elever eller studerande<br \/>\n\u2022 att utveckla seniorr\u00e5dgivning och f\u00f6rebyggande h\u00e4lsobes\u00f6k f\u00f6r de \u00e4ldre<br \/>\n\u2022 att n\u00e4rsjukhuset Pejas ska utvecklas och f\u00f6rstoras och att delar av specialsjukv\u00e5rden b\u00f6r kunna ges som egen service<\/p>\n<p><strong><a href=\"https:\/\/val.sfp.fi\/valfardsomradesval\/valfardsomrade\/vanda-kervo\/\">Tillbaka till v\u00e4lf\u00e4rdsomr\u00e5det<\/a><\/strong><\/p>\n","protected":false},"excerpt":{"rendered":"<p>Tillbaka till v\u00e4lf\u00e4rdsomr\u00e5det SFP jobbar f\u00f6r att v\u00e5rden ska vara h\u00f6gklassig och tillg\u00e4nglig f\u00f6r alla, oavsett bostadsort, inkomst eller modersm\u00e5l. Vi vill att alla inv\u00e5nare ska k\u00e4nna sig trygga oberoende<a class=\"excerpt-read-more\" href=\"https:\/\/val.sfp.fi\/valfardsomradesval\/valprogram-for-vanda-kervo-valfardsomrade\/\" title=\"L\u00e4sValprogram f\u00f6r Vanda och Kervo v\u00e4lf\u00e4rdsomr\u00e5de\">&#8230;<\/a><\/p>\n","protected":false},"author":2460,"featured_media":0,"parent":0,"menu_order":0,"comment_status":"closed","ping_status":"closed","template":"","meta":{"_acf_changed":false,"footnotes":""},"class_list":["post-46299","page","type-page","status-publish","hentry"],"acf":[],"yoast_head":"<!-- This site is optimized with the Yoast SEO plugin v27.2 - https:\/\/yoast.com\/product\/yoast-seo-wordpress\/ -->\n<title>Valprogram f\u00f6r Vanda och Kervo v\u00e4lf\u00e4rdsomr\u00e5de &#8212; V\u00e4lf\u00e4rdsomr\u00e5desval 2025<\/title>\n<meta name=\"robots\" content=\"index, follow, max-snippet:-1, max-image-preview:large, max-video-preview:-1\" \/>\n<link rel=\"canonical\" href=\"https:\/\/val.sfp.fi\/valfardsomradesval\/valprogram-for-vanda-kervo-valfardsomrade\/\" \/>\n<meta property=\"og:locale\" content=\"sv_SE\" \/>\n<meta property=\"og:type\" content=\"article\" \/>\n<meta property=\"og:title\" content=\"Valprogram f\u00f6r Vanda och Kervo v\u00e4lf\u00e4rdsomr\u00e5de &#8212; V\u00e4lf\u00e4rdsomr\u00e5desval 2025\" \/>\n<meta property=\"og:description\" content=\"Tillbaka till v\u00e4lf\u00e4rdsomr\u00e5det SFP jobbar f\u00f6r att v\u00e5rden ska vara h\u00f6gklassig och tillg\u00e4nglig f\u00f6r alla, oavsett bostadsort, inkomst eller modersm\u00e5l. Vi vill att alla inv\u00e5nare ska k\u00e4nna sig trygga oberoende...\" \/>\n<meta property=\"og:url\" content=\"https:\/\/val.sfp.fi\/valfardsomradesval\/valprogram-for-vanda-kervo-valfardsomrade\/\" \/>\n<meta property=\"og:site_name\" content=\"V\u00e4lf\u00e4rdsomr\u00e5desval 2025\" \/>\n<meta property=\"article:publisher\" content=\"https:\/\/www.facebook.com\/sfprkp\/\" \/>\n<meta property=\"og:image\" content=\"https:\/\/val.sfp.fi\/valfardsomradesval\/wp-content\/uploads\/SFP-RKP-logo.jpg\" \/>\n\t<meta property=\"og:image:width\" content=\"1483\" \/>\n\t<meta property=\"og:image:height\" content=\"1483\" \/>\n\t<meta property=\"og:image:type\" content=\"image\/jpeg\" \/>\n<meta name=\"twitter:label1\" content=\"Ber\u00e4knad l\u00e4stid\" \/>\n\t<meta name=\"twitter:data1\" content=\"3 minuter\" \/>\n<script type=\"application\/ld+json\" class=\"yoast-schema-graph\">{\"@context\":\"https:\/\/schema.org\",\"@graph\":[{\"@type\":\"WebPage\",\"@id\":\"https:\/\/val.sfp.fi\/valfardsomradesval\/valprogram-for-vanda-kervo-valfardsomrade\/\",\"url\":\"https:\/\/val.sfp.fi\/valfardsomradesval\/valprogram-for-vanda-kervo-valfardsomrade\/\",\"name\":\"Valprogram f\u00f6r Vanda och Kervo v\u00e4lf\u00e4rdsomr\u00e5de &#8212; V\u00e4lf\u00e4rdsomr\u00e5desval 2025\",\"isPartOf\":{\"@id\":\"https:\/\/val.sfp.fi\/valfardsomradesval\/#website\"},\"datePublished\":\"2025-03-08T17:29:52+00:00\",\"breadcrumb\":{\"@id\":\"https:\/\/val.sfp.fi\/valfardsomradesval\/valprogram-for-vanda-kervo-valfardsomrade\/#breadcrumb\"},\"inLanguage\":\"sv-SE\",\"potentialAction\":[{\"@type\":\"ReadAction\",\"target\":[\"https:\/\/val.sfp.fi\/valfardsomradesval\/valprogram-for-vanda-kervo-valfardsomrade\/\"]}]},{\"@type\":\"BreadcrumbList\",\"@id\":\"https:\/\/val.sfp.fi\/valfardsomradesval\/valprogram-for-vanda-kervo-valfardsomrade\/#breadcrumb\",\"itemListElement\":[{\"@type\":\"ListItem\",\"position\":1,\"name\":\"Home\",\"item\":\"https:\/\/val.sfp.fi\/valfardsomradesval\/\"},{\"@type\":\"ListItem\",\"position\":2,\"name\":\"Valprogram f\u00f6r Vanda och Kervo v\u00e4lf\u00e4rdsomr\u00e5de\"}]},{\"@type\":\"WebSite\",\"@id\":\"https:\/\/val.sfp.fi\/valfardsomradesval\/#website\",\"url\":\"https:\/\/val.sfp.fi\/valfardsomradesval\/\",\"name\":\"SFP - V\u00e4lf\u00e4rdsomr\u00e5desval 2025\",\"description\":\"\",\"publisher\":{\"@id\":\"https:\/\/val.sfp.fi\/valfardsomradesval\/#organization\"},\"potentialAction\":[{\"@type\":\"SearchAction\",\"target\":{\"@type\":\"EntryPoint\",\"urlTemplate\":\"https:\/\/val.sfp.fi\/valfardsomradesval\/?s={search_term_string}\"},\"query-input\":{\"@type\":\"PropertyValueSpecification\",\"valueRequired\":true,\"valueName\":\"search_term_string\"}}],\"inLanguage\":\"sv-SE\"},{\"@type\":\"Organization\",\"@id\":\"https:\/\/val.sfp.fi\/valfardsomradesval\/#organization\",\"name\":\"SFP RKP\",\"url\":\"https:\/\/val.sfp.fi\/valfardsomradesval\/\",\"logo\":{\"@type\":\"ImageObject\",\"inLanguage\":\"sv-SE\",\"@id\":\"https:\/\/val.sfp.fi\/valfardsomradesval\/#\/schema\/logo\/image\/\",\"url\":\"https:\/\/val.sfp.fi\/valfardsomradesval\/wp-content\/uploads\/SFP-RKP-logo.jpg\",\"contentUrl\":\"https:\/\/val.sfp.fi\/valfardsomradesval\/wp-content\/uploads\/SFP-RKP-logo.jpg\",\"width\":1483,\"height\":1483,\"caption\":\"SFP RKP\"},\"image\":{\"@id\":\"https:\/\/val.sfp.fi\/valfardsomradesval\/#\/schema\/logo\/image\/\"},\"sameAs\":[\"https:\/\/www.facebook.com\/sfprkp\/\",\"https:\/\/x.com\/sfprkp\",\"https:\/\/www.instagram.com\/sfprkp\/\",\"https:\/\/www.youtube.com\/sfprkp\",\"https:\/\/sv.wikipedia.org\/wiki\/Svenska_folkpartiet\"]}]}<\/script>\n<!-- \/ Yoast SEO plugin. -->","yoast_head_json":{"title":"Valprogram f\u00f6r Vanda och Kervo v\u00e4lf\u00e4rdsomr\u00e5de &#8212; V\u00e4lf\u00e4rdsomr\u00e5desval 2025","robots":{"index":"index","follow":"follow","max-snippet":"max-snippet:-1","max-image-preview":"max-image-preview:large","max-video-preview":"max-video-preview:-1"},"canonical":"https:\/\/val.sfp.fi\/valfardsomradesval\/valprogram-for-vanda-kervo-valfardsomrade\/","og_locale":"sv_SE","og_type":"article","og_title":"Valprogram f\u00f6r Vanda och Kervo v\u00e4lf\u00e4rdsomr\u00e5de &#8212; V\u00e4lf\u00e4rdsomr\u00e5desval 2025","og_description":"Tillbaka till v\u00e4lf\u00e4rdsomr\u00e5det SFP jobbar f\u00f6r att v\u00e5rden ska vara h\u00f6gklassig och tillg\u00e4nglig f\u00f6r alla, oavsett bostadsort, inkomst eller modersm\u00e5l. Vi vill att alla inv\u00e5nare ska k\u00e4nna sig trygga oberoende...","og_url":"https:\/\/val.sfp.fi\/valfardsomradesval\/valprogram-for-vanda-kervo-valfardsomrade\/","og_site_name":"V\u00e4lf\u00e4rdsomr\u00e5desval 2025","article_publisher":"https:\/\/www.facebook.com\/sfprkp\/","og_image":[{"width":1483,"height":1483,"url":"https:\/\/val.sfp.fi\/valfardsomradesval\/wp-content\/uploads\/SFP-RKP-logo.jpg","type":"image\/jpeg"}],"twitter_misc":{"Ber\u00e4knad l\u00e4stid":"3 minuter"},"schema":{"@context":"https:\/\/schema.org","@graph":[{"@type":"WebPage","@id":"https:\/\/val.sfp.fi\/valfardsomradesval\/valprogram-for-vanda-kervo-valfardsomrade\/","url":"https:\/\/val.sfp.fi\/valfardsomradesval\/valprogram-for-vanda-kervo-valfardsomrade\/","name":"Valprogram f\u00f6r Vanda och Kervo v\u00e4lf\u00e4rdsomr\u00e5de &#8212; V\u00e4lf\u00e4rdsomr\u00e5desval 2025","isPartOf":{"@id":"https:\/\/val.sfp.fi\/valfardsomradesval\/#website"},"datePublished":"2025-03-08T17:29:52+00:00","breadcrumb":{"@id":"https:\/\/val.sfp.fi\/valfardsomradesval\/valprogram-for-vanda-kervo-valfardsomrade\/#breadcrumb"},"inLanguage":"sv-SE","potentialAction":[{"@type":"ReadAction","target":["https:\/\/val.sfp.fi\/valfardsomradesval\/valprogram-for-vanda-kervo-valfardsomrade\/"]}]},{"@type":"BreadcrumbList","@id":"https:\/\/val.sfp.fi\/valfardsomradesval\/valprogram-for-vanda-kervo-valfardsomrade\/#breadcrumb","itemListElement":[{"@type":"ListItem","position":1,"name":"Home","item":"https:\/\/val.sfp.fi\/valfardsomradesval\/"},{"@type":"ListItem","position":2,"name":"Valprogram f\u00f6r Vanda och Kervo v\u00e4lf\u00e4rdsomr\u00e5de"}]},{"@type":"WebSite","@id":"https:\/\/val.sfp.fi\/valfardsomradesval\/#website","url":"https:\/\/val.sfp.fi\/valfardsomradesval\/","name":"SFP - V\u00e4lf\u00e4rdsomr\u00e5desval 2025","description":"","publisher":{"@id":"https:\/\/val.sfp.fi\/valfardsomradesval\/#organization"},"potentialAction":[{"@type":"SearchAction","target":{"@type":"EntryPoint","urlTemplate":"https:\/\/val.sfp.fi\/valfardsomradesval\/?s={search_term_string}"},"query-input":{"@type":"PropertyValueSpecification","valueRequired":true,"valueName":"search_term_string"}}],"inLanguage":"sv-SE"},{"@type":"Organization","@id":"https:\/\/val.sfp.fi\/valfardsomradesval\/#organization","name":"SFP RKP","url":"https:\/\/val.sfp.fi\/valfardsomradesval\/","logo":{"@type":"ImageObject","inLanguage":"sv-SE","@id":"https:\/\/val.sfp.fi\/valfardsomradesval\/#\/schema\/logo\/image\/","url":"https:\/\/val.sfp.fi\/valfardsomradesval\/wp-content\/uploads\/SFP-RKP-logo.jpg","contentUrl":"https:\/\/val.sfp.fi\/valfardsomradesval\/wp-content\/uploads\/SFP-RKP-logo.jpg","width":1483,"height":1483,"caption":"SFP RKP"},"image":{"@id":"https:\/\/val.sfp.fi\/valfardsomradesval\/#\/schema\/logo\/image\/"},"sameAs":["https:\/\/www.facebook.com\/sfprkp\/","https:\/\/x.com\/sfprkp","https:\/\/www.instagram.com\/sfprkp\/","https:\/\/www.youtube.com\/sfprkp","https:\/\/sv.wikipedia.org\/wiki\/Svenska_folkpartiet"]}]}},"lang":"sv","translations":{"sv":46299,"fi":46351,"en":46353},"pll_sync_post":[],"_links":{"self":[{"href":"https:\/\/val.sfp.fi\/valfardsomradesval\/wp-json\/wp\/v2\/pages\/46299","targetHints":{"allow":["GET"]}}],"collection":[{"href":"https:\/\/val.sfp.fi\/valfardsomradesval\/wp-json\/wp\/v2\/pages"}],"about":[{"href":"https:\/\/val.sfp.fi\/valfardsomradesval\/wp-json\/wp\/v2\/types\/page"}],"author":[{"embeddable":true,"href":"https:\/\/val.sfp.fi\/valfardsomradesval\/wp-json\/wp\/v2\/users\/2460"}],"replies":[{"embeddable":true,"href":"https:\/\/val.sfp.fi\/valfardsomradesval\/wp-json\/wp\/v2\/comments?post=46299"}],"version-history":[{"count":1,"href":"https:\/\/val.sfp.fi\/valfardsomradesval\/wp-json\/wp\/v2\/pages\/46299\/revisions"}],"predecessor-version":[{"id":46301,"href":"https:\/\/val.sfp.fi\/valfardsomradesval\/wp-json\/wp\/v2\/pages\/46299\/revisions\/46301"}],"wp:attachment":[{"href":"https:\/\/val.sfp.fi\/valfardsomradesval\/wp-json\/wp\/v2\/media?parent=46299"}],"curies":[{"name":"wp","href":"https:\/\/api.w.org\/{rel}","templated":true}]}}