{"id":46290,"date":"2025-03-08T18:43:51","date_gmt":"2025-03-08T16:43:51","guid":{"rendered":"https:\/\/val.sfp.fi\/valfardsomradesval\/?page_id=46290"},"modified":"2025-03-08T19:27:29","modified_gmt":"2025-03-08T17:27:29","slug":"valprogram-for-vastra-nylands-valfardsomrade","status":"publish","type":"page","link":"https:\/\/val.sfp.fi\/valfardsomradesval\/valprogram-for-vastra-nylands-valfardsomrade\/","title":{"rendered":"Valprogram f\u00f6r V\u00e4stra Nylands v\u00e4lf\u00e4rdsomr\u00e5de"},"content":{"rendered":"<p><strong><a href=\"https:\/\/val.sfp.fi\/valfardsomradesval\/valfardsomrade\/vastra-nyland\/\">Tillbaka till v\u00e4lf\u00e4rdsomr\u00e5det<\/a><\/strong><\/p>\n<p>SFP jobbar f\u00f6r att v\u00e5rden ska vara h\u00f6gklassig och tillg\u00e4nglig f\u00f6r alla, oavsett bostadsort, inkomst eller modersm\u00e5l. Vi vill att alla inv\u00e5nare ska k\u00e4nna sig trygga oberoende av vilket behov av service man har eller i vilket skede av livet man befinner sig i.<\/p>\n<p>Social- och h\u00e4lsov\u00e5rden ska vara tillg\u00e4nglig. Det ska vara l\u00e4tt att f\u00e5 kontakt med v\u00e5rden, oavsett vilket kontakts\u00e4tt du f\u00f6redrar. Det ska vara l\u00e5g tr\u00f6skel f\u00f6r att be om hj\u00e4lp, oavsett vad det handlar om. Tj\u00e4nsterna som erbjuds ska vara m\u00e5ngsidiga och svara p\u00e5 det behov som finns. Du ska f\u00e5 den v\u00e5rd och hj\u00e4lp du beh\u00f6ver, och inte bollas fr\u00e5n lucka till lucka. Du ska f\u00e5 v\u00e5rd p\u00e5 eget modersm\u00e5l. De geografiska avst\u00e5ndena kan endast delvis \u00f6verbyggas av distanstj\u00e4nster. Punkter f\u00f6r n\u00e4rservice ska finnas kvar men de digitala och mobila tj\u00e4nsterna beh\u00f6ver utvecklas kraftigt.<\/p>\n<p>En trygg \u00e4ldreomsorg \u00e5stadkommer vi b\u00e4st genom ett brett utbud av tj\u00e4nster. Du ska k\u00e4nna dig trygg att bo hemma och kunna vara s\u00e4ker p\u00e5 att du f\u00e5r hj\u00e4lp n\u00e4r du beh\u00f6ver det. Nya l\u00f6sningar beh\u00f6vs f\u00f6r att tj\u00e4nsterna ska r\u00e4cka till alla.<\/p>\n<p>Ambulans, brandk\u00e5r och andra r\u00e4ddningstj\u00e4nster ska vara p\u00e5litliga. Du ska kunna lita p\u00e5 att hj\u00e4lp kommer, om det v\u00e4rsta skulle h\u00e4nda, oavsett plats eller tid p\u00e5 dygnet. Vi jobbar f\u00f6r att trygga tillr\u00e4ckliga resurser f\u00f6r att uppr\u00e4tth\u00e5lla beredskapen, \u00e4ven i gr\u00e4nsomr\u00e5den, p\u00e5 landsbygden och i sk\u00e4rg\u00e5rden.<\/p>\n<p>En bra personalpolitik \u00e4r nyckeln till v\u00e4lf\u00e4rdsomr\u00e5denas framg\u00e5ng. Vi vill skapa arbetsro f\u00f6r personalen. Anst\u00e4llda ska kunna p\u00e5verka sitt jobb och de ska f\u00e5 utf\u00f6ra de uppgifter de \u00e4r utbildade till. En motiverad och kunnig personal \u00e4r en f\u00f6ruts\u00e4ttning f\u00f6r fungerande v\u00e4lf\u00e4rdsomr\u00e5den.<\/p>\n<p><strong>SFP i V\u00e4stra Nylands v\u00e4lf\u00e4rdsomr\u00e5de arbetar f\u00f6r att:<\/strong><\/p>\n<ul>\n<li>Vi tar i bruk egenl\u00e4karmodellen p\u00e5 alla orter i v\u00e4lf\u00e4rdsomr\u00e5det under n\u00e4sta fullm\u00e4ktigeperiod.<\/li>\n<li>Vi satsar p\u00e5 barns och ungas v\u00e4lm\u00e5ende genom att trygga skolkurator- och skolpsykologtj\u00e4nster i alla skolor samt genom att aktivt samarbeta f\u00f6r barns och ungas h\u00e4lsa med kommunernas ungdomsv\u00e4sende.<\/li>\n<li>Vi tar i bruk seniorr\u00e5dgivningar och f\u00f6rebygger ensamhet bland \u00e4ldre. Dagverksamheten ska i f\u00f6rsta hand ordnas som fysisk verksamhet, inte digital.<\/li>\n<li>N\u00e4rst\u00e5endev\u00e5rdarna ska ha rimliga arvoden och m\u00f6jlighet att med l\u00e5g tr\u00f6skel ta ut ledig tid, dvs. intervallv\u00e5rd.<\/li>\n<li>Garantera att det finns fungerande service vid Raseborgs och Lojo sjukhus samt tillr\u00e4ckligt med ambulanser i hela v\u00e4lf\u00e4rdsomr\u00e5det. FBK utg\u00f6r en viktig del av r\u00e4ddningstj\u00e4nstens verksamhet.<\/li>\n<li>St\u00e4rka prim\u00e4rv\u00e5rden genom att trygga \u00e5tminstone en n\u00e4rh\u00e4lsostation per kommun och genom att \u00f6ka resurserna f\u00f6r \u00e5teruppringningen fr\u00e5n h\u00e4lsocentralerna.<\/li>\n<li>V\u00e4lf\u00e4rdsomr\u00e5det ska ha en h\u00e5llbar ekonomi. Inbesparingar m\u00e5ste g\u00f6ras, men de f\u00e5r inte vara orimliga eller regionalt or\u00e4ttvisa.<\/li>\n<li>Det ska finnas tillr\u00e4ckligt med \u00e4ldreboenden och mellanformsboenden f\u00f6r \u00e4ldre. Alla \u00e4ldre ska f\u00e5 ha en trygg vardag.<\/li>\n<li>F\u00e4rdtj\u00e4nsten ska fungera och utvecklas i samr\u00e5d med anv\u00e4ndarna. Chauff\u00f6rerna inom f\u00e4rdtj\u00e4nsten ska vara p\u00e5litliga och trygga. Tillg\u00e5ngen till f\u00e4rdtj\u00e4nstbilar ska vara p\u00e5 en god niv\u00e5 i hela v\u00e4lf\u00e4rdsomr\u00e5det.<\/li>\n<li>Det ska finnas fler platser vid boenden f\u00f6r funktionshindrade. Det ska finnas s\u00e4rskilda enheter och\/eller boenden f\u00f6r svenskspr\u00e5kiga.<\/li>\n<li>V\u00e4lf\u00e4rdsomr\u00e5det ska st\u00e4rka sin tv\u00e5spr\u00e5kiga service. Alla svenskspr\u00e5kiga \u00e4r ber\u00e4ttigade till service p\u00e5 sitt modersm\u00e5l och spr\u00e5kliga konsekvensanalyser ska alltid g\u00f6ras.<\/li>\n<li>Vi ska ha ett enat v\u00e4lf\u00e4rdsomr\u00e5de d\u00e4r alla k\u00e4nner sig inkluderade, oavsett om man bor i Esbo, Hang\u00f6 eller Lojo.<\/li>\n<li>Kommunikationen fr\u00e5n v\u00e4lf\u00e4rdsomr\u00e5det till inv\u00e5narna st\u00e4rks.<\/li>\n<li>Ledarskapet och arbetsplatsv\u00e4lm\u00e5endet m\u00e5ste kontinuerligt f\u00f6rb\u00e4ttras. Personalen \u00e4r v\u00e5r viktigaste resurs.<\/li>\n<li>Akt\u00f6rerna inom tredje sektorn och privata f\u00f6retag ska behandlas j\u00e4mlikt och ha rimliga verksamhetsf\u00f6ruts\u00e4ttningar. De \u00e4r viktiga komplement i v\u00e4lf\u00e4rdsomr\u00e5dets service.<\/li>\n<\/ul>\n<p><strong>Vinster som SFP f\u00e5tt den g\u00e5ngna fullm\u00e4ktigeperioden:<\/strong><\/p>\n<ul>\n<li>Lojo sjukhus fullskaliga jour bevarades trots nedsk\u00e4rningsf\u00f6rslag fr\u00e5n HUS beredning.<\/li>\n<li>Omfattande nedsk\u00e4rningar i n\u00e4rst\u00e5endev\u00e5rdarnas arvoden avstyrdes i v\u00e4lf\u00e4rdsomr\u00e5det.<\/li>\n<li>Tack vare press fr\u00e5n SFP kommer ambulansresurserna utv\u00e4rderas redan under v\u00e5ren.<\/li>\n<li>Dagverksamheten f\u00f6r \u00e4ldre ordnas delvis fysiskt, trots f\u00f6rslag om att digitalisera en stor del.<\/li>\n<li>Alla orter har forts\u00e4ttningsvis en egen h\u00e4lsocentral &#8211; och s\u00e5 ska det f\u00f6rbli.<\/li>\n<\/ul>\n<p><strong><a href=\"https:\/\/val.sfp.fi\/valfardsomradesval\/valfardsomrade\/vastra-nyland\/\">Tillbaka till v\u00e4lf\u00e4rdsomr\u00e5det<\/a><\/strong><\/p>\n","protected":false},"excerpt":{"rendered":"<p>Tillbaka till v\u00e4lf\u00e4rdsomr\u00e5det SFP jobbar f\u00f6r att v\u00e5rden ska vara h\u00f6gklassig och tillg\u00e4nglig f\u00f6r alla, oavsett bostadsort, inkomst eller modersm\u00e5l. Vi vill att alla inv\u00e5nare ska k\u00e4nna sig trygga oberoende<a class=\"excerpt-read-more\" href=\"https:\/\/val.sfp.fi\/valfardsomradesval\/valprogram-for-vastra-nylands-valfardsomrade\/\" title=\"L\u00e4sValprogram f\u00f6r V\u00e4stra Nylands v\u00e4lf\u00e4rdsomr\u00e5de\">&#8230;<\/a><\/p>\n","protected":false},"author":2460,"featured_media":0,"parent":0,"menu_order":0,"comment_status":"closed","ping_status":"closed","template":"","meta":{"_acf_changed":false,"footnotes":""},"class_list":["post-46290","page","type-page","status-publish","hentry"],"acf":[],"yoast_head":"<!-- This site is optimized with the Yoast SEO plugin v27.2 - https:\/\/yoast.com\/product\/yoast-seo-wordpress\/ -->\n<title>Valprogram f\u00f6r V\u00e4stra Nylands v\u00e4lf\u00e4rdsomr\u00e5de &#8212; V\u00e4lf\u00e4rdsomr\u00e5desval 2025<\/title>\n<meta name=\"robots\" content=\"index, follow, max-snippet:-1, max-image-preview:large, max-video-preview:-1\" \/>\n<link rel=\"canonical\" href=\"https:\/\/val.sfp.fi\/valfardsomradesval\/valprogram-for-vastra-nylands-valfardsomrade\/\" \/>\n<meta property=\"og:locale\" content=\"sv_SE\" \/>\n<meta property=\"og:type\" content=\"article\" \/>\n<meta property=\"og:title\" content=\"Valprogram f\u00f6r V\u00e4stra Nylands v\u00e4lf\u00e4rdsomr\u00e5de &#8212; V\u00e4lf\u00e4rdsomr\u00e5desval 2025\" \/>\n<meta property=\"og:description\" content=\"Tillbaka till v\u00e4lf\u00e4rdsomr\u00e5det SFP jobbar f\u00f6r att v\u00e5rden ska vara h\u00f6gklassig och tillg\u00e4nglig f\u00f6r alla, oavsett bostadsort, inkomst eller modersm\u00e5l. Vi vill att alla inv\u00e5nare ska k\u00e4nna sig trygga oberoende...\" \/>\n<meta property=\"og:url\" content=\"https:\/\/val.sfp.fi\/valfardsomradesval\/valprogram-for-vastra-nylands-valfardsomrade\/\" \/>\n<meta property=\"og:site_name\" content=\"V\u00e4lf\u00e4rdsomr\u00e5desval 2025\" \/>\n<meta property=\"article:publisher\" content=\"https:\/\/www.facebook.com\/sfprkp\/\" \/>\n<meta property=\"article:modified_time\" content=\"2025-03-08T17:27:29+00:00\" \/>\n<meta property=\"og:image\" content=\"https:\/\/val.sfp.fi\/valfardsomradesval\/wp-content\/uploads\/SFP-RKP-logo.jpg\" \/>\n\t<meta property=\"og:image:width\" content=\"1483\" \/>\n\t<meta property=\"og:image:height\" content=\"1483\" \/>\n\t<meta property=\"og:image:type\" content=\"image\/jpeg\" \/>\n<meta name=\"twitter:label1\" content=\"Ber\u00e4knad l\u00e4stid\" \/>\n\t<meta name=\"twitter:data1\" content=\"4 minuter\" \/>\n<script type=\"application\/ld+json\" class=\"yoast-schema-graph\">{\"@context\":\"https:\/\/schema.org\",\"@graph\":[{\"@type\":\"WebPage\",\"@id\":\"https:\/\/val.sfp.fi\/valfardsomradesval\/valprogram-for-vastra-nylands-valfardsomrade\/\",\"url\":\"https:\/\/val.sfp.fi\/valfardsomradesval\/valprogram-for-vastra-nylands-valfardsomrade\/\",\"name\":\"Valprogram f\u00f6r V\u00e4stra Nylands v\u00e4lf\u00e4rdsomr\u00e5de &#8212; V\u00e4lf\u00e4rdsomr\u00e5desval 2025\",\"isPartOf\":{\"@id\":\"https:\/\/val.sfp.fi\/valfardsomradesval\/#website\"},\"datePublished\":\"2025-03-08T16:43:51+00:00\",\"dateModified\":\"2025-03-08T17:27:29+00:00\",\"breadcrumb\":{\"@id\":\"https:\/\/val.sfp.fi\/valfardsomradesval\/valprogram-for-vastra-nylands-valfardsomrade\/#breadcrumb\"},\"inLanguage\":\"sv-SE\",\"potentialAction\":[{\"@type\":\"ReadAction\",\"target\":[\"https:\/\/val.sfp.fi\/valfardsomradesval\/valprogram-for-vastra-nylands-valfardsomrade\/\"]}]},{\"@type\":\"BreadcrumbList\",\"@id\":\"https:\/\/val.sfp.fi\/valfardsomradesval\/valprogram-for-vastra-nylands-valfardsomrade\/#breadcrumb\",\"itemListElement\":[{\"@type\":\"ListItem\",\"position\":1,\"name\":\"Home\",\"item\":\"https:\/\/val.sfp.fi\/valfardsomradesval\/\"},{\"@type\":\"ListItem\",\"position\":2,\"name\":\"Valprogram f\u00f6r V\u00e4stra Nylands v\u00e4lf\u00e4rdsomr\u00e5de\"}]},{\"@type\":\"WebSite\",\"@id\":\"https:\/\/val.sfp.fi\/valfardsomradesval\/#website\",\"url\":\"https:\/\/val.sfp.fi\/valfardsomradesval\/\",\"name\":\"SFP - V\u00e4lf\u00e4rdsomr\u00e5desval 2025\",\"description\":\"\",\"publisher\":{\"@id\":\"https:\/\/val.sfp.fi\/valfardsomradesval\/#organization\"},\"potentialAction\":[{\"@type\":\"SearchAction\",\"target\":{\"@type\":\"EntryPoint\",\"urlTemplate\":\"https:\/\/val.sfp.fi\/valfardsomradesval\/?s={search_term_string}\"},\"query-input\":{\"@type\":\"PropertyValueSpecification\",\"valueRequired\":true,\"valueName\":\"search_term_string\"}}],\"inLanguage\":\"sv-SE\"},{\"@type\":\"Organization\",\"@id\":\"https:\/\/val.sfp.fi\/valfardsomradesval\/#organization\",\"name\":\"SFP RKP\",\"url\":\"https:\/\/val.sfp.fi\/valfardsomradesval\/\",\"logo\":{\"@type\":\"ImageObject\",\"inLanguage\":\"sv-SE\",\"@id\":\"https:\/\/val.sfp.fi\/valfardsomradesval\/#\/schema\/logo\/image\/\",\"url\":\"https:\/\/val.sfp.fi\/valfardsomradesval\/wp-content\/uploads\/SFP-RKP-logo.jpg\",\"contentUrl\":\"https:\/\/val.sfp.fi\/valfardsomradesval\/wp-content\/uploads\/SFP-RKP-logo.jpg\",\"width\":1483,\"height\":1483,\"caption\":\"SFP RKP\"},\"image\":{\"@id\":\"https:\/\/val.sfp.fi\/valfardsomradesval\/#\/schema\/logo\/image\/\"},\"sameAs\":[\"https:\/\/www.facebook.com\/sfprkp\/\",\"https:\/\/x.com\/sfprkp\",\"https:\/\/www.instagram.com\/sfprkp\/\",\"https:\/\/www.youtube.com\/sfprkp\",\"https:\/\/sv.wikipedia.org\/wiki\/Svenska_folkpartiet\"]}]}<\/script>\n<!-- \/ Yoast SEO plugin. -->","yoast_head_json":{"title":"Valprogram f\u00f6r V\u00e4stra Nylands v\u00e4lf\u00e4rdsomr\u00e5de &#8212; V\u00e4lf\u00e4rdsomr\u00e5desval 2025","robots":{"index":"index","follow":"follow","max-snippet":"max-snippet:-1","max-image-preview":"max-image-preview:large","max-video-preview":"max-video-preview:-1"},"canonical":"https:\/\/val.sfp.fi\/valfardsomradesval\/valprogram-for-vastra-nylands-valfardsomrade\/","og_locale":"sv_SE","og_type":"article","og_title":"Valprogram f\u00f6r V\u00e4stra Nylands v\u00e4lf\u00e4rdsomr\u00e5de &#8212; V\u00e4lf\u00e4rdsomr\u00e5desval 2025","og_description":"Tillbaka till v\u00e4lf\u00e4rdsomr\u00e5det SFP jobbar f\u00f6r att v\u00e5rden ska vara h\u00f6gklassig och tillg\u00e4nglig f\u00f6r alla, oavsett bostadsort, inkomst eller modersm\u00e5l. Vi vill att alla inv\u00e5nare ska k\u00e4nna sig trygga oberoende...","og_url":"https:\/\/val.sfp.fi\/valfardsomradesval\/valprogram-for-vastra-nylands-valfardsomrade\/","og_site_name":"V\u00e4lf\u00e4rdsomr\u00e5desval 2025","article_publisher":"https:\/\/www.facebook.com\/sfprkp\/","article_modified_time":"2025-03-08T17:27:29+00:00","og_image":[{"width":1483,"height":1483,"url":"https:\/\/val.sfp.fi\/valfardsomradesval\/wp-content\/uploads\/SFP-RKP-logo.jpg","type":"image\/jpeg"}],"twitter_misc":{"Ber\u00e4knad l\u00e4stid":"4 minuter"},"schema":{"@context":"https:\/\/schema.org","@graph":[{"@type":"WebPage","@id":"https:\/\/val.sfp.fi\/valfardsomradesval\/valprogram-for-vastra-nylands-valfardsomrade\/","url":"https:\/\/val.sfp.fi\/valfardsomradesval\/valprogram-for-vastra-nylands-valfardsomrade\/","name":"Valprogram f\u00f6r V\u00e4stra Nylands v\u00e4lf\u00e4rdsomr\u00e5de &#8212; V\u00e4lf\u00e4rdsomr\u00e5desval 2025","isPartOf":{"@id":"https:\/\/val.sfp.fi\/valfardsomradesval\/#website"},"datePublished":"2025-03-08T16:43:51+00:00","dateModified":"2025-03-08T17:27:29+00:00","breadcrumb":{"@id":"https:\/\/val.sfp.fi\/valfardsomradesval\/valprogram-for-vastra-nylands-valfardsomrade\/#breadcrumb"},"inLanguage":"sv-SE","potentialAction":[{"@type":"ReadAction","target":["https:\/\/val.sfp.fi\/valfardsomradesval\/valprogram-for-vastra-nylands-valfardsomrade\/"]}]},{"@type":"BreadcrumbList","@id":"https:\/\/val.sfp.fi\/valfardsomradesval\/valprogram-for-vastra-nylands-valfardsomrade\/#breadcrumb","itemListElement":[{"@type":"ListItem","position":1,"name":"Home","item":"https:\/\/val.sfp.fi\/valfardsomradesval\/"},{"@type":"ListItem","position":2,"name":"Valprogram f\u00f6r V\u00e4stra Nylands v\u00e4lf\u00e4rdsomr\u00e5de"}]},{"@type":"WebSite","@id":"https:\/\/val.sfp.fi\/valfardsomradesval\/#website","url":"https:\/\/val.sfp.fi\/valfardsomradesval\/","name":"SFP - V\u00e4lf\u00e4rdsomr\u00e5desval 2025","description":"","publisher":{"@id":"https:\/\/val.sfp.fi\/valfardsomradesval\/#organization"},"potentialAction":[{"@type":"SearchAction","target":{"@type":"EntryPoint","urlTemplate":"https:\/\/val.sfp.fi\/valfardsomradesval\/?s={search_term_string}"},"query-input":{"@type":"PropertyValueSpecification","valueRequired":true,"valueName":"search_term_string"}}],"inLanguage":"sv-SE"},{"@type":"Organization","@id":"https:\/\/val.sfp.fi\/valfardsomradesval\/#organization","name":"SFP RKP","url":"https:\/\/val.sfp.fi\/valfardsomradesval\/","logo":{"@type":"ImageObject","inLanguage":"sv-SE","@id":"https:\/\/val.sfp.fi\/valfardsomradesval\/#\/schema\/logo\/image\/","url":"https:\/\/val.sfp.fi\/valfardsomradesval\/wp-content\/uploads\/SFP-RKP-logo.jpg","contentUrl":"https:\/\/val.sfp.fi\/valfardsomradesval\/wp-content\/uploads\/SFP-RKP-logo.jpg","width":1483,"height":1483,"caption":"SFP RKP"},"image":{"@id":"https:\/\/val.sfp.fi\/valfardsomradesval\/#\/schema\/logo\/image\/"},"sameAs":["https:\/\/www.facebook.com\/sfprkp\/","https:\/\/x.com\/sfprkp","https:\/\/www.instagram.com\/sfprkp\/","https:\/\/www.youtube.com\/sfprkp","https:\/\/sv.wikipedia.org\/wiki\/Svenska_folkpartiet"]}]}},"lang":"sv","translations":{"sv":46290,"fi":46339,"en":46343},"pll_sync_post":[],"_links":{"self":[{"href":"https:\/\/val.sfp.fi\/valfardsomradesval\/wp-json\/wp\/v2\/pages\/46290","targetHints":{"allow":["GET"]}}],"collection":[{"href":"https:\/\/val.sfp.fi\/valfardsomradesval\/wp-json\/wp\/v2\/pages"}],"about":[{"href":"https:\/\/val.sfp.fi\/valfardsomradesval\/wp-json\/wp\/v2\/types\/page"}],"author":[{"embeddable":true,"href":"https:\/\/val.sfp.fi\/valfardsomradesval\/wp-json\/wp\/v2\/users\/2460"}],"replies":[{"embeddable":true,"href":"https:\/\/val.sfp.fi\/valfardsomradesval\/wp-json\/wp\/v2\/comments?post=46290"}],"version-history":[{"count":3,"href":"https:\/\/val.sfp.fi\/valfardsomradesval\/wp-json\/wp\/v2\/pages\/46290\/revisions"}],"predecessor-version":[{"id":46300,"href":"https:\/\/val.sfp.fi\/valfardsomradesval\/wp-json\/wp\/v2\/pages\/46290\/revisions\/46300"}],"wp:attachment":[{"href":"https:\/\/val.sfp.fi\/valfardsomradesval\/wp-json\/wp\/v2\/media?parent=46290"}],"curies":[{"name":"wp","href":"https:\/\/api.w.org\/{rel}","templated":true}]}}