{"id":46262,"date":"2025-03-08T17:16:07","date_gmt":"2025-03-08T15:16:07","guid":{"rendered":"https:\/\/val.sfp.fi\/valfardsomradesval\/?page_id=46262"},"modified":"2025-03-08T19:41:33","modified_gmt":"2025-03-08T17:41:33","slug":"valprogram-for-egentliga-finland-valfardsomrade","status":"publish","type":"page","link":"https:\/\/val.sfp.fi\/valfardsomradesval\/valprogram-for-egentliga-finland-valfardsomrade\/","title":{"rendered":"Valprogram f\u00f6r Egentliga Finlands v\u00e4lf\u00e4rdsomr\u00e5de"},"content":{"rendered":"<h4><strong><a href=\"https:\/\/val.sfp.fi\/valfardsomradesval\/wp-content\/uploads\/Valprogram-VO_EF_sv.pdf\" target=\"_blank\" rel=\"noopener\">H\u00e4r kan du l\u00e4sa valprogrammet som PDF.<\/a><\/strong><\/h4>\n<p><strong><a href=\"https:\/\/val.sfp.fi\/valfardsomradesval\/valfardsomrade\/egentliga-finland\/\">Tillbaka till v\u00e4lf\u00e4rdsomr\u00e5de (Egentliga Finland)<\/a><\/strong><\/p>\n<h2>SFP:S VALPROGRAM I V\u00c4LF\u00c4RDSOMR\u00c5DESVALET I EGENTLIGA FINLAND<\/h2>\n<p>Svenska folkpartiet (SFP) arbetar f\u00f6r att DU ska f\u00e5 svenskspr\u00e5kig service i Egentliga Finland<br \/>\n\u2013 \u00e4ven efter val!<\/p>\n<p><strong>SFP \u00e4r det enda partiet som f\u00f6rsvarar den svenskspr\u00e5kiga<\/strong><br \/>\n<strong>befolkningens behov.<\/strong><\/p>\n<p>F\u00f6r SFP \u00e4r det viktigt att den enskilda m\u00e4nniskans behov ska vara i centrum. All service ska vara av<br \/>\nh\u00f6gkvalitet och m\u00e5ste utg\u00e5 fr\u00e5n individens behov. N\u00e4rservicen \u00e4r viktigf\u00f6r inv\u00e5narna och milj\u00f6n. SFP<br \/>\nhar under den g\u00e5ngna perioden bevakat tillg\u00e5ngen till svenskspr\u00e5kig service och utvecklandet av<br \/>\nKaskisbackens v\u00e5rdcentral (f.d. \u00c5bolands sjukhus). I stad, sk\u00e4rg\u00e5rd och landsbygd har SFP lyckats<br \/>\nf\u00f6rsvara den viktiga n\u00e4rservicen.<\/p>\n<p><strong>SFP arbetar f\u00f6r:<\/strong><br \/>\n-servicepunkter n\u00e4ra dig<br \/>\n-tillg\u00e4ngligsocial- och h\u00e4lsov\u00e5rdsservice utan on\u00f6diga dr\u00f6jsm\u00e5l<br \/>\n-st\u00f6d f\u00f6r barn, unga och familjer<br \/>\n-att j\u00e4mst\u00e4lldhet och likabehandlingska genomsyra hela v\u00e4lf\u00e4rdsomr\u00e5dets verksamhet<br \/>\n-att mentalv\u00e5rdstj\u00e4nsterna garanteras tillr\u00e4ckliga resurser<br \/>\n-att utveckla m\u00f6dramottagningarna och st\u00e4rka efterv\u00e5rden efter f\u00f6rlossningen<br \/>\n-ett v\u00e4l fungerande r\u00e4ddningsv\u00e4sende i stad och sk\u00e4rg\u00e5rd<br \/>\n-resurser f\u00f6r frivilliga brandk\u00e5ren<br \/>\n-en v\u00e4lm\u00e5ende personal<br \/>\n-Kaskisbackens v\u00e5rdcentral<br \/>\n-en fungerande funktionshinderservice<br \/>\n-en trygg \u00e4ldreomsorg och trivsamma boendeformer.<\/p>\n","protected":false},"excerpt":{"rendered":"<p>H\u00e4r kan du l\u00e4sa valprogrammet som PDF. Tillbaka till v\u00e4lf\u00e4rdsomr\u00e5de (Egentliga Finland) SFP:S VALPROGRAM I V\u00c4LF\u00c4RDSOMR\u00c5DESVALET I EGENTLIGA FINLAND Svenska folkpartiet (SFP) arbetar f\u00f6r att DU ska f\u00e5 svenskspr\u00e5kig service<a class=\"excerpt-read-more\" href=\"https:\/\/val.sfp.fi\/valfardsomradesval\/valprogram-for-egentliga-finland-valfardsomrade\/\" title=\"L\u00e4sValprogram f\u00f6r Egentliga Finlands v\u00e4lf\u00e4rdsomr\u00e5de\">&#8230;<\/a><\/p>\n","protected":false},"author":2460,"featured_media":0,"parent":0,"menu_order":0,"comment_status":"closed","ping_status":"closed","template":"","meta":{"_acf_changed":false,"footnotes":""},"class_list":["post-46262","page","type-page","status-publish","hentry"],"acf":[],"yoast_head":"<!-- This site is optimized with the Yoast SEO plugin v27.2 - https:\/\/yoast.com\/product\/yoast-seo-wordpress\/ -->\n<title>Valprogram f\u00f6r Egentliga Finlands v\u00e4lf\u00e4rdsomr\u00e5de &#8212; V\u00e4lf\u00e4rdsomr\u00e5desval 2025<\/title>\n<meta name=\"robots\" content=\"index, follow, max-snippet:-1, max-image-preview:large, max-video-preview:-1\" \/>\n<link rel=\"canonical\" href=\"https:\/\/val.sfp.fi\/valfardsomradesval\/valprogram-for-egentliga-finland-valfardsomrade\/\" \/>\n<meta property=\"og:locale\" content=\"sv_SE\" \/>\n<meta property=\"og:type\" content=\"article\" \/>\n<meta property=\"og:title\" content=\"Valprogram f\u00f6r Egentliga Finlands v\u00e4lf\u00e4rdsomr\u00e5de &#8212; V\u00e4lf\u00e4rdsomr\u00e5desval 2025\" \/>\n<meta property=\"og:description\" content=\"H\u00e4r kan du l\u00e4sa valprogrammet som PDF. Tillbaka till v\u00e4lf\u00e4rdsomr\u00e5de (Egentliga Finland) SFP:S VALPROGRAM I V\u00c4LF\u00c4RDSOMR\u00c5DESVALET I EGENTLIGA FINLAND Svenska folkpartiet (SFP) arbetar f\u00f6r att DU ska f\u00e5 svenskspr\u00e5kig service...\" \/>\n<meta property=\"og:url\" content=\"https:\/\/val.sfp.fi\/valfardsomradesval\/valprogram-for-egentliga-finland-valfardsomrade\/\" \/>\n<meta property=\"og:site_name\" content=\"V\u00e4lf\u00e4rdsomr\u00e5desval 2025\" \/>\n<meta property=\"article:publisher\" content=\"https:\/\/www.facebook.com\/sfprkp\/\" \/>\n<meta property=\"article:modified_time\" content=\"2025-03-08T17:41:33+00:00\" \/>\n<meta property=\"og:image\" content=\"https:\/\/val.sfp.fi\/valfardsomradesval\/wp-content\/uploads\/SFP-RKP-logo.jpg\" \/>\n\t<meta property=\"og:image:width\" content=\"1483\" \/>\n\t<meta property=\"og:image:height\" content=\"1483\" \/>\n\t<meta property=\"og:image:type\" content=\"image\/jpeg\" \/>\n<meta name=\"twitter:label1\" content=\"Ber\u00e4knad l\u00e4stid\" \/>\n\t<meta name=\"twitter:data1\" content=\"1 minut\" \/>\n<script type=\"application\/ld+json\" class=\"yoast-schema-graph\">{\"@context\":\"https:\/\/schema.org\",\"@graph\":[{\"@type\":\"WebPage\",\"@id\":\"https:\/\/val.sfp.fi\/valfardsomradesval\/valprogram-for-egentliga-finland-valfardsomrade\/\",\"url\":\"https:\/\/val.sfp.fi\/valfardsomradesval\/valprogram-for-egentliga-finland-valfardsomrade\/\",\"name\":\"Valprogram f\u00f6r Egentliga Finlands v\u00e4lf\u00e4rdsomr\u00e5de &#8212; V\u00e4lf\u00e4rdsomr\u00e5desval 2025\",\"isPartOf\":{\"@id\":\"https:\/\/val.sfp.fi\/valfardsomradesval\/#website\"},\"datePublished\":\"2025-03-08T15:16:07+00:00\",\"dateModified\":\"2025-03-08T17:41:33+00:00\",\"breadcrumb\":{\"@id\":\"https:\/\/val.sfp.fi\/valfardsomradesval\/valprogram-for-egentliga-finland-valfardsomrade\/#breadcrumb\"},\"inLanguage\":\"sv-SE\",\"potentialAction\":[{\"@type\":\"ReadAction\",\"target\":[\"https:\/\/val.sfp.fi\/valfardsomradesval\/valprogram-for-egentliga-finland-valfardsomrade\/\"]}]},{\"@type\":\"BreadcrumbList\",\"@id\":\"https:\/\/val.sfp.fi\/valfardsomradesval\/valprogram-for-egentliga-finland-valfardsomrade\/#breadcrumb\",\"itemListElement\":[{\"@type\":\"ListItem\",\"position\":1,\"name\":\"Home\",\"item\":\"https:\/\/val.sfp.fi\/valfardsomradesval\/\"},{\"@type\":\"ListItem\",\"position\":2,\"name\":\"Valprogram f\u00f6r Egentliga Finlands v\u00e4lf\u00e4rdsomr\u00e5de\"}]},{\"@type\":\"WebSite\",\"@id\":\"https:\/\/val.sfp.fi\/valfardsomradesval\/#website\",\"url\":\"https:\/\/val.sfp.fi\/valfardsomradesval\/\",\"name\":\"SFP - V\u00e4lf\u00e4rdsomr\u00e5desval 2025\",\"description\":\"\",\"publisher\":{\"@id\":\"https:\/\/val.sfp.fi\/valfardsomradesval\/#organization\"},\"potentialAction\":[{\"@type\":\"SearchAction\",\"target\":{\"@type\":\"EntryPoint\",\"urlTemplate\":\"https:\/\/val.sfp.fi\/valfardsomradesval\/?s={search_term_string}\"},\"query-input\":{\"@type\":\"PropertyValueSpecification\",\"valueRequired\":true,\"valueName\":\"search_term_string\"}}],\"inLanguage\":\"sv-SE\"},{\"@type\":\"Organization\",\"@id\":\"https:\/\/val.sfp.fi\/valfardsomradesval\/#organization\",\"name\":\"SFP RKP\",\"url\":\"https:\/\/val.sfp.fi\/valfardsomradesval\/\",\"logo\":{\"@type\":\"ImageObject\",\"inLanguage\":\"sv-SE\",\"@id\":\"https:\/\/val.sfp.fi\/valfardsomradesval\/#\/schema\/logo\/image\/\",\"url\":\"https:\/\/val.sfp.fi\/valfardsomradesval\/wp-content\/uploads\/SFP-RKP-logo.jpg\",\"contentUrl\":\"https:\/\/val.sfp.fi\/valfardsomradesval\/wp-content\/uploads\/SFP-RKP-logo.jpg\",\"width\":1483,\"height\":1483,\"caption\":\"SFP RKP\"},\"image\":{\"@id\":\"https:\/\/val.sfp.fi\/valfardsomradesval\/#\/schema\/logo\/image\/\"},\"sameAs\":[\"https:\/\/www.facebook.com\/sfprkp\/\",\"https:\/\/x.com\/sfprkp\",\"https:\/\/www.instagram.com\/sfprkp\/\",\"https:\/\/www.youtube.com\/sfprkp\",\"https:\/\/sv.wikipedia.org\/wiki\/Svenska_folkpartiet\"]}]}<\/script>\n<!-- \/ Yoast SEO plugin. -->","yoast_head_json":{"title":"Valprogram f\u00f6r Egentliga Finlands v\u00e4lf\u00e4rdsomr\u00e5de &#8212; V\u00e4lf\u00e4rdsomr\u00e5desval 2025","robots":{"index":"index","follow":"follow","max-snippet":"max-snippet:-1","max-image-preview":"max-image-preview:large","max-video-preview":"max-video-preview:-1"},"canonical":"https:\/\/val.sfp.fi\/valfardsomradesval\/valprogram-for-egentliga-finland-valfardsomrade\/","og_locale":"sv_SE","og_type":"article","og_title":"Valprogram f\u00f6r Egentliga Finlands v\u00e4lf\u00e4rdsomr\u00e5de &#8212; V\u00e4lf\u00e4rdsomr\u00e5desval 2025","og_description":"H\u00e4r kan du l\u00e4sa valprogrammet som PDF. Tillbaka till v\u00e4lf\u00e4rdsomr\u00e5de (Egentliga Finland) SFP:S VALPROGRAM I V\u00c4LF\u00c4RDSOMR\u00c5DESVALET I EGENTLIGA FINLAND Svenska folkpartiet (SFP) arbetar f\u00f6r att DU ska f\u00e5 svenskspr\u00e5kig service...","og_url":"https:\/\/val.sfp.fi\/valfardsomradesval\/valprogram-for-egentliga-finland-valfardsomrade\/","og_site_name":"V\u00e4lf\u00e4rdsomr\u00e5desval 2025","article_publisher":"https:\/\/www.facebook.com\/sfprkp\/","article_modified_time":"2025-03-08T17:41:33+00:00","og_image":[{"width":1483,"height":1483,"url":"https:\/\/val.sfp.fi\/valfardsomradesval\/wp-content\/uploads\/SFP-RKP-logo.jpg","type":"image\/jpeg"}],"twitter_misc":{"Ber\u00e4knad l\u00e4stid":"1 minut"},"schema":{"@context":"https:\/\/schema.org","@graph":[{"@type":"WebPage","@id":"https:\/\/val.sfp.fi\/valfardsomradesval\/valprogram-for-egentliga-finland-valfardsomrade\/","url":"https:\/\/val.sfp.fi\/valfardsomradesval\/valprogram-for-egentliga-finland-valfardsomrade\/","name":"Valprogram f\u00f6r Egentliga Finlands v\u00e4lf\u00e4rdsomr\u00e5de &#8212; V\u00e4lf\u00e4rdsomr\u00e5desval 2025","isPartOf":{"@id":"https:\/\/val.sfp.fi\/valfardsomradesval\/#website"},"datePublished":"2025-03-08T15:16:07+00:00","dateModified":"2025-03-08T17:41:33+00:00","breadcrumb":{"@id":"https:\/\/val.sfp.fi\/valfardsomradesval\/valprogram-for-egentliga-finland-valfardsomrade\/#breadcrumb"},"inLanguage":"sv-SE","potentialAction":[{"@type":"ReadAction","target":["https:\/\/val.sfp.fi\/valfardsomradesval\/valprogram-for-egentliga-finland-valfardsomrade\/"]}]},{"@type":"BreadcrumbList","@id":"https:\/\/val.sfp.fi\/valfardsomradesval\/valprogram-for-egentliga-finland-valfardsomrade\/#breadcrumb","itemListElement":[{"@type":"ListItem","position":1,"name":"Home","item":"https:\/\/val.sfp.fi\/valfardsomradesval\/"},{"@type":"ListItem","position":2,"name":"Valprogram f\u00f6r Egentliga Finlands v\u00e4lf\u00e4rdsomr\u00e5de"}]},{"@type":"WebSite","@id":"https:\/\/val.sfp.fi\/valfardsomradesval\/#website","url":"https:\/\/val.sfp.fi\/valfardsomradesval\/","name":"SFP - V\u00e4lf\u00e4rdsomr\u00e5desval 2025","description":"","publisher":{"@id":"https:\/\/val.sfp.fi\/valfardsomradesval\/#organization"},"potentialAction":[{"@type":"SearchAction","target":{"@type":"EntryPoint","urlTemplate":"https:\/\/val.sfp.fi\/valfardsomradesval\/?s={search_term_string}"},"query-input":{"@type":"PropertyValueSpecification","valueRequired":true,"valueName":"search_term_string"}}],"inLanguage":"sv-SE"},{"@type":"Organization","@id":"https:\/\/val.sfp.fi\/valfardsomradesval\/#organization","name":"SFP RKP","url":"https:\/\/val.sfp.fi\/valfardsomradesval\/","logo":{"@type":"ImageObject","inLanguage":"sv-SE","@id":"https:\/\/val.sfp.fi\/valfardsomradesval\/#\/schema\/logo\/image\/","url":"https:\/\/val.sfp.fi\/valfardsomradesval\/wp-content\/uploads\/SFP-RKP-logo.jpg","contentUrl":"https:\/\/val.sfp.fi\/valfardsomradesval\/wp-content\/uploads\/SFP-RKP-logo.jpg","width":1483,"height":1483,"caption":"SFP RKP"},"image":{"@id":"https:\/\/val.sfp.fi\/valfardsomradesval\/#\/schema\/logo\/image\/"},"sameAs":["https:\/\/www.facebook.com\/sfprkp\/","https:\/\/x.com\/sfprkp","https:\/\/www.instagram.com\/sfprkp\/","https:\/\/www.youtube.com\/sfprkp","https:\/\/sv.wikipedia.org\/wiki\/Svenska_folkpartiet"]}]}},"lang":"sv","translations":{"sv":46262,"fi":44776,"en":44781},"pll_sync_post":[],"_links":{"self":[{"href":"https:\/\/val.sfp.fi\/valfardsomradesval\/wp-json\/wp\/v2\/pages\/46262","targetHints":{"allow":["GET"]}}],"collection":[{"href":"https:\/\/val.sfp.fi\/valfardsomradesval\/wp-json\/wp\/v2\/pages"}],"about":[{"href":"https:\/\/val.sfp.fi\/valfardsomradesval\/wp-json\/wp\/v2\/types\/page"}],"author":[{"embeddable":true,"href":"https:\/\/val.sfp.fi\/valfardsomradesval\/wp-json\/wp\/v2\/users\/2460"}],"replies":[{"embeddable":true,"href":"https:\/\/val.sfp.fi\/valfardsomradesval\/wp-json\/wp\/v2\/comments?post=46262"}],"version-history":[{"count":8,"href":"https:\/\/val.sfp.fi\/valfardsomradesval\/wp-json\/wp\/v2\/pages\/46262\/revisions"}],"predecessor-version":[{"id":46304,"href":"https:\/\/val.sfp.fi\/valfardsomradesval\/wp-json\/wp\/v2\/pages\/46262\/revisions\/46304"}],"wp:attachment":[{"href":"https:\/\/val.sfp.fi\/valfardsomradesval\/wp-json\/wp\/v2\/media?parent=46262"}],"curies":[{"name":"wp","href":"https:\/\/api.w.org\/{rel}","templated":true}]}}