{"id":44786,"date":"2025-02-14T14:21:06","date_gmt":"2025-02-14T12:21:06","guid":{"rendered":"https:\/\/val.sfp.fi\/valfardsomradesval\/?page_id=44786"},"modified":"2025-03-08T18:20:36","modified_gmt":"2025-03-08T16:20:36","slug":"valprogram-for-ostra-nylands-valfardsomrade","status":"publish","type":"page","link":"https:\/\/val.sfp.fi\/valfardsomradesval\/valprogram-for-ostra-nylands-valfardsomrade\/","title":{"rendered":"Valprogram f\u00f6r \u00d6stra Nylands v\u00e4lf\u00e4rdsomr\u00e5de"},"content":{"rendered":"<p><strong><a href=\"https:\/\/val.sfp.fi\/valfardsomradesval\/valfardsomrade\/ostra-nyland\/\">Tillbaka till v\u00e4lf\u00e4rdsomr\u00e5det<\/a><\/strong><\/p>\n<p>SFP jobbar f\u00f6r att v\u00e5rden ska vara h\u00f6gklassig och tillg\u00e4nglig f\u00f6r alla, oavsett bostadsort, inkomst eller modersm\u00e5l. Vi vill att alla inv\u00e5nare ska k\u00e4nna sig trygga oberoende av vilket behov av service man har eller i vilket skede av livet man befinner sig i.<\/p>\n<p>Social- och h\u00e4lsov\u00e5rden ska vara tillg\u00e4nglig. Det ska vara l\u00e4tt att f\u00e5 kontakt med v\u00e5rden, oavsett vilket kontakts\u00e4tt du f\u00f6redrar. Det ska vara l\u00e5g tr\u00f6skel f\u00f6r att be om hj\u00e4lp, oavsett vad det handlar om. Tj\u00e4nsterna som erbjuds ska vara m\u00e5ngsidiga och svara p\u00e5 det behov som finns. Du ska f\u00e5 den v\u00e5rd och hj\u00e4lp du beh\u00f6ver, och inte bollas fr\u00e5n lucka till lucka. Du ska f\u00e5 v\u00e5rd p\u00e5 eget modersm\u00e5l. De geografiska avst\u00e5ndena kan endast delvis \u00f6verbyggas av distanstj\u00e4nster. Punkter f\u00f6r n\u00e4rservice ska finnas kvar men de digitala och mobila tj\u00e4nsterna beh\u00f6ver utvecklas kraftigt.<\/p>\n<p>En trygg \u00e4ldreomsorg \u00e5stadkommer vi b\u00e4st genom ett brett utbud av tj\u00e4nster. Du ska k\u00e4nna dig trygg att bo hemma och kunna vara s\u00e4ker p\u00e5 att du f\u00e5r hj\u00e4lp n\u00e4r du beh\u00f6ver det. Nya l\u00f6sningar beh\u00f6vs f\u00f6r att tj\u00e4nsterna ska r\u00e4cka till alla.<\/p>\n<p>Ambulans, brandk\u00e5r och andra r\u00e4ddningstj\u00e4nster ska vara p\u00e5litliga. Du ska kunna lita p\u00e5 att hj\u00e4lp kommer, om det v\u00e4rsta skulle h\u00e4nda, oavsett plats eller tid p\u00e5 dygnet. Vi jobbar f\u00f6r att trygga tillr\u00e4ckliga resurser f\u00f6r att uppr\u00e4tth\u00e5lla beredskapen, \u00e4ven i gr\u00e4nsomr\u00e5den, p\u00e5 landsbygden och i sk\u00e4rg\u00e5rden.<\/p>\n<p>En bra personalpolitik \u00e4r nyckeln till v\u00e4lf\u00e4rdsomr\u00e5denas framg\u00e5ng. Vi vill skapa arbetsro f\u00f6r personalen. Anst\u00e4llda ska kunna p\u00e5verka sitt jobb och de ska f\u00e5 utf\u00f6ra de uppgifter de \u00e4r utbildade till. En motiverad och kunnig personal \u00e4r en f\u00f6ruts\u00e4ttning f\u00f6r fungerande v\u00e4lf\u00e4rdsomr\u00e5den.<\/p>\n<h2>SFP:s fullm\u00e4ktigegrupp i \u00d6stra Nylands v\u00e4lf\u00e4rdsomr\u00e5de jobbar f\u00f6r:<\/h2>\n<ul>\n<li>att det ska vara l\u00e4tt att f\u00e5 kontakt med v\u00e5rden<\/li>\n<li>att v\u00e5rden i \u00d6stra Nyland fungerar<\/li>\n<li>att det ska finnas en fysisk servicepunkt i varje kommun<\/li>\n<li>att HUS tillsammans med v\u00e4lf\u00e4rdsomr\u00e5det investerar i ett nytt v\u00e4lf\u00e4rdskampus d\u00e4r man kan f\u00e5 b\u00e5de specialsjukv\u00e5rd och prim\u00e4rv\u00e5rd<\/li>\n<li>att minska anv\u00e4ndningen av inhyrd arbetskraft i v\u00e5rden och anlita mer egen personal<\/li>\n<li>att bevaka det svenska spr\u00e5kets st\u00e4llning inom v\u00e4lf\u00e4rdsomr\u00e5det<\/li>\n<li>att det ska finnas \u00e4ldrev\u00e5rd som n\u00e4rservice \u00e4ven i regionens randomr\u00e5den<\/li>\n<li>att v\u00e4lf\u00e4rdsomr\u00e5det satsar p\u00e5 f\u00f6rebyggande verksamhet och v\u00e5rd i tidigt skede<\/li>\n<li>att alla har en egenl\u00e4kare p\u00e5 n\u00e4ra h\u00e5ll och som kan ditt spr\u00e5k<\/li>\n<li>att det finns brandk\u00e5r n\u00e4ra dig som kan hj\u00e4lpa dig ifall det sker en brand eller olycka<\/li>\n<\/ul>\n<p>&nbsp;<\/p>\n<p><strong><a href=\"https:\/\/val.sfp.fi\/valfardsomradesval\/valfardsomrade\/ostra-nyland\/\">Tillbaka till v\u00e4lf\u00e4rdsomr\u00e5det<\/a><\/strong><\/p>\n","protected":false},"excerpt":{"rendered":"<p>Tillbaka till v\u00e4lf\u00e4rdsomr\u00e5det SFP jobbar f\u00f6r att v\u00e5rden ska vara h\u00f6gklassig och tillg\u00e4nglig f\u00f6r alla, oavsett bostadsort, inkomst eller modersm\u00e5l. Vi vill att alla inv\u00e5nare ska k\u00e4nna sig trygga oberoende<a class=\"excerpt-read-more\" href=\"https:\/\/val.sfp.fi\/valfardsomradesval\/valprogram-for-ostra-nylands-valfardsomrade\/\" title=\"L\u00e4sValprogram f\u00f6r \u00d6stra Nylands v\u00e4lf\u00e4rdsomr\u00e5de\">&#8230;<\/a><\/p>\n","protected":false},"author":145,"featured_media":0,"parent":0,"menu_order":0,"comment_status":"closed","ping_status":"closed","template":"","meta":{"_acf_changed":false,"footnotes":""},"class_list":["post-44786","page","type-page","status-publish","hentry"],"acf":[],"yoast_head":"<!-- This site is optimized with the Yoast SEO plugin v27.2 - https:\/\/yoast.com\/product\/yoast-seo-wordpress\/ -->\n<title>Valprogram f\u00f6r \u00d6stra Nylands v\u00e4lf\u00e4rdsomr\u00e5de &#8212; V\u00e4lf\u00e4rdsomr\u00e5desval 2025<\/title>\n<meta name=\"robots\" content=\"index, follow, max-snippet:-1, max-image-preview:large, max-video-preview:-1\" \/>\n<link rel=\"canonical\" href=\"https:\/\/val.sfp.fi\/valfardsomradesval\/valprogram-for-ostra-nylands-valfardsomrade\/\" \/>\n<meta property=\"og:locale\" content=\"sv_SE\" \/>\n<meta property=\"og:type\" content=\"article\" \/>\n<meta property=\"og:title\" content=\"Valprogram f\u00f6r \u00d6stra Nylands v\u00e4lf\u00e4rdsomr\u00e5de &#8212; V\u00e4lf\u00e4rdsomr\u00e5desval 2025\" \/>\n<meta property=\"og:description\" content=\"Tillbaka till v\u00e4lf\u00e4rdsomr\u00e5det SFP jobbar f\u00f6r att v\u00e5rden ska vara h\u00f6gklassig och tillg\u00e4nglig f\u00f6r alla, oavsett bostadsort, inkomst eller modersm\u00e5l. Vi vill att alla inv\u00e5nare ska k\u00e4nna sig trygga oberoende...\" \/>\n<meta property=\"og:url\" content=\"https:\/\/val.sfp.fi\/valfardsomradesval\/valprogram-for-ostra-nylands-valfardsomrade\/\" \/>\n<meta property=\"og:site_name\" content=\"V\u00e4lf\u00e4rdsomr\u00e5desval 2025\" \/>\n<meta property=\"article:publisher\" content=\"https:\/\/www.facebook.com\/sfprkp\/\" \/>\n<meta property=\"article:modified_time\" content=\"2025-03-08T16:20:36+00:00\" \/>\n<meta property=\"og:image\" content=\"https:\/\/val.sfp.fi\/valfardsomradesval\/wp-content\/uploads\/SFP-RKP-logo.jpg\" \/>\n\t<meta property=\"og:image:width\" content=\"1483\" \/>\n\t<meta property=\"og:image:height\" content=\"1483\" \/>\n\t<meta property=\"og:image:type\" content=\"image\/jpeg\" \/>\n<meta name=\"twitter:label1\" content=\"Ber\u00e4knad l\u00e4stid\" \/>\n\t<meta name=\"twitter:data1\" content=\"3 minuter\" \/>\n<script type=\"application\/ld+json\" class=\"yoast-schema-graph\">{\"@context\":\"https:\/\/schema.org\",\"@graph\":[{\"@type\":\"WebPage\",\"@id\":\"https:\/\/val.sfp.fi\/valfardsomradesval\/valprogram-for-ostra-nylands-valfardsomrade\/\",\"url\":\"https:\/\/val.sfp.fi\/valfardsomradesval\/valprogram-for-ostra-nylands-valfardsomrade\/\",\"name\":\"Valprogram f\u00f6r \u00d6stra Nylands v\u00e4lf\u00e4rdsomr\u00e5de &#8212; V\u00e4lf\u00e4rdsomr\u00e5desval 2025\",\"isPartOf\":{\"@id\":\"https:\/\/val.sfp.fi\/valfardsomradesval\/#website\"},\"datePublished\":\"2025-02-14T12:21:06+00:00\",\"dateModified\":\"2025-03-08T16:20:36+00:00\",\"breadcrumb\":{\"@id\":\"https:\/\/val.sfp.fi\/valfardsomradesval\/valprogram-for-ostra-nylands-valfardsomrade\/#breadcrumb\"},\"inLanguage\":\"sv-SE\",\"potentialAction\":[{\"@type\":\"ReadAction\",\"target\":[\"https:\/\/val.sfp.fi\/valfardsomradesval\/valprogram-for-ostra-nylands-valfardsomrade\/\"]}]},{\"@type\":\"BreadcrumbList\",\"@id\":\"https:\/\/val.sfp.fi\/valfardsomradesval\/valprogram-for-ostra-nylands-valfardsomrade\/#breadcrumb\",\"itemListElement\":[{\"@type\":\"ListItem\",\"position\":1,\"name\":\"Home\",\"item\":\"https:\/\/val.sfp.fi\/valfardsomradesval\/\"},{\"@type\":\"ListItem\",\"position\":2,\"name\":\"Valprogram f\u00f6r \u00d6stra Nylands v\u00e4lf\u00e4rdsomr\u00e5de\"}]},{\"@type\":\"WebSite\",\"@id\":\"https:\/\/val.sfp.fi\/valfardsomradesval\/#website\",\"url\":\"https:\/\/val.sfp.fi\/valfardsomradesval\/\",\"name\":\"SFP - V\u00e4lf\u00e4rdsomr\u00e5desval 2025\",\"description\":\"\",\"publisher\":{\"@id\":\"https:\/\/val.sfp.fi\/valfardsomradesval\/#organization\"},\"potentialAction\":[{\"@type\":\"SearchAction\",\"target\":{\"@type\":\"EntryPoint\",\"urlTemplate\":\"https:\/\/val.sfp.fi\/valfardsomradesval\/?s={search_term_string}\"},\"query-input\":{\"@type\":\"PropertyValueSpecification\",\"valueRequired\":true,\"valueName\":\"search_term_string\"}}],\"inLanguage\":\"sv-SE\"},{\"@type\":\"Organization\",\"@id\":\"https:\/\/val.sfp.fi\/valfardsomradesval\/#organization\",\"name\":\"SFP RKP\",\"url\":\"https:\/\/val.sfp.fi\/valfardsomradesval\/\",\"logo\":{\"@type\":\"ImageObject\",\"inLanguage\":\"sv-SE\",\"@id\":\"https:\/\/val.sfp.fi\/valfardsomradesval\/#\/schema\/logo\/image\/\",\"url\":\"https:\/\/val.sfp.fi\/valfardsomradesval\/wp-content\/uploads\/SFP-RKP-logo.jpg\",\"contentUrl\":\"https:\/\/val.sfp.fi\/valfardsomradesval\/wp-content\/uploads\/SFP-RKP-logo.jpg\",\"width\":1483,\"height\":1483,\"caption\":\"SFP RKP\"},\"image\":{\"@id\":\"https:\/\/val.sfp.fi\/valfardsomradesval\/#\/schema\/logo\/image\/\"},\"sameAs\":[\"https:\/\/www.facebook.com\/sfprkp\/\",\"https:\/\/x.com\/sfprkp\",\"https:\/\/www.instagram.com\/sfprkp\/\",\"https:\/\/www.youtube.com\/sfprkp\",\"https:\/\/sv.wikipedia.org\/wiki\/Svenska_folkpartiet\"]}]}<\/script>\n<!-- \/ Yoast SEO plugin. -->","yoast_head_json":{"title":"Valprogram f\u00f6r \u00d6stra Nylands v\u00e4lf\u00e4rdsomr\u00e5de &#8212; V\u00e4lf\u00e4rdsomr\u00e5desval 2025","robots":{"index":"index","follow":"follow","max-snippet":"max-snippet:-1","max-image-preview":"max-image-preview:large","max-video-preview":"max-video-preview:-1"},"canonical":"https:\/\/val.sfp.fi\/valfardsomradesval\/valprogram-for-ostra-nylands-valfardsomrade\/","og_locale":"sv_SE","og_type":"article","og_title":"Valprogram f\u00f6r \u00d6stra Nylands v\u00e4lf\u00e4rdsomr\u00e5de &#8212; V\u00e4lf\u00e4rdsomr\u00e5desval 2025","og_description":"Tillbaka till v\u00e4lf\u00e4rdsomr\u00e5det SFP jobbar f\u00f6r att v\u00e5rden ska vara h\u00f6gklassig och tillg\u00e4nglig f\u00f6r alla, oavsett bostadsort, inkomst eller modersm\u00e5l. Vi vill att alla inv\u00e5nare ska k\u00e4nna sig trygga oberoende...","og_url":"https:\/\/val.sfp.fi\/valfardsomradesval\/valprogram-for-ostra-nylands-valfardsomrade\/","og_site_name":"V\u00e4lf\u00e4rdsomr\u00e5desval 2025","article_publisher":"https:\/\/www.facebook.com\/sfprkp\/","article_modified_time":"2025-03-08T16:20:36+00:00","og_image":[{"width":1483,"height":1483,"url":"https:\/\/val.sfp.fi\/valfardsomradesval\/wp-content\/uploads\/SFP-RKP-logo.jpg","type":"image\/jpeg"}],"twitter_misc":{"Ber\u00e4knad l\u00e4stid":"3 minuter"},"schema":{"@context":"https:\/\/schema.org","@graph":[{"@type":"WebPage","@id":"https:\/\/val.sfp.fi\/valfardsomradesval\/valprogram-for-ostra-nylands-valfardsomrade\/","url":"https:\/\/val.sfp.fi\/valfardsomradesval\/valprogram-for-ostra-nylands-valfardsomrade\/","name":"Valprogram f\u00f6r \u00d6stra Nylands v\u00e4lf\u00e4rdsomr\u00e5de &#8212; V\u00e4lf\u00e4rdsomr\u00e5desval 2025","isPartOf":{"@id":"https:\/\/val.sfp.fi\/valfardsomradesval\/#website"},"datePublished":"2025-02-14T12:21:06+00:00","dateModified":"2025-03-08T16:20:36+00:00","breadcrumb":{"@id":"https:\/\/val.sfp.fi\/valfardsomradesval\/valprogram-for-ostra-nylands-valfardsomrade\/#breadcrumb"},"inLanguage":"sv-SE","potentialAction":[{"@type":"ReadAction","target":["https:\/\/val.sfp.fi\/valfardsomradesval\/valprogram-for-ostra-nylands-valfardsomrade\/"]}]},{"@type":"BreadcrumbList","@id":"https:\/\/val.sfp.fi\/valfardsomradesval\/valprogram-for-ostra-nylands-valfardsomrade\/#breadcrumb","itemListElement":[{"@type":"ListItem","position":1,"name":"Home","item":"https:\/\/val.sfp.fi\/valfardsomradesval\/"},{"@type":"ListItem","position":2,"name":"Valprogram f\u00f6r \u00d6stra Nylands v\u00e4lf\u00e4rdsomr\u00e5de"}]},{"@type":"WebSite","@id":"https:\/\/val.sfp.fi\/valfardsomradesval\/#website","url":"https:\/\/val.sfp.fi\/valfardsomradesval\/","name":"SFP - V\u00e4lf\u00e4rdsomr\u00e5desval 2025","description":"","publisher":{"@id":"https:\/\/val.sfp.fi\/valfardsomradesval\/#organization"},"potentialAction":[{"@type":"SearchAction","target":{"@type":"EntryPoint","urlTemplate":"https:\/\/val.sfp.fi\/valfardsomradesval\/?s={search_term_string}"},"query-input":{"@type":"PropertyValueSpecification","valueRequired":true,"valueName":"search_term_string"}}],"inLanguage":"sv-SE"},{"@type":"Organization","@id":"https:\/\/val.sfp.fi\/valfardsomradesval\/#organization","name":"SFP RKP","url":"https:\/\/val.sfp.fi\/valfardsomradesval\/","logo":{"@type":"ImageObject","inLanguage":"sv-SE","@id":"https:\/\/val.sfp.fi\/valfardsomradesval\/#\/schema\/logo\/image\/","url":"https:\/\/val.sfp.fi\/valfardsomradesval\/wp-content\/uploads\/SFP-RKP-logo.jpg","contentUrl":"https:\/\/val.sfp.fi\/valfardsomradesval\/wp-content\/uploads\/SFP-RKP-logo.jpg","width":1483,"height":1483,"caption":"SFP RKP"},"image":{"@id":"https:\/\/val.sfp.fi\/valfardsomradesval\/#\/schema\/logo\/image\/"},"sameAs":["https:\/\/www.facebook.com\/sfprkp\/","https:\/\/x.com\/sfprkp","https:\/\/www.instagram.com\/sfprkp\/","https:\/\/www.youtube.com\/sfprkp","https:\/\/sv.wikipedia.org\/wiki\/Svenska_folkpartiet"]}]}},"lang":"sv","translations":{"sv":44786,"fi":46327,"en":46332},"pll_sync_post":[],"_links":{"self":[{"href":"https:\/\/val.sfp.fi\/valfardsomradesval\/wp-json\/wp\/v2\/pages\/44786","targetHints":{"allow":["GET"]}}],"collection":[{"href":"https:\/\/val.sfp.fi\/valfardsomradesval\/wp-json\/wp\/v2\/pages"}],"about":[{"href":"https:\/\/val.sfp.fi\/valfardsomradesval\/wp-json\/wp\/v2\/types\/page"}],"author":[{"embeddable":true,"href":"https:\/\/val.sfp.fi\/valfardsomradesval\/wp-json\/wp\/v2\/users\/145"}],"replies":[{"embeddable":true,"href":"https:\/\/val.sfp.fi\/valfardsomradesval\/wp-json\/wp\/v2\/comments?post=44786"}],"version-history":[{"count":7,"href":"https:\/\/val.sfp.fi\/valfardsomradesval\/wp-json\/wp\/v2\/pages\/44786\/revisions"}],"predecessor-version":[{"id":46282,"href":"https:\/\/val.sfp.fi\/valfardsomradesval\/wp-json\/wp\/v2\/pages\/44786\/revisions\/46282"}],"wp:attachment":[{"href":"https:\/\/val.sfp.fi\/valfardsomradesval\/wp-json\/wp\/v2\/media?parent=44786"}],"curies":[{"name":"wp","href":"https:\/\/api.w.org\/{rel}","templated":true}]}}