{"id":40372,"date":"2024-11-20T15:32:02","date_gmt":"2024-11-20T13:32:02","guid":{"rendered":"https:\/\/stageval.sfp.fi\/valfardsomradesval\/?page_id=40372"},"modified":"2024-12-19T10:17:15","modified_gmt":"2024-12-19T08:17:15","slug":"kirjaudu","status":"publish","type":"page","link":"https:\/\/val.sfp.fi\/valfardsomradesval\/fi\/kirjaudu\/","title":{"rendered":"Kirjaudu"},"content":{"rendered":"<input type=\"hidden\" id=\"email_login_nonce_field\" name=\"email_login_nonce_field\" value=\"1935ef7c9b\" \/><input type=\"hidden\" name=\"_wp_http_referer\" value=\"\/valfardsomradesval\/wp-json\/wp\/v2\/pages\/40372\" \/>        <form id=\"email-login-form\">\n            <p style=\"display: none;\">\n                <label for=\"confirm_email\">Confirm Email<\/label>\n                <input type=\"text\" name=\"confirm_email\" id=\"confirm_email\" value=\"\" size=\"20\" \/>\n            <\/p>\n            <p>\n\t            Enter your email address and we will send you a login link.            <\/p>\n            <p class=\"email-field\">\n                <label for=\"user_email\">Email address*<\/label>\n                <input type=\"email\" name=\"user_email\" id=\"user_email\" class=\"input\" value=\"\" size=\"20\" required \/>\n                <div id=\"formText\" style=\"padding: 10px 0; color:#0089cf;\"><\/div>\n            <\/p>\n            <p class=\"submit\">\n                <input type=\"submit\" name=\"wp-submit\" id=\"loginButton\" class=\"button button-primary button-large loginButton blue-button\" value=\"Send the link\" \/>\n                <input type=\"hidden\" name=\"redirect_to\" value=\"https:\/\/val.sfp.fi\/valfardsomradesval\" \/>\n            <\/p>\n            <p>Logga in med l\u00f6senord <a href=\"https:\/\/val.sfp.fi\/valfardsomradesval\/wp-admin\">H\u00e4r<\/a><\/p>\n            <p>Ifall du inte f\u00e5r inloggningsl\u00e4nken eller har andra problem med inloggningen kan du vara i kontakt med <a href=\"mailto:info@sfp.fi\">info@sfp.fi<\/a><\/p>\n\n        <\/form>\n        \n","protected":false},"excerpt":{"rendered":"","protected":false},"author":3445,"featured_media":0,"parent":0,"menu_order":0,"comment_status":"closed","ping_status":"closed","template":"template-loggain.php","meta":{"_acf_changed":false,"footnotes":""},"class_list":["post-40372","page","type-page","status-publish","hentry"],"acf":[],"yoast_head":"<!-- This site is optimized with the Yoast SEO plugin v27.2 - https:\/\/yoast.com\/product\/yoast-seo-wordpress\/ -->\n<title>Kirjaudu &#8212; V\u00e4lf\u00e4rdsomr\u00e5desval 2025<\/title>\n<meta name=\"robots\" content=\"index, follow, max-snippet:-1, max-image-preview:large, max-video-preview:-1\" \/>\n<link rel=\"canonical\" href=\"https:\/\/val.sfp.fi\/valfardsomradesval\/fi\/kirjaudu\/\" \/>\n<meta property=\"og:locale\" content=\"sv_SE\" \/>\n<meta property=\"og:type\" content=\"article\" \/>\n<meta property=\"og:title\" content=\"Kirjaudu &#8212; V\u00e4lf\u00e4rdsomr\u00e5desval 2025\" \/>\n<meta property=\"og:url\" content=\"https:\/\/val.sfp.fi\/valfardsomradesval\/fi\/kirjaudu\/\" \/>\n<meta property=\"og:site_name\" content=\"V\u00e4lf\u00e4rdsomr\u00e5desval 2025\" \/>\n<meta property=\"article:publisher\" content=\"https:\/\/www.facebook.com\/sfprkp\/\" \/>\n<meta property=\"article:modified_time\" content=\"2024-12-19T08:17:15+00:00\" \/>\n<meta property=\"og:image\" content=\"https:\/\/val.sfp.fi\/valfardsomradesval\/wp-content\/uploads\/SFP-RKP-logo.jpg\" \/>\n\t<meta property=\"og:image:width\" content=\"1483\" \/>\n\t<meta property=\"og:image:height\" content=\"1483\" \/>\n\t<meta property=\"og:image:type\" content=\"image\/jpeg\" \/>\n<meta name=\"twitter:label1\" content=\"Ber\u00e4knad l\u00e4stid\" \/>\n\t<meta name=\"twitter:data1\" content=\"1 minut\" \/>\n<script type=\"application\/ld+json\" class=\"yoast-schema-graph\">{\"@context\":\"https:\/\/schema.org\",\"@graph\":[{\"@type\":\"WebPage\",\"@id\":\"https:\/\/val.sfp.fi\/valfardsomradesval\/fi\/kirjaudu\/\",\"url\":\"https:\/\/val.sfp.fi\/valfardsomradesval\/fi\/kirjaudu\/\",\"name\":\"Kirjaudu &#8212; V\u00e4lf\u00e4rdsomr\u00e5desval 2025\",\"isPartOf\":{\"@id\":\"https:\/\/val.sfp.fi\/valfardsomradesval\/#website\"},\"datePublished\":\"2024-11-20T13:32:02+00:00\",\"dateModified\":\"2024-12-19T08:17:15+00:00\",\"breadcrumb\":{\"@id\":\"https:\/\/val.sfp.fi\/valfardsomradesval\/fi\/kirjaudu\/#breadcrumb\"},\"inLanguage\":\"sv-SE\",\"potentialAction\":[{\"@type\":\"ReadAction\",\"target\":[\"https:\/\/val.sfp.fi\/valfardsomradesval\/fi\/kirjaudu\/\"]}]},{\"@type\":\"BreadcrumbList\",\"@id\":\"https:\/\/val.sfp.fi\/valfardsomradesval\/fi\/kirjaudu\/#breadcrumb\",\"itemListElement\":[{\"@type\":\"ListItem\",\"position\":1,\"name\":\"Home\",\"item\":\"https:\/\/val.sfp.fi\/valfardsomradesval\/\"},{\"@type\":\"ListItem\",\"position\":2,\"name\":\"Kirjaudu\"}]},{\"@type\":\"WebSite\",\"@id\":\"https:\/\/val.sfp.fi\/valfardsomradesval\/#website\",\"url\":\"https:\/\/val.sfp.fi\/valfardsomradesval\/\",\"name\":\"SFP - V\u00e4lf\u00e4rdsomr\u00e5desval 2025\",\"description\":\"\",\"publisher\":{\"@id\":\"https:\/\/val.sfp.fi\/valfardsomradesval\/#organization\"},\"potentialAction\":[{\"@type\":\"SearchAction\",\"target\":{\"@type\":\"EntryPoint\",\"urlTemplate\":\"https:\/\/val.sfp.fi\/valfardsomradesval\/?s={search_term_string}\"},\"query-input\":{\"@type\":\"PropertyValueSpecification\",\"valueRequired\":true,\"valueName\":\"search_term_string\"}}],\"inLanguage\":\"sv-SE\"},{\"@type\":\"Organization\",\"@id\":\"https:\/\/val.sfp.fi\/valfardsomradesval\/#organization\",\"name\":\"SFP RKP\",\"url\":\"https:\/\/val.sfp.fi\/valfardsomradesval\/\",\"logo\":{\"@type\":\"ImageObject\",\"inLanguage\":\"sv-SE\",\"@id\":\"https:\/\/val.sfp.fi\/valfardsomradesval\/#\/schema\/logo\/image\/\",\"url\":\"https:\/\/val.sfp.fi\/valfardsomradesval\/wp-content\/uploads\/SFP-RKP-logo.jpg\",\"contentUrl\":\"https:\/\/val.sfp.fi\/valfardsomradesval\/wp-content\/uploads\/SFP-RKP-logo.jpg\",\"width\":1483,\"height\":1483,\"caption\":\"SFP RKP\"},\"image\":{\"@id\":\"https:\/\/val.sfp.fi\/valfardsomradesval\/#\/schema\/logo\/image\/\"},\"sameAs\":[\"https:\/\/www.facebook.com\/sfprkp\/\",\"https:\/\/x.com\/sfprkp\",\"https:\/\/www.instagram.com\/sfprkp\/\",\"https:\/\/www.youtube.com\/sfprkp\",\"https:\/\/sv.wikipedia.org\/wiki\/Svenska_folkpartiet\"]}]}<\/script>\n<!-- \/ Yoast SEO plugin. -->","yoast_head_json":{"title":"Kirjaudu &#8212; V\u00e4lf\u00e4rdsomr\u00e5desval 2025","robots":{"index":"index","follow":"follow","max-snippet":"max-snippet:-1","max-image-preview":"max-image-preview:large","max-video-preview":"max-video-preview:-1"},"canonical":"https:\/\/val.sfp.fi\/valfardsomradesval\/fi\/kirjaudu\/","og_locale":"sv_SE","og_type":"article","og_title":"Kirjaudu &#8212; V\u00e4lf\u00e4rdsomr\u00e5desval 2025","og_url":"https:\/\/val.sfp.fi\/valfardsomradesval\/fi\/kirjaudu\/","og_site_name":"V\u00e4lf\u00e4rdsomr\u00e5desval 2025","article_publisher":"https:\/\/www.facebook.com\/sfprkp\/","article_modified_time":"2024-12-19T08:17:15+00:00","og_image":[{"width":1483,"height":1483,"url":"https:\/\/val.sfp.fi\/valfardsomradesval\/wp-content\/uploads\/SFP-RKP-logo.jpg","type":"image\/jpeg"}],"twitter_misc":{"Ber\u00e4knad l\u00e4stid":"1 minut"},"schema":{"@context":"https:\/\/schema.org","@graph":[{"@type":"WebPage","@id":"https:\/\/val.sfp.fi\/valfardsomradesval\/fi\/kirjaudu\/","url":"https:\/\/val.sfp.fi\/valfardsomradesval\/fi\/kirjaudu\/","name":"Kirjaudu &#8212; V\u00e4lf\u00e4rdsomr\u00e5desval 2025","isPartOf":{"@id":"https:\/\/val.sfp.fi\/valfardsomradesval\/#website"},"datePublished":"2024-11-20T13:32:02+00:00","dateModified":"2024-12-19T08:17:15+00:00","breadcrumb":{"@id":"https:\/\/val.sfp.fi\/valfardsomradesval\/fi\/kirjaudu\/#breadcrumb"},"inLanguage":"sv-SE","potentialAction":[{"@type":"ReadAction","target":["https:\/\/val.sfp.fi\/valfardsomradesval\/fi\/kirjaudu\/"]}]},{"@type":"BreadcrumbList","@id":"https:\/\/val.sfp.fi\/valfardsomradesval\/fi\/kirjaudu\/#breadcrumb","itemListElement":[{"@type":"ListItem","position":1,"name":"Home","item":"https:\/\/val.sfp.fi\/valfardsomradesval\/"},{"@type":"ListItem","position":2,"name":"Kirjaudu"}]},{"@type":"WebSite","@id":"https:\/\/val.sfp.fi\/valfardsomradesval\/#website","url":"https:\/\/val.sfp.fi\/valfardsomradesval\/","name":"SFP - V\u00e4lf\u00e4rdsomr\u00e5desval 2025","description":"","publisher":{"@id":"https:\/\/val.sfp.fi\/valfardsomradesval\/#organization"},"potentialAction":[{"@type":"SearchAction","target":{"@type":"EntryPoint","urlTemplate":"https:\/\/val.sfp.fi\/valfardsomradesval\/?s={search_term_string}"},"query-input":{"@type":"PropertyValueSpecification","valueRequired":true,"valueName":"search_term_string"}}],"inLanguage":"sv-SE"},{"@type":"Organization","@id":"https:\/\/val.sfp.fi\/valfardsomradesval\/#organization","name":"SFP RKP","url":"https:\/\/val.sfp.fi\/valfardsomradesval\/","logo":{"@type":"ImageObject","inLanguage":"sv-SE","@id":"https:\/\/val.sfp.fi\/valfardsomradesval\/#\/schema\/logo\/image\/","url":"https:\/\/val.sfp.fi\/valfardsomradesval\/wp-content\/uploads\/SFP-RKP-logo.jpg","contentUrl":"https:\/\/val.sfp.fi\/valfardsomradesval\/wp-content\/uploads\/SFP-RKP-logo.jpg","width":1483,"height":1483,"caption":"SFP RKP"},"image":{"@id":"https:\/\/val.sfp.fi\/valfardsomradesval\/#\/schema\/logo\/image\/"},"sameAs":["https:\/\/www.facebook.com\/sfprkp\/","https:\/\/x.com\/sfprkp","https:\/\/www.instagram.com\/sfprkp\/","https:\/\/www.youtube.com\/sfprkp","https:\/\/sv.wikipedia.org\/wiki\/Svenska_folkpartiet"]}]}},"lang":"fi","translations":{"fi":40372,"sv":40377,"en":40379},"pll_sync_post":[],"_links":{"self":[{"href":"https:\/\/val.sfp.fi\/valfardsomradesval\/wp-json\/wp\/v2\/pages\/40372","targetHints":{"allow":["GET"]}}],"collection":[{"href":"https:\/\/val.sfp.fi\/valfardsomradesval\/wp-json\/wp\/v2\/pages"}],"about":[{"href":"https:\/\/val.sfp.fi\/valfardsomradesval\/wp-json\/wp\/v2\/types\/page"}],"author":[{"embeddable":true,"href":"https:\/\/val.sfp.fi\/valfardsomradesval\/wp-json\/wp\/v2\/users\/3445"}],"replies":[{"embeddable":true,"href":"https:\/\/val.sfp.fi\/valfardsomradesval\/wp-json\/wp\/v2\/comments?post=40372"}],"version-history":[{"count":2,"href":"https:\/\/val.sfp.fi\/valfardsomradesval\/wp-json\/wp\/v2\/pages\/40372\/revisions"}],"predecessor-version":[{"id":40374,"href":"https:\/\/val.sfp.fi\/valfardsomradesval\/wp-json\/wp\/v2\/pages\/40372\/revisions\/40374"}],"wp:attachment":[{"href":"https:\/\/val.sfp.fi\/valfardsomradesval\/wp-json\/wp\/v2\/media?parent=40372"}],"curies":[{"name":"wp","href":"https:\/\/api.w.org\/{rel}","templated":true}]}}