{"id":818,"date":"2019-02-11T12:06:22","date_gmt":"2019-02-11T10:06:22","guid":{"rendered":"https:\/\/kommunalval.sfp.fi\/?page_id=818"},"modified":"2025-01-27T12:11:51","modified_gmt":"2025-01-27T10:11:51","slug":"ehdokasinfo","status":"publish","type":"page","link":"https:\/\/val.sfp.fi\/kommunalval\/en\/ehdokasinfo\/","title":{"rendered":"Ehdokasinfo"},"content":{"rendered":"<h3>Kort om kandidatsidan<\/h3>\n<p>Din kandidatbild och -video laddas upp automatiskt. Om din bild saknas \u00e4r det allts\u00e5 inget problem, den dyker upp!<\/p>\n<p>Sidan \u00f6ppnar den 28.2. Var v\u00e4nliga och dela inte din profil innan den 28.2.<\/p>\n<h3>Hur du loggar in\/\u00e4ndrar l\u00f6senord<\/h3>\n<p>Kandidaternas anv\u00e4ndarkonto \u00e4r f\u00f6rknippat med den e-postadress som inbjudan har skickats till. E-postadressen fungerar som ditt anv\u00e4ndarnamn.<\/p>\n<p>Till din kandidatsida kan du logga in\u00a0<a href=\"https:\/\/kommunalval.sfp.fi\/kandidat-info\/#\">h\u00e4r \u203a<\/a><\/p>\n<p>Ifall du har gl\u00f6mt l\u00f6senordet, s\u00e5 kan du \u00e5terst\u00e4lla det\u00a0<a href=\"https:\/\/kommunalval.sfp.fi\/kandidat-info\/#\">h\u00e4r \u203a<\/a><\/p>\n<h3>Hurdan sorts information v\u00e4ntas du fylla i?<\/h3>\n<p>Ber\u00e4tta kort och sakligt om dig sj\u00e4lv och de valteman du tycker \u00e4r viktiga.<\/p>\n<h3>Hur inverkar det ifyllda inneh\u00e5llet i hur r\u00f6starna kan sortera kandidater enligt viktiga valtema?<\/h3>\n<p>V\u00e4lj de tre teman som \u00e4r viktigast f\u00f6r dig. De bes\u00f6kare som v\u00e4ljer att filtrera kandidaterna enligt sina viktigaste politiska fr\u00e5gor ser kandidaterna enligt hur v\u00e4l de politiska fr\u00e5gorna matchar.<\/p>\n<h3>Vart kan du ringa \/ ta kontakt, ifall det uppst\u00e5r problem?<\/h3>\n<p><a href=\"mailto:info@sfp.fi\">info@sfp.fi<\/a>, 045-6579659 eller 040 561 0970.<\/p>\n","protected":false},"excerpt":{"rendered":"<p>Kort om kandidatsidan Din kandidatbild och -video laddas upp automatiskt. Om din bild saknas \u00e4r det allts\u00e5 inget problem, den dyker upp! Sidan \u00f6ppnar den 28.2. Var v\u00e4nliga och dela<a class=\"excerpt-read-more\" href=\"https:\/\/val.sfp.fi\/kommunalval\/en\/ehdokasinfo\/\" title=\"L\u00e4sEhdokasinfo\">&#8230;<\/a><\/p>\n","protected":false},"author":1,"featured_media":0,"parent":0,"menu_order":0,"comment_status":"closed","ping_status":"closed","template":"template-kandidat-info.php","meta":{"_acf_changed":false,"footnotes":""},"class_list":["post-818","page","type-page","status-publish","hentry"],"acf":[],"yoast_head":"<!-- This site is optimized with the Yoast SEO plugin v27.2 - https:\/\/yoast.com\/product\/yoast-seo-wordpress\/ -->\n<title>Ehdokasinfo - Kommunalvalet 2025<\/title>\n<meta name=\"robots\" content=\"index, follow, max-snippet:-1, max-image-preview:large, max-video-preview:-1\" \/>\n<link rel=\"canonical\" href=\"https:\/\/val.sfp.fi\/kommunalval\/en\/ehdokasinfo\/\" \/>\n<meta property=\"og:locale\" content=\"sv_SE\" \/>\n<meta property=\"og:type\" content=\"article\" \/>\n<meta property=\"og:title\" content=\"Ehdokasinfo - Kommunalvalet 2025\" \/>\n<meta property=\"og:description\" content=\"Kort om kandidatsidan Din kandidatbild och -video laddas upp automatiskt. Om din bild saknas \u00e4r det allts\u00e5 inget problem, den dyker upp! Sidan \u00f6ppnar den 28.2. Var v\u00e4nliga och dela...\" \/>\n<meta property=\"og:url\" content=\"https:\/\/val.sfp.fi\/kommunalval\/en\/ehdokasinfo\/\" \/>\n<meta property=\"og:site_name\" content=\"Kommunalvalet 2025\" \/>\n<meta property=\"article:publisher\" content=\"https:\/\/www.facebook.com\/sfprkp\/\" \/>\n<meta property=\"article:modified_time\" content=\"2025-01-27T10:11:51+00:00\" \/>\n<meta property=\"og:image\" content=\"https:\/\/val.sfp.fi\/kommunalval\/wp-content\/uploads\/SFP-RKP-logo-1.jpg\" \/>\n\t<meta property=\"og:image:width\" content=\"1483\" \/>\n\t<meta property=\"og:image:height\" content=\"1483\" \/>\n\t<meta property=\"og:image:type\" content=\"image\/jpeg\" \/>\n<meta name=\"twitter:label1\" content=\"Ber\u00e4knad l\u00e4stid\" \/>\n\t<meta name=\"twitter:data1\" content=\"1 minut\" \/>\n<script type=\"application\/ld+json\" class=\"yoast-schema-graph\">{\"@context\":\"https:\/\/schema.org\",\"@graph\":[{\"@type\":\"WebPage\",\"@id\":\"https:\/\/val.sfp.fi\/kommunalval\/en\/ehdokasinfo\/\",\"url\":\"https:\/\/val.sfp.fi\/kommunalval\/en\/ehdokasinfo\/\",\"name\":\"Ehdokasinfo - Kommunalvalet 2025\",\"isPartOf\":{\"@id\":\"https:\/\/val.sfp.fi\/kommunalval\/#website\"},\"datePublished\":\"2019-02-11T10:06:22+00:00\",\"dateModified\":\"2025-01-27T10:11:51+00:00\",\"breadcrumb\":{\"@id\":\"https:\/\/val.sfp.fi\/kommunalval\/en\/ehdokasinfo\/#breadcrumb\"},\"inLanguage\":\"sv-SE\",\"potentialAction\":[{\"@type\":\"ReadAction\",\"target\":[\"https:\/\/val.sfp.fi\/kommunalval\/en\/ehdokasinfo\/\"]}]},{\"@type\":\"BreadcrumbList\",\"@id\":\"https:\/\/val.sfp.fi\/kommunalval\/en\/ehdokasinfo\/#breadcrumb\",\"itemListElement\":[{\"@type\":\"ListItem\",\"position\":1,\"name\":\"Home\",\"item\":\"https:\/\/val.sfp.fi\/kommunalval\/\"},{\"@type\":\"ListItem\",\"position\":2,\"name\":\"Ehdokasinfo\"}]},{\"@type\":\"WebSite\",\"@id\":\"https:\/\/val.sfp.fi\/kommunalval\/#website\",\"url\":\"https:\/\/val.sfp.fi\/kommunalval\/\",\"name\":\"Kommunalvalet 2025\",\"description\":\"\",\"publisher\":{\"@id\":\"https:\/\/val.sfp.fi\/kommunalval\/#organization\"},\"potentialAction\":[{\"@type\":\"SearchAction\",\"target\":{\"@type\":\"EntryPoint\",\"urlTemplate\":\"https:\/\/val.sfp.fi\/kommunalval\/?s={search_term_string}\"},\"query-input\":{\"@type\":\"PropertyValueSpecification\",\"valueRequired\":true,\"valueName\":\"search_term_string\"}}],\"inLanguage\":\"sv-SE\"},{\"@type\":\"Organization\",\"@id\":\"https:\/\/val.sfp.fi\/kommunalval\/#organization\",\"name\":\"SFP RKP\",\"url\":\"https:\/\/val.sfp.fi\/kommunalval\/\",\"logo\":{\"@type\":\"ImageObject\",\"inLanguage\":\"sv-SE\",\"@id\":\"https:\/\/val.sfp.fi\/kommunalval\/#\/schema\/logo\/image\/\",\"url\":\"https:\/\/val.sfp.fi\/kommunalval\/wp-content\/uploads\/SFP-RKP-logo-1.jpg\",\"contentUrl\":\"https:\/\/val.sfp.fi\/kommunalval\/wp-content\/uploads\/SFP-RKP-logo-1.jpg\",\"width\":1483,\"height\":1483,\"caption\":\"SFP RKP\"},\"image\":{\"@id\":\"https:\/\/val.sfp.fi\/kommunalval\/#\/schema\/logo\/image\/\"},\"sameAs\":[\"https:\/\/www.facebook.com\/sfprkp\/\",\"https:\/\/x.com\/sfprkp\",\"https:\/\/www.instagram.com\/sfprkp\/\",\"https:\/\/www.youtube.com\/sfprkp\"]}]}<\/script>\n<!-- \/ Yoast SEO plugin. -->","yoast_head_json":{"title":"Ehdokasinfo - Kommunalvalet 2025","robots":{"index":"index","follow":"follow","max-snippet":"max-snippet:-1","max-image-preview":"max-image-preview:large","max-video-preview":"max-video-preview:-1"},"canonical":"https:\/\/val.sfp.fi\/kommunalval\/en\/ehdokasinfo\/","og_locale":"sv_SE","og_type":"article","og_title":"Ehdokasinfo - Kommunalvalet 2025","og_description":"Kort om kandidatsidan Din kandidatbild och -video laddas upp automatiskt. Om din bild saknas \u00e4r det allts\u00e5 inget problem, den dyker upp! Sidan \u00f6ppnar den 28.2. Var v\u00e4nliga och dela...","og_url":"https:\/\/val.sfp.fi\/kommunalval\/en\/ehdokasinfo\/","og_site_name":"Kommunalvalet 2025","article_publisher":"https:\/\/www.facebook.com\/sfprkp\/","article_modified_time":"2025-01-27T10:11:51+00:00","og_image":[{"width":1483,"height":1483,"url":"https:\/\/val.sfp.fi\/kommunalval\/wp-content\/uploads\/SFP-RKP-logo-1.jpg","type":"image\/jpeg"}],"twitter_misc":{"Ber\u00e4knad l\u00e4stid":"1 minut"},"schema":{"@context":"https:\/\/schema.org","@graph":[{"@type":"WebPage","@id":"https:\/\/val.sfp.fi\/kommunalval\/en\/ehdokasinfo\/","url":"https:\/\/val.sfp.fi\/kommunalval\/en\/ehdokasinfo\/","name":"Ehdokasinfo - Kommunalvalet 2025","isPartOf":{"@id":"https:\/\/val.sfp.fi\/kommunalval\/#website"},"datePublished":"2019-02-11T10:06:22+00:00","dateModified":"2025-01-27T10:11:51+00:00","breadcrumb":{"@id":"https:\/\/val.sfp.fi\/kommunalval\/en\/ehdokasinfo\/#breadcrumb"},"inLanguage":"sv-SE","potentialAction":[{"@type":"ReadAction","target":["https:\/\/val.sfp.fi\/kommunalval\/en\/ehdokasinfo\/"]}]},{"@type":"BreadcrumbList","@id":"https:\/\/val.sfp.fi\/kommunalval\/en\/ehdokasinfo\/#breadcrumb","itemListElement":[{"@type":"ListItem","position":1,"name":"Home","item":"https:\/\/val.sfp.fi\/kommunalval\/"},{"@type":"ListItem","position":2,"name":"Ehdokasinfo"}]},{"@type":"WebSite","@id":"https:\/\/val.sfp.fi\/kommunalval\/#website","url":"https:\/\/val.sfp.fi\/kommunalval\/","name":"Kommunalvalet 2025","description":"","publisher":{"@id":"https:\/\/val.sfp.fi\/kommunalval\/#organization"},"potentialAction":[{"@type":"SearchAction","target":{"@type":"EntryPoint","urlTemplate":"https:\/\/val.sfp.fi\/kommunalval\/?s={search_term_string}"},"query-input":{"@type":"PropertyValueSpecification","valueRequired":true,"valueName":"search_term_string"}}],"inLanguage":"sv-SE"},{"@type":"Organization","@id":"https:\/\/val.sfp.fi\/kommunalval\/#organization","name":"SFP RKP","url":"https:\/\/val.sfp.fi\/kommunalval\/","logo":{"@type":"ImageObject","inLanguage":"sv-SE","@id":"https:\/\/val.sfp.fi\/kommunalval\/#\/schema\/logo\/image\/","url":"https:\/\/val.sfp.fi\/kommunalval\/wp-content\/uploads\/SFP-RKP-logo-1.jpg","contentUrl":"https:\/\/val.sfp.fi\/kommunalval\/wp-content\/uploads\/SFP-RKP-logo-1.jpg","width":1483,"height":1483,"caption":"SFP RKP"},"image":{"@id":"https:\/\/val.sfp.fi\/kommunalval\/#\/schema\/logo\/image\/"},"sameAs":["https:\/\/www.facebook.com\/sfprkp\/","https:\/\/x.com\/sfprkp","https:\/\/www.instagram.com\/sfprkp\/","https:\/\/www.youtube.com\/sfprkp"]}]}},"lang":"en","translations":{"en":818,"sv":814},"pll_sync_post":[],"_links":{"self":[{"href":"https:\/\/val.sfp.fi\/kommunalval\/wp-json\/wp\/v2\/pages\/818","targetHints":{"allow":["GET"]}}],"collection":[{"href":"https:\/\/val.sfp.fi\/kommunalval\/wp-json\/wp\/v2\/pages"}],"about":[{"href":"https:\/\/val.sfp.fi\/kommunalval\/wp-json\/wp\/v2\/types\/page"}],"author":[{"embeddable":true,"href":"https:\/\/val.sfp.fi\/kommunalval\/wp-json\/wp\/v2\/users\/1"}],"replies":[{"embeddable":true,"href":"https:\/\/val.sfp.fi\/kommunalval\/wp-json\/wp\/v2\/comments?post=818"}],"version-history":[{"count":9,"href":"https:\/\/val.sfp.fi\/kommunalval\/wp-json\/wp\/v2\/pages\/818\/revisions"}],"predecessor-version":[{"id":38901,"href":"https:\/\/val.sfp.fi\/kommunalval\/wp-json\/wp\/v2\/pages\/818\/revisions\/38901"}],"wp:attachment":[{"href":"https:\/\/val.sfp.fi\/kommunalval\/wp-json\/wp\/v2\/media?parent=818"}],"curies":[{"name":"wp","href":"https:\/\/api.w.org\/{rel}","templated":true}]}}