{"id":6260,"date":"2020-10-14T15:11:34","date_gmt":"2020-10-14T12:11:34","guid":{"rendered":"https:\/\/kommunalval.sfp.fi\/?page_id=6260"},"modified":"2025-01-27T10:03:55","modified_gmt":"2025-01-27T08:03:55","slug":"valitse-kunta","status":"publish","type":"page","link":"https:\/\/val.sfp.fi\/kommunalval\/fi\/valitse-kunta\/","title":{"rendered":"Valitse kunta"},"content":{"rendered":"<h2>Yleist\u00e4<\/h2>\n<p>Meill\u00e4 on ehdokkaita monessa Suomen kunnassa. Jotta l\u00f6yt\u00e4isit helpommin etsim\u00e4si kunnan, voit k\u00e4ytt\u00e4\u00e4 karttaa ja valita alueen, miss\u00e4 kuntasi sijaitsee, jolloin n\u00e4kyviin avautuu lista valitun alueen kunnista. Listasta l\u00f6ytyv\u00e4t kunnat, miss\u00e4 meill\u00e4 on ehdokkaita. Voit my\u00f6s etsi\u00e4 kuntaa suoraan kunnan nimell\u00e4 kartan hakukent\u00e4ss\u00e4.<\/p>\n<h2>Etsitk\u00f6 tietty\u00e4 ehdokasta?<\/h2>\n","protected":false},"excerpt":{"rendered":"<p>Yleist\u00e4 Meill\u00e4 on ehdokkaita monessa Suomen kunnassa. Jotta l\u00f6yt\u00e4isit helpommin etsim\u00e4si kunnan, voit k\u00e4ytt\u00e4\u00e4 karttaa ja valita alueen, miss\u00e4 kuntasi sijaitsee, jolloin n\u00e4kyviin avautuu lista valitun alueen kunnista. Listasta l\u00f6ytyv\u00e4t<a class=\"excerpt-read-more\" href=\"https:\/\/val.sfp.fi\/kommunalval\/fi\/valitse-kunta\/\" title=\"L\u00e4sValitse kunta\">&#8230;<\/a><\/p>\n","protected":false},"author":228,"featured_media":0,"parent":0,"menu_order":0,"comment_status":"closed","ping_status":"closed","template":"template-area-map.php","meta":{"_acf_changed":false,"footnotes":""},"class_list":["post-6260","page","type-page","status-publish","hentry"],"acf":[],"yoast_head":"<!-- This site is optimized with the Yoast SEO plugin v27.2 - https:\/\/yoast.com\/product\/yoast-seo-wordpress\/ -->\n<title>Valitse kunta - Kommunalvalet 2025<\/title>\n<meta name=\"robots\" content=\"index, follow, max-snippet:-1, max-image-preview:large, max-video-preview:-1\" \/>\n<link rel=\"canonical\" href=\"https:\/\/val.sfp.fi\/kommunalval\/fi\/valitse-kunta\/\" \/>\n<meta property=\"og:locale\" content=\"sv_SE\" \/>\n<meta property=\"og:type\" content=\"article\" \/>\n<meta property=\"og:title\" content=\"Valitse kunta - Kommunalvalet 2025\" \/>\n<meta property=\"og:description\" content=\"Yleist\u00e4 Meill\u00e4 on ehdokkaita monessa Suomen kunnassa. Jotta l\u00f6yt\u00e4isit helpommin etsim\u00e4si kunnan, voit k\u00e4ytt\u00e4\u00e4 karttaa ja valita alueen, miss\u00e4 kuntasi sijaitsee, jolloin n\u00e4kyviin avautuu lista valitun alueen kunnista. Listasta l\u00f6ytyv\u00e4t...\" \/>\n<meta property=\"og:url\" content=\"https:\/\/val.sfp.fi\/kommunalval\/fi\/valitse-kunta\/\" \/>\n<meta property=\"og:site_name\" content=\"Kommunalvalet 2025\" \/>\n<meta property=\"article:publisher\" content=\"https:\/\/www.facebook.com\/sfprkp\/\" \/>\n<meta property=\"article:modified_time\" content=\"2025-01-27T08:03:55+00:00\" \/>\n<meta property=\"og:image\" content=\"https:\/\/val.sfp.fi\/kommunalval\/wp-content\/uploads\/SFP-RKP-logo-1.jpg\" \/>\n\t<meta property=\"og:image:width\" content=\"1483\" \/>\n\t<meta property=\"og:image:height\" content=\"1483\" \/>\n\t<meta property=\"og:image:type\" content=\"image\/jpeg\" \/>\n<meta name=\"twitter:label1\" content=\"Ber\u00e4knad l\u00e4stid\" \/>\n\t<meta name=\"twitter:data1\" content=\"1 minut\" \/>\n<script type=\"application\/ld+json\" class=\"yoast-schema-graph\">{\"@context\":\"https:\/\/schema.org\",\"@graph\":[{\"@type\":\"WebPage\",\"@id\":\"https:\/\/val.sfp.fi\/kommunalval\/fi\/valitse-kunta\/\",\"url\":\"https:\/\/val.sfp.fi\/kommunalval\/fi\/valitse-kunta\/\",\"name\":\"Valitse kunta - Kommunalvalet 2025\",\"isPartOf\":{\"@id\":\"https:\/\/val.sfp.fi\/kommunalval\/#website\"},\"datePublished\":\"2020-10-14T12:11:34+00:00\",\"dateModified\":\"2025-01-27T08:03:55+00:00\",\"breadcrumb\":{\"@id\":\"https:\/\/val.sfp.fi\/kommunalval\/fi\/valitse-kunta\/#breadcrumb\"},\"inLanguage\":\"sv-SE\",\"potentialAction\":[{\"@type\":\"ReadAction\",\"target\":[\"https:\/\/val.sfp.fi\/kommunalval\/fi\/valitse-kunta\/\"]}]},{\"@type\":\"BreadcrumbList\",\"@id\":\"https:\/\/val.sfp.fi\/kommunalval\/fi\/valitse-kunta\/#breadcrumb\",\"itemListElement\":[{\"@type\":\"ListItem\",\"position\":1,\"name\":\"Home\",\"item\":\"https:\/\/val.sfp.fi\/kommunalval\/\"},{\"@type\":\"ListItem\",\"position\":2,\"name\":\"Valitse kunta\"}]},{\"@type\":\"WebSite\",\"@id\":\"https:\/\/val.sfp.fi\/kommunalval\/#website\",\"url\":\"https:\/\/val.sfp.fi\/kommunalval\/\",\"name\":\"Kommunalvalet 2025\",\"description\":\"\",\"publisher\":{\"@id\":\"https:\/\/val.sfp.fi\/kommunalval\/#organization\"},\"potentialAction\":[{\"@type\":\"SearchAction\",\"target\":{\"@type\":\"EntryPoint\",\"urlTemplate\":\"https:\/\/val.sfp.fi\/kommunalval\/?s={search_term_string}\"},\"query-input\":{\"@type\":\"PropertyValueSpecification\",\"valueRequired\":true,\"valueName\":\"search_term_string\"}}],\"inLanguage\":\"sv-SE\"},{\"@type\":\"Organization\",\"@id\":\"https:\/\/val.sfp.fi\/kommunalval\/#organization\",\"name\":\"SFP RKP\",\"url\":\"https:\/\/val.sfp.fi\/kommunalval\/\",\"logo\":{\"@type\":\"ImageObject\",\"inLanguage\":\"sv-SE\",\"@id\":\"https:\/\/val.sfp.fi\/kommunalval\/#\/schema\/logo\/image\/\",\"url\":\"https:\/\/val.sfp.fi\/kommunalval\/wp-content\/uploads\/SFP-RKP-logo-1.jpg\",\"contentUrl\":\"https:\/\/val.sfp.fi\/kommunalval\/wp-content\/uploads\/SFP-RKP-logo-1.jpg\",\"width\":1483,\"height\":1483,\"caption\":\"SFP RKP\"},\"image\":{\"@id\":\"https:\/\/val.sfp.fi\/kommunalval\/#\/schema\/logo\/image\/\"},\"sameAs\":[\"https:\/\/www.facebook.com\/sfprkp\/\",\"https:\/\/x.com\/sfprkp\",\"https:\/\/www.instagram.com\/sfprkp\/\",\"https:\/\/www.youtube.com\/sfprkp\"]}]}<\/script>\n<!-- \/ Yoast SEO plugin. -->","yoast_head_json":{"title":"Valitse kunta - Kommunalvalet 2025","robots":{"index":"index","follow":"follow","max-snippet":"max-snippet:-1","max-image-preview":"max-image-preview:large","max-video-preview":"max-video-preview:-1"},"canonical":"https:\/\/val.sfp.fi\/kommunalval\/fi\/valitse-kunta\/","og_locale":"sv_SE","og_type":"article","og_title":"Valitse kunta - Kommunalvalet 2025","og_description":"Yleist\u00e4 Meill\u00e4 on ehdokkaita monessa Suomen kunnassa. Jotta l\u00f6yt\u00e4isit helpommin etsim\u00e4si kunnan, voit k\u00e4ytt\u00e4\u00e4 karttaa ja valita alueen, miss\u00e4 kuntasi sijaitsee, jolloin n\u00e4kyviin avautuu lista valitun alueen kunnista. Listasta l\u00f6ytyv\u00e4t...","og_url":"https:\/\/val.sfp.fi\/kommunalval\/fi\/valitse-kunta\/","og_site_name":"Kommunalvalet 2025","article_publisher":"https:\/\/www.facebook.com\/sfprkp\/","article_modified_time":"2025-01-27T08:03:55+00:00","og_image":[{"width":1483,"height":1483,"url":"https:\/\/val.sfp.fi\/kommunalval\/wp-content\/uploads\/SFP-RKP-logo-1.jpg","type":"image\/jpeg"}],"twitter_misc":{"Ber\u00e4knad l\u00e4stid":"1 minut"},"schema":{"@context":"https:\/\/schema.org","@graph":[{"@type":"WebPage","@id":"https:\/\/val.sfp.fi\/kommunalval\/fi\/valitse-kunta\/","url":"https:\/\/val.sfp.fi\/kommunalval\/fi\/valitse-kunta\/","name":"Valitse kunta - Kommunalvalet 2025","isPartOf":{"@id":"https:\/\/val.sfp.fi\/kommunalval\/#website"},"datePublished":"2020-10-14T12:11:34+00:00","dateModified":"2025-01-27T08:03:55+00:00","breadcrumb":{"@id":"https:\/\/val.sfp.fi\/kommunalval\/fi\/valitse-kunta\/#breadcrumb"},"inLanguage":"sv-SE","potentialAction":[{"@type":"ReadAction","target":["https:\/\/val.sfp.fi\/kommunalval\/fi\/valitse-kunta\/"]}]},{"@type":"BreadcrumbList","@id":"https:\/\/val.sfp.fi\/kommunalval\/fi\/valitse-kunta\/#breadcrumb","itemListElement":[{"@type":"ListItem","position":1,"name":"Home","item":"https:\/\/val.sfp.fi\/kommunalval\/"},{"@type":"ListItem","position":2,"name":"Valitse kunta"}]},{"@type":"WebSite","@id":"https:\/\/val.sfp.fi\/kommunalval\/#website","url":"https:\/\/val.sfp.fi\/kommunalval\/","name":"Kommunalvalet 2025","description":"","publisher":{"@id":"https:\/\/val.sfp.fi\/kommunalval\/#organization"},"potentialAction":[{"@type":"SearchAction","target":{"@type":"EntryPoint","urlTemplate":"https:\/\/val.sfp.fi\/kommunalval\/?s={search_term_string}"},"query-input":{"@type":"PropertyValueSpecification","valueRequired":true,"valueName":"search_term_string"}}],"inLanguage":"sv-SE"},{"@type":"Organization","@id":"https:\/\/val.sfp.fi\/kommunalval\/#organization","name":"SFP RKP","url":"https:\/\/val.sfp.fi\/kommunalval\/","logo":{"@type":"ImageObject","inLanguage":"sv-SE","@id":"https:\/\/val.sfp.fi\/kommunalval\/#\/schema\/logo\/image\/","url":"https:\/\/val.sfp.fi\/kommunalval\/wp-content\/uploads\/SFP-RKP-logo-1.jpg","contentUrl":"https:\/\/val.sfp.fi\/kommunalval\/wp-content\/uploads\/SFP-RKP-logo-1.jpg","width":1483,"height":1483,"caption":"SFP RKP"},"image":{"@id":"https:\/\/val.sfp.fi\/kommunalval\/#\/schema\/logo\/image\/"},"sameAs":["https:\/\/www.facebook.com\/sfprkp\/","https:\/\/x.com\/sfprkp","https:\/\/www.instagram.com\/sfprkp\/","https:\/\/www.youtube.com\/sfprkp"]}]}},"lang":"fi","translations":{"fi":6260,"sv":4190,"en":6262},"pll_sync_post":[],"_links":{"self":[{"href":"https:\/\/val.sfp.fi\/kommunalval\/wp-json\/wp\/v2\/pages\/6260","targetHints":{"allow":["GET"]}}],"collection":[{"href":"https:\/\/val.sfp.fi\/kommunalval\/wp-json\/wp\/v2\/pages"}],"about":[{"href":"https:\/\/val.sfp.fi\/kommunalval\/wp-json\/wp\/v2\/types\/page"}],"author":[{"embeddable":true,"href":"https:\/\/val.sfp.fi\/kommunalval\/wp-json\/wp\/v2\/users\/228"}],"replies":[{"embeddable":true,"href":"https:\/\/val.sfp.fi\/kommunalval\/wp-json\/wp\/v2\/comments?post=6260"}],"version-history":[{"count":11,"href":"https:\/\/val.sfp.fi\/kommunalval\/wp-json\/wp\/v2\/pages\/6260\/revisions"}],"predecessor-version":[{"id":38884,"href":"https:\/\/val.sfp.fi\/kommunalval\/wp-json\/wp\/v2\/pages\/6260\/revisions\/38884"}],"wp:attachment":[{"href":"https:\/\/val.sfp.fi\/kommunalval\/wp-json\/wp\/v2\/media?parent=6260"}],"curies":[{"name":"wp","href":"https:\/\/api.w.org\/{rel}","templated":true}]}}