{"id":54129,"date":"2025-03-11T22:54:22","date_gmt":"2025-03-11T20:54:22","guid":{"rendered":"https:\/\/val.sfp.fi\/kommunalval\/?page_id=54129"},"modified":"2025-03-11T22:54:22","modified_gmt":"2025-03-11T20:54:22","slug":"rkp-loviisan-kuntavaaliohjelma","status":"publish","type":"page","link":"https:\/\/val.sfp.fi\/kommunalval\/fi\/rkp-loviisan-kuntavaaliohjelma\/","title":{"rendered":"RKP Loviisan kuntavaaliohjelma"},"content":{"rendered":"<p><a href=\"https:\/\/val.sfp.fi\/kommunalval\/fi\/vaalipiiri\/uusimaa\/loviisa\/\">Klikkaa t\u00e4st\u00e4 palataksesi takaisin tietoihin ehdokkaista.<\/a><\/p>\n<h2>RKP LOVIISAN VAALIOHJELMA 2025<\/h2>\n<p>RKP:ss\u00e4 olemme aina korostaneet kaksikielisyyden merkityst\u00e4 ja sit\u00e4, ett\u00e4 olemme l\u00e4hell\u00e4 sinua \u2013 aivan kuten sin\u00e4 olet l\u00e4hell\u00e4 sinulle t\u00e4rkeit\u00e4 asioita ja ihmisi\u00e4. Meid\u00e4n ei tarvitse aina olla samaa mielt\u00e4 puolueen kanssa valtakunnallisista kysymyksist\u00e4, mutta paikalliset kysymykset ovat eri asia. Kunnallisessa p\u00e4\u00e4t\u00f6ksenteossa olennaista on Loviisan kehitt\u00e4minen ja kaupungin asukkaiden hyvinvointi.<\/p>\n<p>Loviisan tulevaisuus n\u00e4ytt\u00e4\u00e4 valoisalta. Kaupungin taloustilanne on vakaalla pohjalla, ja pitk\u00e4\u00e4n odotettu organisaatiomuutos on k\u00e4ynniss\u00e4. P\u00e4\u00e4ttyv\u00e4 valtuustokausi on ollut monin tavoin haastava, mutta nyt on aika katsoa eteenp\u00e4in. Meill\u00e4 on erinomaiset mahdollisuudet tehd\u00e4 Loviisasta entist\u00e4kin parempi ja viihtyis\u00e4mpi kaupunki.<\/p>\n<p>Sosiaali- ja terveydenhuollon siirrytty\u00e4 hyvinvointialueelle voimme kunnallisina p\u00e4\u00e4t\u00f6ksentekij\u00f6in\u00e4 keskitty\u00e4 vahvistamaan kaupungin valttikortteja:<\/p>\n<ul>\n<li>Viihtyis\u00e4 ja idyllinen elinymp\u00e4rist\u00f6 niin keskustassa, maaseudulla kuin saaristossakin<\/li>\n<li>Laadukas varhaiskasvatus ja koulutus molemmilla kansalliskielill\u00e4<\/li>\n<li>Elinvoimaiset kyl\u00e4t<\/li>\n<li>Vahva verkosto yhdistyksi\u00e4 ja muita vapaaehtoisj\u00e4rjest\u00f6j\u00e4<\/li>\n<li>Aktiivinen ja monipuolinen liikuntatoiminta<\/li>\n<li>Elinvoimainen ja korkeatasoinen kulttuuriel\u00e4m\u00e4<\/li>\n<li>Kaunis ymp\u00e4rist\u00f6, joka tarjoaa loistavat liikunta- ja virkistysmahdollisuudet<\/li>\n<\/ul>\n<p>Olemme hyvin valmistautuneita tulevaan valtuustokauteen. Loviisa on kaikin puolin kest\u00e4v\u00e4 kaupunki, ja haluamme edist\u00e4\u00e4 sen kehityst\u00e4 erityisesti seuraavilla toimenpiteill\u00e4:<\/p>\n<ul>\n<li>Elinvoiman vahvistaminen koko kaupungin alueella<\/li>\n<li>Nykyisen koulu- ja p\u00e4iv\u00e4kotiverkoston s\u00e4ilytt\u00e4minen sek\u00e4 tiiviimpi yhteisty\u00f6 kieliryhmien v\u00e4lill\u00e4<\/li>\n<li>Parhaiden mahdollisten edellytysten luominen yritt\u00e4jyydelle, uusille ty\u00f6paikoille ja investoinneille<\/li>\n<li>Uuden kirjaston, modernin kulttuurin\u00e4ytt\u00e4m\u00f6n ja liikuntahallin rakentaminen<\/li>\n<li>Koulujen ja p\u00e4iv\u00e4kotien ruokahuollon kehitt\u00e4minen niin, ett\u00e4 ruoka valmistetaan paikallisista raaka-aineista<\/li>\n<li>Ilmastotavoitteista kiinni pit\u00e4minen ja ymp\u00e4rist\u00f6yst\u00e4v\u00e4llisten ratkaisujen edist\u00e4minen<\/li>\n<li>Jatkamme yhteisty\u00f6h\u00f6n perustuvaa ja rakentavaa toimintaamme p\u00e4\u00e4t\u00f6ksenteossa<\/li>\n<\/ul>\n","protected":false},"excerpt":{"rendered":"<p>Klikkaa t\u00e4st\u00e4 palataksesi takaisin tietoihin ehdokkaista. RKP LOVIISAN VAALIOHJELMA 2025 RKP:ss\u00e4 olemme aina korostaneet kaksikielisyyden merkityst\u00e4 ja sit\u00e4, ett\u00e4 olemme l\u00e4hell\u00e4 sinua \u2013 aivan kuten sin\u00e4 olet l\u00e4hell\u00e4 sinulle t\u00e4rkeit\u00e4<a class=\"excerpt-read-more\" href=\"https:\/\/val.sfp.fi\/kommunalval\/fi\/rkp-loviisan-kuntavaaliohjelma\/\" title=\"L\u00e4sRKP Loviisan kuntavaaliohjelma\">&#8230;<\/a><\/p>\n","protected":false},"author":2460,"featured_media":0,"parent":0,"menu_order":0,"comment_status":"closed","ping_status":"closed","template":"","meta":{"_acf_changed":false,"footnotes":""},"class_list":["post-54129","page","type-page","status-publish","hentry"],"acf":[],"yoast_head":"<!-- This site is optimized with the Yoast SEO plugin v27.2 - https:\/\/yoast.com\/product\/yoast-seo-wordpress\/ -->\n<title>RKP Loviisan kuntavaaliohjelma - Kommunalvalet 2025<\/title>\n<meta name=\"robots\" content=\"index, follow, max-snippet:-1, max-image-preview:large, max-video-preview:-1\" \/>\n<link rel=\"canonical\" href=\"https:\/\/val.sfp.fi\/kommunalval\/fi\/rkp-loviisan-kuntavaaliohjelma\/\" \/>\n<meta property=\"og:locale\" content=\"sv_SE\" \/>\n<meta property=\"og:type\" content=\"article\" \/>\n<meta property=\"og:title\" content=\"RKP Loviisan kuntavaaliohjelma - Kommunalvalet 2025\" \/>\n<meta property=\"og:description\" content=\"Klikkaa t\u00e4st\u00e4 palataksesi takaisin tietoihin ehdokkaista. RKP LOVIISAN VAALIOHJELMA 2025 RKP:ss\u00e4 olemme aina korostaneet kaksikielisyyden merkityst\u00e4 ja sit\u00e4, ett\u00e4 olemme l\u00e4hell\u00e4 sinua \u2013 aivan kuten sin\u00e4 olet l\u00e4hell\u00e4 sinulle t\u00e4rkeit\u00e4...\" \/>\n<meta property=\"og:url\" content=\"https:\/\/val.sfp.fi\/kommunalval\/fi\/rkp-loviisan-kuntavaaliohjelma\/\" \/>\n<meta property=\"og:site_name\" content=\"Kommunalvalet 2025\" \/>\n<meta property=\"article:publisher\" content=\"https:\/\/www.facebook.com\/sfprkp\/\" \/>\n<meta property=\"og:image\" content=\"https:\/\/val.sfp.fi\/kommunalval\/wp-content\/uploads\/SFP-RKP-logo-1.jpg\" \/>\n\t<meta property=\"og:image:width\" content=\"1483\" \/>\n\t<meta property=\"og:image:height\" content=\"1483\" \/>\n\t<meta property=\"og:image:type\" content=\"image\/jpeg\" \/>\n<meta name=\"twitter:label1\" content=\"Ber\u00e4knad l\u00e4stid\" \/>\n\t<meta name=\"twitter:data1\" content=\"2 minuter\" \/>\n<script type=\"application\/ld+json\" class=\"yoast-schema-graph\">{\"@context\":\"https:\/\/schema.org\",\"@graph\":[{\"@type\":\"WebPage\",\"@id\":\"https:\/\/val.sfp.fi\/kommunalval\/fi\/rkp-loviisan-kuntavaaliohjelma\/\",\"url\":\"https:\/\/val.sfp.fi\/kommunalval\/fi\/rkp-loviisan-kuntavaaliohjelma\/\",\"name\":\"RKP Loviisan kuntavaaliohjelma - Kommunalvalet 2025\",\"isPartOf\":{\"@id\":\"https:\/\/val.sfp.fi\/kommunalval\/#website\"},\"datePublished\":\"2025-03-11T20:54:22+00:00\",\"breadcrumb\":{\"@id\":\"https:\/\/val.sfp.fi\/kommunalval\/fi\/rkp-loviisan-kuntavaaliohjelma\/#breadcrumb\"},\"inLanguage\":\"sv-SE\",\"potentialAction\":[{\"@type\":\"ReadAction\",\"target\":[\"https:\/\/val.sfp.fi\/kommunalval\/fi\/rkp-loviisan-kuntavaaliohjelma\/\"]}]},{\"@type\":\"BreadcrumbList\",\"@id\":\"https:\/\/val.sfp.fi\/kommunalval\/fi\/rkp-loviisan-kuntavaaliohjelma\/#breadcrumb\",\"itemListElement\":[{\"@type\":\"ListItem\",\"position\":1,\"name\":\"Home\",\"item\":\"https:\/\/val.sfp.fi\/kommunalval\/\"},{\"@type\":\"ListItem\",\"position\":2,\"name\":\"RKP Loviisan kuntavaaliohjelma\"}]},{\"@type\":\"WebSite\",\"@id\":\"https:\/\/val.sfp.fi\/kommunalval\/#website\",\"url\":\"https:\/\/val.sfp.fi\/kommunalval\/\",\"name\":\"Kommunalvalet 2025\",\"description\":\"\",\"publisher\":{\"@id\":\"https:\/\/val.sfp.fi\/kommunalval\/#organization\"},\"potentialAction\":[{\"@type\":\"SearchAction\",\"target\":{\"@type\":\"EntryPoint\",\"urlTemplate\":\"https:\/\/val.sfp.fi\/kommunalval\/?s={search_term_string}\"},\"query-input\":{\"@type\":\"PropertyValueSpecification\",\"valueRequired\":true,\"valueName\":\"search_term_string\"}}],\"inLanguage\":\"sv-SE\"},{\"@type\":\"Organization\",\"@id\":\"https:\/\/val.sfp.fi\/kommunalval\/#organization\",\"name\":\"SFP RKP\",\"url\":\"https:\/\/val.sfp.fi\/kommunalval\/\",\"logo\":{\"@type\":\"ImageObject\",\"inLanguage\":\"sv-SE\",\"@id\":\"https:\/\/val.sfp.fi\/kommunalval\/#\/schema\/logo\/image\/\",\"url\":\"https:\/\/val.sfp.fi\/kommunalval\/wp-content\/uploads\/SFP-RKP-logo-1.jpg\",\"contentUrl\":\"https:\/\/val.sfp.fi\/kommunalval\/wp-content\/uploads\/SFP-RKP-logo-1.jpg\",\"width\":1483,\"height\":1483,\"caption\":\"SFP RKP\"},\"image\":{\"@id\":\"https:\/\/val.sfp.fi\/kommunalval\/#\/schema\/logo\/image\/\"},\"sameAs\":[\"https:\/\/www.facebook.com\/sfprkp\/\",\"https:\/\/x.com\/sfprkp\",\"https:\/\/www.instagram.com\/sfprkp\/\",\"https:\/\/www.youtube.com\/sfprkp\"]}]}<\/script>\n<!-- \/ Yoast SEO plugin. -->","yoast_head_json":{"title":"RKP Loviisan kuntavaaliohjelma - Kommunalvalet 2025","robots":{"index":"index","follow":"follow","max-snippet":"max-snippet:-1","max-image-preview":"max-image-preview:large","max-video-preview":"max-video-preview:-1"},"canonical":"https:\/\/val.sfp.fi\/kommunalval\/fi\/rkp-loviisan-kuntavaaliohjelma\/","og_locale":"sv_SE","og_type":"article","og_title":"RKP Loviisan kuntavaaliohjelma - Kommunalvalet 2025","og_description":"Klikkaa t\u00e4st\u00e4 palataksesi takaisin tietoihin ehdokkaista. RKP LOVIISAN VAALIOHJELMA 2025 RKP:ss\u00e4 olemme aina korostaneet kaksikielisyyden merkityst\u00e4 ja sit\u00e4, ett\u00e4 olemme l\u00e4hell\u00e4 sinua \u2013 aivan kuten sin\u00e4 olet l\u00e4hell\u00e4 sinulle t\u00e4rkeit\u00e4...","og_url":"https:\/\/val.sfp.fi\/kommunalval\/fi\/rkp-loviisan-kuntavaaliohjelma\/","og_site_name":"Kommunalvalet 2025","article_publisher":"https:\/\/www.facebook.com\/sfprkp\/","og_image":[{"width":1483,"height":1483,"url":"https:\/\/val.sfp.fi\/kommunalval\/wp-content\/uploads\/SFP-RKP-logo-1.jpg","type":"image\/jpeg"}],"twitter_misc":{"Ber\u00e4knad l\u00e4stid":"2 minuter"},"schema":{"@context":"https:\/\/schema.org","@graph":[{"@type":"WebPage","@id":"https:\/\/val.sfp.fi\/kommunalval\/fi\/rkp-loviisan-kuntavaaliohjelma\/","url":"https:\/\/val.sfp.fi\/kommunalval\/fi\/rkp-loviisan-kuntavaaliohjelma\/","name":"RKP Loviisan kuntavaaliohjelma - Kommunalvalet 2025","isPartOf":{"@id":"https:\/\/val.sfp.fi\/kommunalval\/#website"},"datePublished":"2025-03-11T20:54:22+00:00","breadcrumb":{"@id":"https:\/\/val.sfp.fi\/kommunalval\/fi\/rkp-loviisan-kuntavaaliohjelma\/#breadcrumb"},"inLanguage":"sv-SE","potentialAction":[{"@type":"ReadAction","target":["https:\/\/val.sfp.fi\/kommunalval\/fi\/rkp-loviisan-kuntavaaliohjelma\/"]}]},{"@type":"BreadcrumbList","@id":"https:\/\/val.sfp.fi\/kommunalval\/fi\/rkp-loviisan-kuntavaaliohjelma\/#breadcrumb","itemListElement":[{"@type":"ListItem","position":1,"name":"Home","item":"https:\/\/val.sfp.fi\/kommunalval\/"},{"@type":"ListItem","position":2,"name":"RKP Loviisan kuntavaaliohjelma"}]},{"@type":"WebSite","@id":"https:\/\/val.sfp.fi\/kommunalval\/#website","url":"https:\/\/val.sfp.fi\/kommunalval\/","name":"Kommunalvalet 2025","description":"","publisher":{"@id":"https:\/\/val.sfp.fi\/kommunalval\/#organization"},"potentialAction":[{"@type":"SearchAction","target":{"@type":"EntryPoint","urlTemplate":"https:\/\/val.sfp.fi\/kommunalval\/?s={search_term_string}"},"query-input":{"@type":"PropertyValueSpecification","valueRequired":true,"valueName":"search_term_string"}}],"inLanguage":"sv-SE"},{"@type":"Organization","@id":"https:\/\/val.sfp.fi\/kommunalval\/#organization","name":"SFP RKP","url":"https:\/\/val.sfp.fi\/kommunalval\/","logo":{"@type":"ImageObject","inLanguage":"sv-SE","@id":"https:\/\/val.sfp.fi\/kommunalval\/#\/schema\/logo\/image\/","url":"https:\/\/val.sfp.fi\/kommunalval\/wp-content\/uploads\/SFP-RKP-logo-1.jpg","contentUrl":"https:\/\/val.sfp.fi\/kommunalval\/wp-content\/uploads\/SFP-RKP-logo-1.jpg","width":1483,"height":1483,"caption":"SFP RKP"},"image":{"@id":"https:\/\/val.sfp.fi\/kommunalval\/#\/schema\/logo\/image\/"},"sameAs":["https:\/\/www.facebook.com\/sfprkp\/","https:\/\/x.com\/sfprkp","https:\/\/www.instagram.com\/sfprkp\/","https:\/\/www.youtube.com\/sfprkp"]}]}},"lang":"fi","translations":{"fi":54129,"sv":54124},"pll_sync_post":[],"_links":{"self":[{"href":"https:\/\/val.sfp.fi\/kommunalval\/wp-json\/wp\/v2\/pages\/54129","targetHints":{"allow":["GET"]}}],"collection":[{"href":"https:\/\/val.sfp.fi\/kommunalval\/wp-json\/wp\/v2\/pages"}],"about":[{"href":"https:\/\/val.sfp.fi\/kommunalval\/wp-json\/wp\/v2\/types\/page"}],"author":[{"embeddable":true,"href":"https:\/\/val.sfp.fi\/kommunalval\/wp-json\/wp\/v2\/users\/2460"}],"replies":[{"embeddable":true,"href":"https:\/\/val.sfp.fi\/kommunalval\/wp-json\/wp\/v2\/comments?post=54129"}],"version-history":[{"count":1,"href":"https:\/\/val.sfp.fi\/kommunalval\/wp-json\/wp\/v2\/pages\/54129\/revisions"}],"predecessor-version":[{"id":54130,"href":"https:\/\/val.sfp.fi\/kommunalval\/wp-json\/wp\/v2\/pages\/54129\/revisions\/54130"}],"wp:attachment":[{"href":"https:\/\/val.sfp.fi\/kommunalval\/wp-json\/wp\/v2\/media?parent=54129"}],"curies":[{"name":"wp","href":"https:\/\/api.w.org\/{rel}","templated":true}]}}