{"id":44877,"date":"2025-02-03T14:28:28","date_gmt":"2025-02-03T12:28:28","guid":{"rendered":"https:\/\/val.sfp.fi\/kommunalval\/?page_id=44877"},"modified":"2025-02-03T14:28:28","modified_gmt":"2025-02-03T12:28:28","slug":"sfp-i-borga-kommunalvalsprogram-2025","status":"publish","type":"page","link":"https:\/\/val.sfp.fi\/kommunalval\/sfp-i-borga-kommunalvalsprogram-2025\/","title":{"rendered":"SFP i Borg\u00e5 \u2013 Kommunalvalsprogram 2025"},"content":{"rendered":"<p><strong><a href=\"https:\/\/val.sfp.fi\/kommunalval\/valkrets\/nyland\/borga\/\">Klicka h\u00e4r f\u00f6r att komma tillbaka till kandidaterna och SFP i Borg\u00e5s startsida.<\/a><\/strong><\/p>\n<h2>SFP i Borg\u00e5 &#8211; Kommunalval 2025<\/h2>\n<h4>En inkluderande stad<\/h4>\n<p>Borg\u00e5 \u00e4r v\u00e5rt gemensamma hem. Vi arbetar f\u00f6r en stad d\u00e4r barnfamiljer trivs, unga f\u00e5r v\u00e4xa upp tryggt, \u00e4ldre f\u00e5r det st\u00f6d de beh\u00f6ver och d\u00e4r alla k\u00e4nner sig hemma, oavsett bakgrund.<\/p>\n<p>Vi arbetar f\u00f6r att:<\/p>\n<ul>\n<li>kombinera v\u00e5rt rika kulturarv med en modern utveckling.<\/li>\n<li>alla ska kunna ta del av stadens information och tj\u00e4nster, b\u00e5de digitalt och traditionellt<\/li>\n<\/ul>\n<hr \/>\n<h4>Den b\u00e4sta skolan och sm\u00e5barnspedagogiken<\/h4>\n<p>Borg\u00e5s utbildningsmilj\u00f6er ska vara trygga och inspirerande. Alla barn har r\u00e4tt till h\u00f6gkvalitativ undervisning i friska och funktionella lokaler.<\/p>\n<p>Vi arbetar f\u00f6r att:<\/p>\n<ul>\n<li>det finns tillr\u00e4ckligt med beh\u00f6rig personal inom sm\u00e5barnspedagogiken.<\/li>\n<li>dagis- och skolmilj\u00f6er \u00e4r trygga och \u00e4ndam\u00e5lsenliga.<\/li>\n<li>det finns tillr\u00e4ckliga resurser f\u00f6r specialundervisning.<\/li>\n<li>st\u00f6dja digitalt l\u00e4rande och innovation i skolan.<\/li>\n<\/ul>\n<hr \/>\n<h4>V\u00e4lm\u00e5ende inv\u00e5nare<\/h4>\n<p>Ett inkluderande och levande samh\u00e4lle skapas genom f\u00f6rebyggande arbete och samarbete med den tredje sektorn.<\/p>\n<p>Vi arbetar f\u00f6r att:<\/p>\n<ul>\n<li>trygga avgiftsfria fritidssyssels\u00e4ttningar f\u00f6r unga via skolan, kompletterat med f\u00f6rm\u00e5nlig hobbyverksamhet arrangerad av f\u00f6reningar.<\/li>\n<li>s\u00e4kerst\u00e4lla tillg\u00e5ng till m\u00e5ngsidiga motions- och rekreationsm\u00f6jligheter, oavsett \u00e5lder och r\u00f6relsef\u00f6rm\u00e5ga.<\/li>\n<li>Kokonprojektet ska st\u00f6da r\u00f6relse f\u00f6r alla, med inv\u00e5narnas behov i centrum.<\/li>\n<li>ett v\u00e4lm\u00e5ende Borg\u00e5 skapas tillsammans med \u00d6stra Nylands v\u00e4lf\u00e4rdsomr\u00e5de.<\/li>\n<li>kommunernas \u00f6vertagande av syssels\u00e4ttningstj\u00e4nsterna ska leda till b\u00e4ttre service f\u00f6r arbetss\u00f6kande, invandrare och f\u00f6retag.<\/li>\n<li>kulturstaden Borg\u00e5 ska vara till f\u00f6r inv\u00e5narna men ocks\u00e5 locka bes\u00f6kare och nya inv\u00e5nare.<\/li>\n<\/ul>\n<hr \/>\n<h4>Levande stad och landsbygd<\/h4>\n<p>Vi vill bevara Borg\u00e5s charm samtidigt som vi utvecklar staden och moderniserar inf\u00f6r framtiden. Det inneb\u00e4r satsningar i centrum, p\u00e5 landsbygden och i sk\u00e4rg\u00e5rden.<\/p>\n<p>Vi arbetar f\u00f6r att:<\/p>\n<ul>\n<li>erbjuda m\u00e5ngsidiga alternativ f\u00f6r boende.<\/li>\n<li>skapa en attraktiv, h\u00e5llbar och levande stadsk\u00e4rna som \u00e4r tillg\u00e4nglig f\u00f6r alla, oavsett r\u00f6relsef\u00f6rm\u00e5ga.<\/li>\n<li>st\u00f6da f\u00f6retagande och innovation, \u00e4ven p\u00e5 landsbygden.<\/li>\n<li>uppdatera programmet f\u00f6r bystrukturen och p\u00e5skynda planl\u00e4ggningen av byarna.<\/li>\n<\/ul>\n<hr \/>\n<h4>Klimat och milj\u00f6<\/h4>\n<p>Vi vill se konkreta insatser f\u00f6r klimatet, den biologiska m\u00e5ngfalden och en h\u00e5llbar utveckling.<\/p>\n<p>Vi arbetar f\u00f6r att:<\/p>\n<ul>\n<li>utveckla kollektivtrafiken.<\/li>\n<li>fr\u00e4mja investeringar och skapa nya arbetsplatser inom cleantech, energi och den gr\u00f6na omst\u00e4llningen i Borg\u00e5 och \u00d6stra Nyland.<\/li>\n<li>bevara och skydda Borg\u00e5s sj\u00f6ar, vattendrag, kust, unika natur och sk\u00e4rg\u00e5rd.<\/li>\n<li>Borg\u00e5 forts\u00e4tter att str\u00e4va efter att bli klimatneutralt \u00e5r 2030.<\/li>\n<li>nybyggen i Borg\u00e5 ska ha st\u00f6rre fokus p\u00e5 klimatsmarta och h\u00e5llbara alternativ.<\/li>\n<li>s\u00e4kerst\u00e4lla ansvarsfulla upphandlingar.<\/li>\n<\/ul>\n<hr \/>\n<h4>En h\u00e5llbar ekonomi<\/h4>\n<p>Stadens framtida ekonomi \u00e4r utmanande. SFP vill se en ansvarsfull ekonomisk politik som inte \u00f6verf\u00f6r en stor skuldb\u00f6rda till kommande generationer. En h\u00e5llbar ekonomi skapar en stabil grund f\u00f6r l\u00e5ngsiktig utveckling och framg\u00e5ng.<\/p>\n<p>Vi arbetar f\u00f6r att:<\/p>\n<ul>\n<li>ha en kostnadseffektiv f\u00f6rvaltning.<\/li>\n<li>st\u00e4rka samarbetet inom stadskoncernen.<\/li>\n<li>avyttra fastigheter som inte beh\u00f6vs f\u00f6r stadens tj\u00e4nsteproduktion.<\/li>\n<li>\u00f6ka tillv\u00e4xten genom att aktivt attrahera nya inv\u00e5nare och f\u00f6retag.<\/li>\n<li>bibeh\u00e5lla en rimlig och konkurrenskraftig kommunal- och fastighetsskattesats<\/li>\n<\/ul>\n<p><strong><a href=\"https:\/\/val.sfp.fi\/kommunalval\/valkrets\/nyland\/borga\/\">Klicka h\u00e4r f\u00f6r att komma tillbaka till kandidaterna och SFP i Borg\u00e5s startsida.<\/a><\/strong><\/p>\n","protected":false},"excerpt":{"rendered":"<p>Klicka h\u00e4r f\u00f6r att komma tillbaka till kandidaterna och SFP i Borg\u00e5s startsida. SFP i Borg\u00e5 &#8211; Kommunalval 2025 En inkluderande stad Borg\u00e5 \u00e4r v\u00e5rt gemensamma hem. Vi arbetar f\u00f6r<a class=\"excerpt-read-more\" href=\"https:\/\/val.sfp.fi\/kommunalval\/sfp-i-borga-kommunalvalsprogram-2025\/\" title=\"L\u00e4sSFP i Borg\u00e5 \u2013 Kommunalvalsprogram 2025\">&#8230;<\/a><\/p>\n","protected":false},"author":145,"featured_media":0,"parent":0,"menu_order":0,"comment_status":"closed","ping_status":"closed","template":"xtemplate-full-width.php","meta":{"_acf_changed":false,"footnotes":""},"class_list":["post-44877","page","type-page","status-publish","hentry"],"acf":[],"yoast_head":"<!-- This site is optimized with the Yoast SEO plugin v27.2 - https:\/\/yoast.com\/product\/yoast-seo-wordpress\/ -->\n<title>SFP i Borg\u00e5 \u2013 Kommunalvalsprogram 2025 - Kommunalvalet 2025<\/title>\n<meta name=\"robots\" content=\"index, follow, max-snippet:-1, max-image-preview:large, max-video-preview:-1\" \/>\n<link rel=\"canonical\" href=\"https:\/\/val.sfp.fi\/kommunalval\/sfp-i-borga-kommunalvalsprogram-2025\/\" \/>\n<meta property=\"og:locale\" content=\"sv_SE\" \/>\n<meta property=\"og:type\" content=\"article\" \/>\n<meta property=\"og:title\" content=\"SFP i Borg\u00e5 \u2013 Kommunalvalsprogram 2025 - Kommunalvalet 2025\" \/>\n<meta property=\"og:description\" content=\"Klicka h\u00e4r f\u00f6r att komma tillbaka till kandidaterna och SFP i Borg\u00e5s startsida. SFP i Borg\u00e5 &#8211; Kommunalval 2025 En inkluderande stad Borg\u00e5 \u00e4r v\u00e5rt gemensamma hem. Vi arbetar f\u00f6r...\" \/>\n<meta property=\"og:url\" content=\"https:\/\/val.sfp.fi\/kommunalval\/sfp-i-borga-kommunalvalsprogram-2025\/\" \/>\n<meta property=\"og:site_name\" content=\"Kommunalvalet 2025\" \/>\n<meta property=\"article:publisher\" content=\"https:\/\/www.facebook.com\/sfprkp\/\" \/>\n<meta property=\"og:image\" content=\"https:\/\/val.sfp.fi\/kommunalval\/wp-content\/uploads\/SFP-RKP-logo-1.jpg\" \/>\n\t<meta property=\"og:image:width\" content=\"1483\" \/>\n\t<meta property=\"og:image:height\" content=\"1483\" \/>\n\t<meta property=\"og:image:type\" content=\"image\/jpeg\" \/>\n<meta name=\"twitter:label1\" content=\"Ber\u00e4knad l\u00e4stid\" \/>\n\t<meta name=\"twitter:data1\" content=\"3 minuter\" \/>\n<script type=\"application\/ld+json\" class=\"yoast-schema-graph\">{\"@context\":\"https:\/\/schema.org\",\"@graph\":[{\"@type\":\"WebPage\",\"@id\":\"https:\/\/val.sfp.fi\/kommunalval\/sfp-i-borga-kommunalvalsprogram-2025\/\",\"url\":\"https:\/\/val.sfp.fi\/kommunalval\/sfp-i-borga-kommunalvalsprogram-2025\/\",\"name\":\"SFP i Borg\u00e5 \u2013 Kommunalvalsprogram 2025 - Kommunalvalet 2025\",\"isPartOf\":{\"@id\":\"https:\/\/val.sfp.fi\/kommunalval\/#website\"},\"datePublished\":\"2025-02-03T12:28:28+00:00\",\"breadcrumb\":{\"@id\":\"https:\/\/val.sfp.fi\/kommunalval\/sfp-i-borga-kommunalvalsprogram-2025\/#breadcrumb\"},\"inLanguage\":\"sv-SE\",\"potentialAction\":[{\"@type\":\"ReadAction\",\"target\":[\"https:\/\/val.sfp.fi\/kommunalval\/sfp-i-borga-kommunalvalsprogram-2025\/\"]}]},{\"@type\":\"BreadcrumbList\",\"@id\":\"https:\/\/val.sfp.fi\/kommunalval\/sfp-i-borga-kommunalvalsprogram-2025\/#breadcrumb\",\"itemListElement\":[{\"@type\":\"ListItem\",\"position\":1,\"name\":\"Home\",\"item\":\"https:\/\/val.sfp.fi\/kommunalval\/\"},{\"@type\":\"ListItem\",\"position\":2,\"name\":\"SFP i Borg\u00e5 \u2013 Kommunalvalsprogram 2025\"}]},{\"@type\":\"WebSite\",\"@id\":\"https:\/\/val.sfp.fi\/kommunalval\/#website\",\"url\":\"https:\/\/val.sfp.fi\/kommunalval\/\",\"name\":\"Kommunalvalet 2025\",\"description\":\"\",\"publisher\":{\"@id\":\"https:\/\/val.sfp.fi\/kommunalval\/#organization\"},\"potentialAction\":[{\"@type\":\"SearchAction\",\"target\":{\"@type\":\"EntryPoint\",\"urlTemplate\":\"https:\/\/val.sfp.fi\/kommunalval\/?s={search_term_string}\"},\"query-input\":{\"@type\":\"PropertyValueSpecification\",\"valueRequired\":true,\"valueName\":\"search_term_string\"}}],\"inLanguage\":\"sv-SE\"},{\"@type\":\"Organization\",\"@id\":\"https:\/\/val.sfp.fi\/kommunalval\/#organization\",\"name\":\"SFP RKP\",\"url\":\"https:\/\/val.sfp.fi\/kommunalval\/\",\"logo\":{\"@type\":\"ImageObject\",\"inLanguage\":\"sv-SE\",\"@id\":\"https:\/\/val.sfp.fi\/kommunalval\/#\/schema\/logo\/image\/\",\"url\":\"https:\/\/val.sfp.fi\/kommunalval\/wp-content\/uploads\/SFP-RKP-logo-1.jpg\",\"contentUrl\":\"https:\/\/val.sfp.fi\/kommunalval\/wp-content\/uploads\/SFP-RKP-logo-1.jpg\",\"width\":1483,\"height\":1483,\"caption\":\"SFP RKP\"},\"image\":{\"@id\":\"https:\/\/val.sfp.fi\/kommunalval\/#\/schema\/logo\/image\/\"},\"sameAs\":[\"https:\/\/www.facebook.com\/sfprkp\/\",\"https:\/\/x.com\/sfprkp\",\"https:\/\/www.instagram.com\/sfprkp\/\",\"https:\/\/www.youtube.com\/sfprkp\"]}]}<\/script>\n<!-- \/ Yoast SEO plugin. -->","yoast_head_json":{"title":"SFP i Borg\u00e5 \u2013 Kommunalvalsprogram 2025 - Kommunalvalet 2025","robots":{"index":"index","follow":"follow","max-snippet":"max-snippet:-1","max-image-preview":"max-image-preview:large","max-video-preview":"max-video-preview:-1"},"canonical":"https:\/\/val.sfp.fi\/kommunalval\/sfp-i-borga-kommunalvalsprogram-2025\/","og_locale":"sv_SE","og_type":"article","og_title":"SFP i Borg\u00e5 \u2013 Kommunalvalsprogram 2025 - Kommunalvalet 2025","og_description":"Klicka h\u00e4r f\u00f6r att komma tillbaka till kandidaterna och SFP i Borg\u00e5s startsida. SFP i Borg\u00e5 &#8211; Kommunalval 2025 En inkluderande stad Borg\u00e5 \u00e4r v\u00e5rt gemensamma hem. Vi arbetar f\u00f6r...","og_url":"https:\/\/val.sfp.fi\/kommunalval\/sfp-i-borga-kommunalvalsprogram-2025\/","og_site_name":"Kommunalvalet 2025","article_publisher":"https:\/\/www.facebook.com\/sfprkp\/","og_image":[{"width":1483,"height":1483,"url":"https:\/\/val.sfp.fi\/kommunalval\/wp-content\/uploads\/SFP-RKP-logo-1.jpg","type":"image\/jpeg"}],"twitter_misc":{"Ber\u00e4knad l\u00e4stid":"3 minuter"},"schema":{"@context":"https:\/\/schema.org","@graph":[{"@type":"WebPage","@id":"https:\/\/val.sfp.fi\/kommunalval\/sfp-i-borga-kommunalvalsprogram-2025\/","url":"https:\/\/val.sfp.fi\/kommunalval\/sfp-i-borga-kommunalvalsprogram-2025\/","name":"SFP i Borg\u00e5 \u2013 Kommunalvalsprogram 2025 - Kommunalvalet 2025","isPartOf":{"@id":"https:\/\/val.sfp.fi\/kommunalval\/#website"},"datePublished":"2025-02-03T12:28:28+00:00","breadcrumb":{"@id":"https:\/\/val.sfp.fi\/kommunalval\/sfp-i-borga-kommunalvalsprogram-2025\/#breadcrumb"},"inLanguage":"sv-SE","potentialAction":[{"@type":"ReadAction","target":["https:\/\/val.sfp.fi\/kommunalval\/sfp-i-borga-kommunalvalsprogram-2025\/"]}]},{"@type":"BreadcrumbList","@id":"https:\/\/val.sfp.fi\/kommunalval\/sfp-i-borga-kommunalvalsprogram-2025\/#breadcrumb","itemListElement":[{"@type":"ListItem","position":1,"name":"Home","item":"https:\/\/val.sfp.fi\/kommunalval\/"},{"@type":"ListItem","position":2,"name":"SFP i Borg\u00e5 \u2013 Kommunalvalsprogram 2025"}]},{"@type":"WebSite","@id":"https:\/\/val.sfp.fi\/kommunalval\/#website","url":"https:\/\/val.sfp.fi\/kommunalval\/","name":"Kommunalvalet 2025","description":"","publisher":{"@id":"https:\/\/val.sfp.fi\/kommunalval\/#organization"},"potentialAction":[{"@type":"SearchAction","target":{"@type":"EntryPoint","urlTemplate":"https:\/\/val.sfp.fi\/kommunalval\/?s={search_term_string}"},"query-input":{"@type":"PropertyValueSpecification","valueRequired":true,"valueName":"search_term_string"}}],"inLanguage":"sv-SE"},{"@type":"Organization","@id":"https:\/\/val.sfp.fi\/kommunalval\/#organization","name":"SFP RKP","url":"https:\/\/val.sfp.fi\/kommunalval\/","logo":{"@type":"ImageObject","inLanguage":"sv-SE","@id":"https:\/\/val.sfp.fi\/kommunalval\/#\/schema\/logo\/image\/","url":"https:\/\/val.sfp.fi\/kommunalval\/wp-content\/uploads\/SFP-RKP-logo-1.jpg","contentUrl":"https:\/\/val.sfp.fi\/kommunalval\/wp-content\/uploads\/SFP-RKP-logo-1.jpg","width":1483,"height":1483,"caption":"SFP RKP"},"image":{"@id":"https:\/\/val.sfp.fi\/kommunalval\/#\/schema\/logo\/image\/"},"sameAs":["https:\/\/www.facebook.com\/sfprkp\/","https:\/\/x.com\/sfprkp","https:\/\/www.instagram.com\/sfprkp\/","https:\/\/www.youtube.com\/sfprkp"]}]}},"lang":"sv","translations":{"sv":44877},"pll_sync_post":[],"_links":{"self":[{"href":"https:\/\/val.sfp.fi\/kommunalval\/wp-json\/wp\/v2\/pages\/44877","targetHints":{"allow":["GET"]}}],"collection":[{"href":"https:\/\/val.sfp.fi\/kommunalval\/wp-json\/wp\/v2\/pages"}],"about":[{"href":"https:\/\/val.sfp.fi\/kommunalval\/wp-json\/wp\/v2\/types\/page"}],"author":[{"embeddable":true,"href":"https:\/\/val.sfp.fi\/kommunalval\/wp-json\/wp\/v2\/users\/145"}],"replies":[{"embeddable":true,"href":"https:\/\/val.sfp.fi\/kommunalval\/wp-json\/wp\/v2\/comments?post=44877"}],"version-history":[{"count":1,"href":"https:\/\/val.sfp.fi\/kommunalval\/wp-json\/wp\/v2\/pages\/44877\/revisions"}],"predecessor-version":[{"id":44881,"href":"https:\/\/val.sfp.fi\/kommunalval\/wp-json\/wp\/v2\/pages\/44877\/revisions\/44881"}],"wp:attachment":[{"href":"https:\/\/val.sfp.fi\/kommunalval\/wp-json\/wp\/v2\/media?parent=44877"}],"curies":[{"name":"wp","href":"https:\/\/api.w.org\/{rel}","templated":true}]}}