{"id":44871,"date":"2025-02-03T14:13:16","date_gmt":"2025-02-03T12:13:16","guid":{"rendered":"https:\/\/val.sfp.fi\/kommunalval\/?page_id=44871"},"modified":"2025-02-03T14:14:10","modified_gmt":"2025-02-03T12:14:10","slug":"sfp-i-kimitoons-kommunalvalsprogram-2025","status":"publish","type":"page","link":"https:\/\/val.sfp.fi\/kommunalval\/sfp-i-kimitoons-kommunalvalsprogram-2025\/","title":{"rendered":"SFP i Kimito\u00f6ns Kommunalvalsprogram 2025"},"content":{"rendered":"<p><a href=\"https:\/\/val.sfp.fi\/kommunalval\/valkrets\/egentliga-finland\/kimitoon\/\">Tillbaka till kandidaterna och kommunsidan.<\/a><\/p>\n<h2>Livskraft och v\u00e4lf\u00e4rd<\/h2>\n<p><strong>Kimito\u00f6n ska vara en glad och trivsam kommun som erbjuder enast\u00e5ende service, smidig byr\u00e5krati och lockande boendemilj\u00f6er \u2013 en grund f\u00f6r v\u00e4lbefinnande och livsgl\u00e4dje.<\/strong><\/p>\n<ul>\n<li>Befolkningsunderlaget och de ekonomiska realiteterna styr utformningen av framtidens servicen\u00e4t.<\/li>\n<li>Skatteniv\u00e5n ska h\u00e5llas of\u00f6r\u00e4ndrad genom smart och effektiv produktion av kommunens tj\u00e4nster.<\/li>\n<li>Det \u00e4r f\u00f6retagen som skapar arbete och v\u00e4lf\u00e4rd. Syssels\u00e4ttningsreformen ger oss verktyg att hj\u00e4lpa b\u00e5de arbetstagare och arbetsgivare.<\/li>\n<li>Trygga g\u00e5ng- och cykelleder, friluftsleder, trivsamma parker och avgiftsfria utegym b\u00f6r vara en del av kommunens infrastruktur.<\/li>\n<li>Idrott, kultur, ett aktivt f\u00f6reningsliv, bibliotek, musikinstitut och konstklubbar skapar s\u00e5v\u00e4l fysiskt som psykiskt v\u00e4lm\u00e5ende och g\u00f6r kommunen livskraftig och trivsam.<\/li>\n<li>Vi ska bli Finlands Lappland! Turismn\u00e4ringen utvecklas p\u00e5 ett h\u00e5llbart s\u00e4tt, fritids- och deltidsboende har en positiv effekt pa\u030a sysselsa\u0308ttning och livskraft.<\/li>\n<li>V\u00e5r tids st\u00f6rsta utmaning \u00e4r klimatf\u00f6r\u00e4ndringen. Kommunens milj\u00f6- och klimatprogram m\u00e5ste f\u00f6ljas upp f\u00f6r att den positiva utvecklingen ska forts\u00e4tta. Med gr\u00f6na l\u00f6sningar och ett starkt samh\u00e4lle skapar vi en attraktiv framtid f\u00f6r alla inv\u00e5nare.<\/li>\n<li>S\u00e4rl\u00f6sningar som beaktar kommunmedlemmarnas spr\u00e5k och geografiska l\u00e4ge skall vara utg\u00e5ngspunkten f\u00f6r kommunens aktiva intressebevakning och samarbete med v\u00e4lf\u00e4rdsomr\u00e5det Varha.<\/li>\n<\/ul>\n<p><strong>Alla barn har r\u00e4tt till en utbildningsstig av h\u00f6g kvalitet p\u00e5 sitt modersm\u00e5l<\/strong><\/p>\n<p><strong>Alla barn ska f\u00e5 v\u00e4xa upp i en barnv\u00e4nlig kommun d\u00e4r alla k\u00e4nner att de \u00e4r v\u00e4rdefulla och trygga.<\/strong><\/p>\n<ul>\n<li>Barnen har r\u00e4tt till beh\u00f6riga l\u00e4rare samt trygg arbetsmilj\u00f6 i moderna, sunda och friska skolbyggnader d\u00e4r inl\u00e4rning, v\u00e4lm\u00e5ende och kvalitet betonas.<\/li>\n<li>Ett nytt skolcentrum ska erbjuda elever och personal en inspirerande l\u00e4rmilj\u00f6 med flexibla l\u00f6sningar och modern teknik som erbjuder eleverna ett \u00f6kat utbud av valfria \u00e4mnen.<\/li>\n<li>Elever som bor i den yttre sk\u00e4rg\u00e5rden ska erbjudas kvalitativa s\u00e4rl\u00f6sningar.<\/li>\n<\/ul>\n<p><strong>En levande sk\u00e4rg\u00e5rd d\u00e4r vardagslivet fungerar<\/strong><\/p>\n<p><strong>Sk\u00e4rg\u00e5rdens unika natur \u00e4r en attraktionsfaktor och en f\u00f6ruts\u00e4ttning f\u00f6r v\u00e4lbefinnande.<\/strong><\/p>\n<p><strong>Det nya s\u00e4kerhetsl\u00e4get lyfter fram betydelsen av att vi har en livskraftig sk\u00e4rg\u00e5rd som pr\u00e4glas av m\u00e4nniskors n\u00e4rvaro och verksamhet.<\/strong><\/p>\n<ul>\n<li>Ett smidigt vardagsliv f\u00f6ruts\u00e4tter en fungerande infrastruktur och tillg\u00e5ng till offentliga eller privata bastj\u00e4nster.<\/li>\n<li>Skola, dagv\u00e5rd,bibliotek och \u00e4ldreboendet Solglimten \u00e4r viktiga och n\u00f6dv\u00e4ndiga samh\u00e4llsfunktioner som beh\u00f6vs f\u00f6r att trygga sk\u00e4rg\u00e5rdens livskraft.<\/li>\n<li>Avgiftsfria kommunikationer och effektiv tele- och dataf\u00f6rbindelse \u00e4r avg\u00f6rande.<\/li>\n<li>F\u00f6r att \u00f6ka antalet inflyttare vill SFP underl\u00e4tta om\u00e4ndringen av fritidshus till permanent boende.<\/li>\n<li>Vi vill v\u00e4rna om sk\u00e4rg\u00e5rdens k\u00e4nsliga ekosystem och samtidigt utveckla h\u00e5llbar turism som gynnar lokalbefolkningen.<\/li>\n<\/ul>\n","protected":false},"excerpt":{"rendered":"<p>Tillbaka till kandidaterna och kommunsidan. Livskraft och v\u00e4lf\u00e4rd Kimito\u00f6n ska vara en glad och trivsam kommun som erbjuder enast\u00e5ende service, smidig byr\u00e5krati och lockande boendemilj\u00f6er \u2013 en grund f\u00f6r v\u00e4lbefinnande<a class=\"excerpt-read-more\" href=\"https:\/\/val.sfp.fi\/kommunalval\/sfp-i-kimitoons-kommunalvalsprogram-2025\/\" title=\"L\u00e4sSFP i Kimito\u00f6ns Kommunalvalsprogram 2025\">&#8230;<\/a><\/p>\n","protected":false},"author":145,"featured_media":0,"parent":0,"menu_order":0,"comment_status":"closed","ping_status":"closed","template":"xtemplate-full-width.php","meta":{"_acf_changed":false,"footnotes":""},"class_list":["post-44871","page","type-page","status-publish","hentry"],"acf":[],"yoast_head":"<!-- This site is optimized with the Yoast SEO plugin v27.2 - https:\/\/yoast.com\/product\/yoast-seo-wordpress\/ -->\n<title>SFP i Kimito\u00f6ns Kommunalvalsprogram 2025 - Kommunalvalet 2025<\/title>\n<meta name=\"robots\" content=\"index, follow, max-snippet:-1, max-image-preview:large, max-video-preview:-1\" \/>\n<link rel=\"canonical\" href=\"https:\/\/val.sfp.fi\/kommunalval\/sfp-i-kimitoons-kommunalvalsprogram-2025\/\" \/>\n<meta property=\"og:locale\" content=\"sv_SE\" \/>\n<meta property=\"og:type\" content=\"article\" \/>\n<meta property=\"og:title\" content=\"SFP i Kimito\u00f6ns Kommunalvalsprogram 2025 - Kommunalvalet 2025\" \/>\n<meta property=\"og:description\" content=\"Tillbaka till kandidaterna och kommunsidan. Livskraft och v\u00e4lf\u00e4rd Kimito\u00f6n ska vara en glad och trivsam kommun som erbjuder enast\u00e5ende service, smidig byr\u00e5krati och lockande boendemilj\u00f6er \u2013 en grund f\u00f6r v\u00e4lbefinnande...\" \/>\n<meta property=\"og:url\" content=\"https:\/\/val.sfp.fi\/kommunalval\/sfp-i-kimitoons-kommunalvalsprogram-2025\/\" \/>\n<meta property=\"og:site_name\" content=\"Kommunalvalet 2025\" \/>\n<meta property=\"article:publisher\" content=\"https:\/\/www.facebook.com\/sfprkp\/\" \/>\n<meta property=\"article:modified_time\" content=\"2025-02-03T12:14:10+00:00\" \/>\n<meta property=\"og:image\" content=\"https:\/\/val.sfp.fi\/kommunalval\/wp-content\/uploads\/SFP-RKP-logo-1.jpg\" \/>\n\t<meta property=\"og:image:width\" content=\"1483\" \/>\n\t<meta property=\"og:image:height\" content=\"1483\" \/>\n\t<meta property=\"og:image:type\" content=\"image\/jpeg\" \/>\n<meta name=\"twitter:label1\" content=\"Ber\u00e4knad l\u00e4stid\" \/>\n\t<meta name=\"twitter:data1\" content=\"2 minuter\" \/>\n<script type=\"application\/ld+json\" class=\"yoast-schema-graph\">{\"@context\":\"https:\/\/schema.org\",\"@graph\":[{\"@type\":\"WebPage\",\"@id\":\"https:\/\/val.sfp.fi\/kommunalval\/sfp-i-kimitoons-kommunalvalsprogram-2025\/\",\"url\":\"https:\/\/val.sfp.fi\/kommunalval\/sfp-i-kimitoons-kommunalvalsprogram-2025\/\",\"name\":\"SFP i Kimito\u00f6ns Kommunalvalsprogram 2025 - Kommunalvalet 2025\",\"isPartOf\":{\"@id\":\"https:\/\/val.sfp.fi\/kommunalval\/#website\"},\"datePublished\":\"2025-02-03T12:13:16+00:00\",\"dateModified\":\"2025-02-03T12:14:10+00:00\",\"breadcrumb\":{\"@id\":\"https:\/\/val.sfp.fi\/kommunalval\/sfp-i-kimitoons-kommunalvalsprogram-2025\/#breadcrumb\"},\"inLanguage\":\"sv-SE\",\"potentialAction\":[{\"@type\":\"ReadAction\",\"target\":[\"https:\/\/val.sfp.fi\/kommunalval\/sfp-i-kimitoons-kommunalvalsprogram-2025\/\"]}]},{\"@type\":\"BreadcrumbList\",\"@id\":\"https:\/\/val.sfp.fi\/kommunalval\/sfp-i-kimitoons-kommunalvalsprogram-2025\/#breadcrumb\",\"itemListElement\":[{\"@type\":\"ListItem\",\"position\":1,\"name\":\"Home\",\"item\":\"https:\/\/val.sfp.fi\/kommunalval\/\"},{\"@type\":\"ListItem\",\"position\":2,\"name\":\"SFP i Kimito\u00f6ns Kommunalvalsprogram 2025\"}]},{\"@type\":\"WebSite\",\"@id\":\"https:\/\/val.sfp.fi\/kommunalval\/#website\",\"url\":\"https:\/\/val.sfp.fi\/kommunalval\/\",\"name\":\"Kommunalvalet 2025\",\"description\":\"\",\"publisher\":{\"@id\":\"https:\/\/val.sfp.fi\/kommunalval\/#organization\"},\"potentialAction\":[{\"@type\":\"SearchAction\",\"target\":{\"@type\":\"EntryPoint\",\"urlTemplate\":\"https:\/\/val.sfp.fi\/kommunalval\/?s={search_term_string}\"},\"query-input\":{\"@type\":\"PropertyValueSpecification\",\"valueRequired\":true,\"valueName\":\"search_term_string\"}}],\"inLanguage\":\"sv-SE\"},{\"@type\":\"Organization\",\"@id\":\"https:\/\/val.sfp.fi\/kommunalval\/#organization\",\"name\":\"SFP RKP\",\"url\":\"https:\/\/val.sfp.fi\/kommunalval\/\",\"logo\":{\"@type\":\"ImageObject\",\"inLanguage\":\"sv-SE\",\"@id\":\"https:\/\/val.sfp.fi\/kommunalval\/#\/schema\/logo\/image\/\",\"url\":\"https:\/\/val.sfp.fi\/kommunalval\/wp-content\/uploads\/SFP-RKP-logo-1.jpg\",\"contentUrl\":\"https:\/\/val.sfp.fi\/kommunalval\/wp-content\/uploads\/SFP-RKP-logo-1.jpg\",\"width\":1483,\"height\":1483,\"caption\":\"SFP RKP\"},\"image\":{\"@id\":\"https:\/\/val.sfp.fi\/kommunalval\/#\/schema\/logo\/image\/\"},\"sameAs\":[\"https:\/\/www.facebook.com\/sfprkp\/\",\"https:\/\/x.com\/sfprkp\",\"https:\/\/www.instagram.com\/sfprkp\/\",\"https:\/\/www.youtube.com\/sfprkp\"]}]}<\/script>\n<!-- \/ Yoast SEO plugin. -->","yoast_head_json":{"title":"SFP i Kimito\u00f6ns Kommunalvalsprogram 2025 - Kommunalvalet 2025","robots":{"index":"index","follow":"follow","max-snippet":"max-snippet:-1","max-image-preview":"max-image-preview:large","max-video-preview":"max-video-preview:-1"},"canonical":"https:\/\/val.sfp.fi\/kommunalval\/sfp-i-kimitoons-kommunalvalsprogram-2025\/","og_locale":"sv_SE","og_type":"article","og_title":"SFP i Kimito\u00f6ns Kommunalvalsprogram 2025 - Kommunalvalet 2025","og_description":"Tillbaka till kandidaterna och kommunsidan. Livskraft och v\u00e4lf\u00e4rd Kimito\u00f6n ska vara en glad och trivsam kommun som erbjuder enast\u00e5ende service, smidig byr\u00e5krati och lockande boendemilj\u00f6er \u2013 en grund f\u00f6r v\u00e4lbefinnande...","og_url":"https:\/\/val.sfp.fi\/kommunalval\/sfp-i-kimitoons-kommunalvalsprogram-2025\/","og_site_name":"Kommunalvalet 2025","article_publisher":"https:\/\/www.facebook.com\/sfprkp\/","article_modified_time":"2025-02-03T12:14:10+00:00","og_image":[{"width":1483,"height":1483,"url":"https:\/\/val.sfp.fi\/kommunalval\/wp-content\/uploads\/SFP-RKP-logo-1.jpg","type":"image\/jpeg"}],"twitter_misc":{"Ber\u00e4knad l\u00e4stid":"2 minuter"},"schema":{"@context":"https:\/\/schema.org","@graph":[{"@type":"WebPage","@id":"https:\/\/val.sfp.fi\/kommunalval\/sfp-i-kimitoons-kommunalvalsprogram-2025\/","url":"https:\/\/val.sfp.fi\/kommunalval\/sfp-i-kimitoons-kommunalvalsprogram-2025\/","name":"SFP i Kimito\u00f6ns Kommunalvalsprogram 2025 - Kommunalvalet 2025","isPartOf":{"@id":"https:\/\/val.sfp.fi\/kommunalval\/#website"},"datePublished":"2025-02-03T12:13:16+00:00","dateModified":"2025-02-03T12:14:10+00:00","breadcrumb":{"@id":"https:\/\/val.sfp.fi\/kommunalval\/sfp-i-kimitoons-kommunalvalsprogram-2025\/#breadcrumb"},"inLanguage":"sv-SE","potentialAction":[{"@type":"ReadAction","target":["https:\/\/val.sfp.fi\/kommunalval\/sfp-i-kimitoons-kommunalvalsprogram-2025\/"]}]},{"@type":"BreadcrumbList","@id":"https:\/\/val.sfp.fi\/kommunalval\/sfp-i-kimitoons-kommunalvalsprogram-2025\/#breadcrumb","itemListElement":[{"@type":"ListItem","position":1,"name":"Home","item":"https:\/\/val.sfp.fi\/kommunalval\/"},{"@type":"ListItem","position":2,"name":"SFP i Kimito\u00f6ns Kommunalvalsprogram 2025"}]},{"@type":"WebSite","@id":"https:\/\/val.sfp.fi\/kommunalval\/#website","url":"https:\/\/val.sfp.fi\/kommunalval\/","name":"Kommunalvalet 2025","description":"","publisher":{"@id":"https:\/\/val.sfp.fi\/kommunalval\/#organization"},"potentialAction":[{"@type":"SearchAction","target":{"@type":"EntryPoint","urlTemplate":"https:\/\/val.sfp.fi\/kommunalval\/?s={search_term_string}"},"query-input":{"@type":"PropertyValueSpecification","valueRequired":true,"valueName":"search_term_string"}}],"inLanguage":"sv-SE"},{"@type":"Organization","@id":"https:\/\/val.sfp.fi\/kommunalval\/#organization","name":"SFP RKP","url":"https:\/\/val.sfp.fi\/kommunalval\/","logo":{"@type":"ImageObject","inLanguage":"sv-SE","@id":"https:\/\/val.sfp.fi\/kommunalval\/#\/schema\/logo\/image\/","url":"https:\/\/val.sfp.fi\/kommunalval\/wp-content\/uploads\/SFP-RKP-logo-1.jpg","contentUrl":"https:\/\/val.sfp.fi\/kommunalval\/wp-content\/uploads\/SFP-RKP-logo-1.jpg","width":1483,"height":1483,"caption":"SFP RKP"},"image":{"@id":"https:\/\/val.sfp.fi\/kommunalval\/#\/schema\/logo\/image\/"},"sameAs":["https:\/\/www.facebook.com\/sfprkp\/","https:\/\/x.com\/sfprkp","https:\/\/www.instagram.com\/sfprkp\/","https:\/\/www.youtube.com\/sfprkp"]}]}},"lang":"sv","translations":{"sv":44871},"pll_sync_post":[],"_links":{"self":[{"href":"https:\/\/val.sfp.fi\/kommunalval\/wp-json\/wp\/v2\/pages\/44871","targetHints":{"allow":["GET"]}}],"collection":[{"href":"https:\/\/val.sfp.fi\/kommunalval\/wp-json\/wp\/v2\/pages"}],"about":[{"href":"https:\/\/val.sfp.fi\/kommunalval\/wp-json\/wp\/v2\/types\/page"}],"author":[{"embeddable":true,"href":"https:\/\/val.sfp.fi\/kommunalval\/wp-json\/wp\/v2\/users\/145"}],"replies":[{"embeddable":true,"href":"https:\/\/val.sfp.fi\/kommunalval\/wp-json\/wp\/v2\/comments?post=44871"}],"version-history":[{"count":2,"href":"https:\/\/val.sfp.fi\/kommunalval\/wp-json\/wp\/v2\/pages\/44871\/revisions"}],"predecessor-version":[{"id":44873,"href":"https:\/\/val.sfp.fi\/kommunalval\/wp-json\/wp\/v2\/pages\/44871\/revisions\/44873"}],"wp:attachment":[{"href":"https:\/\/val.sfp.fi\/kommunalval\/wp-json\/wp\/v2\/media?parent=44871"}],"curies":[{"name":"wp","href":"https:\/\/api.w.org\/{rel}","templated":true}]}}