{"id":4190,"date":"2020-09-28T14:07:56","date_gmt":"2020-09-28T11:07:56","guid":{"rendered":"https:\/\/kommunalval.sfp.fi\/?page_id=4190"},"modified":"2024-12-17T13:22:55","modified_gmt":"2024-12-17T11:22:55","slug":"valj-omrade","status":"publish","type":"page","link":"https:\/\/val.sfp.fi\/kommunalval\/valj-omrade\/","title":{"rendered":"V\u00e4lj kommun"},"content":{"rendered":"<h2>Allm\u00e4nt<\/h2>\n<p>Vi har kandidater i m\u00e5nga kommuner i Finland. F\u00f6r att du l\u00e4ttare ska hitta din kommun kan du klicka p\u00e5 det omr\u00e5de d\u00e4r din kommun finns p\u00e5 kartan. D\u00e5 ser du en lista \u00f6ver de kommuner d\u00e4r det finns SFP kandidater uppst\u00e4llda. Du kan ocks\u00e5 direkt s\u00f6ka efter din kommun i s\u00f6kf\u00e4ltet.<\/p>\n<p>Kandidater fyller i sin egen profil.<\/p>\n<h2 style=\"line-height: 1.25em;\">S\u00f6ker du n\u00e5n specifik kandidat?<\/h2>\n","protected":false},"excerpt":{"rendered":"<p>Allm\u00e4nt Vi har kandidater i m\u00e5nga kommuner i Finland. F\u00f6r att du l\u00e4ttare ska hitta din kommun kan du klicka p\u00e5 det omr\u00e5de d\u00e4r din kommun finns p\u00e5 kartan. D\u00e5<a class=\"excerpt-read-more\" href=\"https:\/\/val.sfp.fi\/kommunalval\/valj-omrade\/\" title=\"L\u00e4sV\u00e4lj kommun\">&#8230;<\/a><\/p>\n","protected":false},"author":228,"featured_media":0,"parent":0,"menu_order":0,"comment_status":"closed","ping_status":"closed","template":"template-area-map.php","meta":{"_acf_changed":false,"footnotes":""},"class_list":["post-4190","page","type-page","status-publish","hentry"],"acf":[],"yoast_head":"<!-- This site is optimized with the Yoast SEO plugin v27.2 - https:\/\/yoast.com\/product\/yoast-seo-wordpress\/ -->\n<title>V\u00e4lj kommun - Kommunalvalet 2025<\/title>\n<meta name=\"robots\" content=\"index, follow, max-snippet:-1, max-image-preview:large, max-video-preview:-1\" \/>\n<link rel=\"canonical\" href=\"https:\/\/val.sfp.fi\/kommunalval\/valj-omrade\/\" \/>\n<meta property=\"og:locale\" content=\"sv_SE\" \/>\n<meta property=\"og:type\" content=\"article\" \/>\n<meta property=\"og:title\" content=\"V\u00e4lj kommun - Kommunalvalet 2025\" \/>\n<meta property=\"og:description\" content=\"Allm\u00e4nt Vi har kandidater i m\u00e5nga kommuner i Finland. F\u00f6r att du l\u00e4ttare ska hitta din kommun kan du klicka p\u00e5 det omr\u00e5de d\u00e4r din kommun finns p\u00e5 kartan. D\u00e5...\" \/>\n<meta property=\"og:url\" content=\"https:\/\/val.sfp.fi\/kommunalval\/valj-omrade\/\" \/>\n<meta property=\"og:site_name\" content=\"Kommunalvalet 2025\" \/>\n<meta property=\"article:publisher\" content=\"https:\/\/www.facebook.com\/sfprkp\/\" \/>\n<meta property=\"article:modified_time\" content=\"2024-12-17T11:22:55+00:00\" \/>\n<meta property=\"og:image\" content=\"https:\/\/val.sfp.fi\/kommunalval\/wp-content\/uploads\/SFP-RKP-logo-1.jpg\" \/>\n\t<meta property=\"og:image:width\" content=\"1483\" \/>\n\t<meta property=\"og:image:height\" content=\"1483\" \/>\n\t<meta property=\"og:image:type\" content=\"image\/jpeg\" \/>\n<script type=\"application\/ld+json\" class=\"yoast-schema-graph\">{\"@context\":\"https:\/\/schema.org\",\"@graph\":[{\"@type\":\"WebPage\",\"@id\":\"https:\/\/val.sfp.fi\/kommunalval\/valj-omrade\/\",\"url\":\"https:\/\/val.sfp.fi\/kommunalval\/valj-omrade\/\",\"name\":\"V\u00e4lj kommun - Kommunalvalet 2025\",\"isPartOf\":{\"@id\":\"https:\/\/val.sfp.fi\/kommunalval\/#website\"},\"datePublished\":\"2020-09-28T11:07:56+00:00\",\"dateModified\":\"2024-12-17T11:22:55+00:00\",\"breadcrumb\":{\"@id\":\"https:\/\/val.sfp.fi\/kommunalval\/valj-omrade\/#breadcrumb\"},\"inLanguage\":\"sv-SE\",\"potentialAction\":[{\"@type\":\"ReadAction\",\"target\":[\"https:\/\/val.sfp.fi\/kommunalval\/valj-omrade\/\"]}]},{\"@type\":\"BreadcrumbList\",\"@id\":\"https:\/\/val.sfp.fi\/kommunalval\/valj-omrade\/#breadcrumb\",\"itemListElement\":[{\"@type\":\"ListItem\",\"position\":1,\"name\":\"Home\",\"item\":\"https:\/\/val.sfp.fi\/kommunalval\/\"},{\"@type\":\"ListItem\",\"position\":2,\"name\":\"V\u00e4lj kommun\"}]},{\"@type\":\"WebSite\",\"@id\":\"https:\/\/val.sfp.fi\/kommunalval\/#website\",\"url\":\"https:\/\/val.sfp.fi\/kommunalval\/\",\"name\":\"Kommunalvalet 2025\",\"description\":\"\",\"publisher\":{\"@id\":\"https:\/\/val.sfp.fi\/kommunalval\/#organization\"},\"potentialAction\":[{\"@type\":\"SearchAction\",\"target\":{\"@type\":\"EntryPoint\",\"urlTemplate\":\"https:\/\/val.sfp.fi\/kommunalval\/?s={search_term_string}\"},\"query-input\":{\"@type\":\"PropertyValueSpecification\",\"valueRequired\":true,\"valueName\":\"search_term_string\"}}],\"inLanguage\":\"sv-SE\"},{\"@type\":\"Organization\",\"@id\":\"https:\/\/val.sfp.fi\/kommunalval\/#organization\",\"name\":\"SFP RKP\",\"url\":\"https:\/\/val.sfp.fi\/kommunalval\/\",\"logo\":{\"@type\":\"ImageObject\",\"inLanguage\":\"sv-SE\",\"@id\":\"https:\/\/val.sfp.fi\/kommunalval\/#\/schema\/logo\/image\/\",\"url\":\"https:\/\/val.sfp.fi\/kommunalval\/wp-content\/uploads\/SFP-RKP-logo-1.jpg\",\"contentUrl\":\"https:\/\/val.sfp.fi\/kommunalval\/wp-content\/uploads\/SFP-RKP-logo-1.jpg\",\"width\":1483,\"height\":1483,\"caption\":\"SFP RKP\"},\"image\":{\"@id\":\"https:\/\/val.sfp.fi\/kommunalval\/#\/schema\/logo\/image\/\"},\"sameAs\":[\"https:\/\/www.facebook.com\/sfprkp\/\",\"https:\/\/x.com\/sfprkp\",\"https:\/\/www.instagram.com\/sfprkp\/\",\"https:\/\/www.youtube.com\/sfprkp\"]}]}<\/script>\n<!-- \/ Yoast SEO plugin. -->","yoast_head_json":{"title":"V\u00e4lj kommun - Kommunalvalet 2025","robots":{"index":"index","follow":"follow","max-snippet":"max-snippet:-1","max-image-preview":"max-image-preview:large","max-video-preview":"max-video-preview:-1"},"canonical":"https:\/\/val.sfp.fi\/kommunalval\/valj-omrade\/","og_locale":"sv_SE","og_type":"article","og_title":"V\u00e4lj kommun - Kommunalvalet 2025","og_description":"Allm\u00e4nt Vi har kandidater i m\u00e5nga kommuner i Finland. F\u00f6r att du l\u00e4ttare ska hitta din kommun kan du klicka p\u00e5 det omr\u00e5de d\u00e4r din kommun finns p\u00e5 kartan. D\u00e5...","og_url":"https:\/\/val.sfp.fi\/kommunalval\/valj-omrade\/","og_site_name":"Kommunalvalet 2025","article_publisher":"https:\/\/www.facebook.com\/sfprkp\/","article_modified_time":"2024-12-17T11:22:55+00:00","og_image":[{"width":1483,"height":1483,"url":"https:\/\/val.sfp.fi\/kommunalval\/wp-content\/uploads\/SFP-RKP-logo-1.jpg","type":"image\/jpeg"}],"schema":{"@context":"https:\/\/schema.org","@graph":[{"@type":"WebPage","@id":"https:\/\/val.sfp.fi\/kommunalval\/valj-omrade\/","url":"https:\/\/val.sfp.fi\/kommunalval\/valj-omrade\/","name":"V\u00e4lj kommun - Kommunalvalet 2025","isPartOf":{"@id":"https:\/\/val.sfp.fi\/kommunalval\/#website"},"datePublished":"2020-09-28T11:07:56+00:00","dateModified":"2024-12-17T11:22:55+00:00","breadcrumb":{"@id":"https:\/\/val.sfp.fi\/kommunalval\/valj-omrade\/#breadcrumb"},"inLanguage":"sv-SE","potentialAction":[{"@type":"ReadAction","target":["https:\/\/val.sfp.fi\/kommunalval\/valj-omrade\/"]}]},{"@type":"BreadcrumbList","@id":"https:\/\/val.sfp.fi\/kommunalval\/valj-omrade\/#breadcrumb","itemListElement":[{"@type":"ListItem","position":1,"name":"Home","item":"https:\/\/val.sfp.fi\/kommunalval\/"},{"@type":"ListItem","position":2,"name":"V\u00e4lj kommun"}]},{"@type":"WebSite","@id":"https:\/\/val.sfp.fi\/kommunalval\/#website","url":"https:\/\/val.sfp.fi\/kommunalval\/","name":"Kommunalvalet 2025","description":"","publisher":{"@id":"https:\/\/val.sfp.fi\/kommunalval\/#organization"},"potentialAction":[{"@type":"SearchAction","target":{"@type":"EntryPoint","urlTemplate":"https:\/\/val.sfp.fi\/kommunalval\/?s={search_term_string}"},"query-input":{"@type":"PropertyValueSpecification","valueRequired":true,"valueName":"search_term_string"}}],"inLanguage":"sv-SE"},{"@type":"Organization","@id":"https:\/\/val.sfp.fi\/kommunalval\/#organization","name":"SFP RKP","url":"https:\/\/val.sfp.fi\/kommunalval\/","logo":{"@type":"ImageObject","inLanguage":"sv-SE","@id":"https:\/\/val.sfp.fi\/kommunalval\/#\/schema\/logo\/image\/","url":"https:\/\/val.sfp.fi\/kommunalval\/wp-content\/uploads\/SFP-RKP-logo-1.jpg","contentUrl":"https:\/\/val.sfp.fi\/kommunalval\/wp-content\/uploads\/SFP-RKP-logo-1.jpg","width":1483,"height":1483,"caption":"SFP RKP"},"image":{"@id":"https:\/\/val.sfp.fi\/kommunalval\/#\/schema\/logo\/image\/"},"sameAs":["https:\/\/www.facebook.com\/sfprkp\/","https:\/\/x.com\/sfprkp","https:\/\/www.instagram.com\/sfprkp\/","https:\/\/www.youtube.com\/sfprkp"]}]}},"lang":"sv","translations":{"sv":4190,"fi":6260,"en":6262},"pll_sync_post":[],"_links":{"self":[{"href":"https:\/\/val.sfp.fi\/kommunalval\/wp-json\/wp\/v2\/pages\/4190","targetHints":{"allow":["GET"]}}],"collection":[{"href":"https:\/\/val.sfp.fi\/kommunalval\/wp-json\/wp\/v2\/pages"}],"about":[{"href":"https:\/\/val.sfp.fi\/kommunalval\/wp-json\/wp\/v2\/types\/page"}],"author":[{"embeddable":true,"href":"https:\/\/val.sfp.fi\/kommunalval\/wp-json\/wp\/v2\/users\/228"}],"replies":[{"embeddable":true,"href":"https:\/\/val.sfp.fi\/kommunalval\/wp-json\/wp\/v2\/comments?post=4190"}],"version-history":[{"count":17,"href":"https:\/\/val.sfp.fi\/kommunalval\/wp-json\/wp\/v2\/pages\/4190\/revisions"}],"predecessor-version":[{"id":32735,"href":"https:\/\/val.sfp.fi\/kommunalval\/wp-json\/wp\/v2\/pages\/4190\/revisions\/32735"}],"wp:attachment":[{"href":"https:\/\/val.sfp.fi\/kommunalval\/wp-json\/wp\/v2\/media?parent=4190"}],"curies":[{"name":"wp","href":"https:\/\/api.w.org\/{rel}","templated":true}]}}