{"id":106,"date":"2019-01-25T11:53:25","date_gmt":"2019-01-25T11:53:25","guid":{"rendered":"https:\/\/kommunalval.sfp.fi\/?page_id=106"},"modified":"2025-03-26T10:55:47","modified_gmt":"2025-03-26T08:55:47","slug":"valprogram","status":"publish","type":"page","link":"https:\/\/val.sfp.fi\/kommunalval\/valprogram\/","title":{"rendered":"Valprogram"},"content":{"rendered":"<p><a href=\"https:\/\/val.sfp.fi\/kommunalval\/wp-content\/uploads\/Kommunalval_program_svenska.pdf\" target=\"_blank\" rel=\"noopener\">Ladda ner Kommunalvalsprogrammet som PDF.<\/a><\/p>\n<p><a href=\"https:\/\/val.sfp.fi\/kommunalval\/wp-content\/uploads\/VOK-Valprogram_svenska_lagres.pdf\" target=\"_blank\" rel=\"noopener\">Ladda ner Kombinerat valprogram f\u00f6r b\u00e5de kommunalvalet och v\u00e4lf\u00e4rdsomr\u00e5desvalet.<\/a><\/p>\n<p><a href=\"https:\/\/val.sfp.fi\/kommunalval\/wp-content\/uploads\/LATTLAST-SVENSKA.pdf\" target=\"_blank\" rel=\"noopener\">Ladda ner l\u00e4ttl\u00e4st version av kombinerat valprogram f\u00f6r b\u00e5de kommunalvalet och v\u00e4lf\u00e4rdsomr\u00e5desvalet.<\/a><\/p>\n<p><a href=\"https:\/\/val.sfp.fi\/kommunalval\/wp-content\/uploads\/ENARESAMISKA.pdf\" target=\"_blank\" rel=\"noopener\">Ladda ner Kombinerat valprogram f\u00f6r b\u00e5de kommunalvalet och v\u00e4lf\u00e4rdsomr\u00e5desvalet p\u00e5 Enaresamiska<\/a><\/p>\n<p><a href=\"https:\/\/val.sfp.fi\/kommunalval\/wp-content\/uploads\/NORDSAMISKA.pdf\" target=\"_blank\" rel=\"noopener\">Ladda ner Kombinerat valprogram f\u00f6r b\u00e5de kommunalvalet och v\u00e4lf\u00e4rdsomr\u00e5desvalet p\u00e5 Nordsamiska<\/a><\/p>\n<p><a href=\"https:\/\/val.sfp.fi\/kommunalval\/wp-content\/uploads\/SKOLTSAMISKA.pdf\" target=\"_blank\" rel=\"noopener\">Ladda ner Kombinerat valprogram f\u00f6r b\u00e5de kommunalvalet och v\u00e4lf\u00e4rdsomr\u00e5desvalet p\u00e5 Skoltsamiska<\/a><\/p>\n<h2>Tillsammans bygger vi en bra vardag<\/h2>\n<p>Svenska folkpartiet i Finland (SFP) \u00e4r det liberala partiet i Finland med en stark nordisk och europeisk f\u00f6rankring. Vi tror p\u00e5 den enskilda m\u00e4nniskan och allas r\u00e4tt och f\u00f6rm\u00e5ga att sj\u00e4lv forma sitt liv och ha inflytande \u00f6ver sin tillvaro. Vi tror p\u00e5 frihet under ansvar och v\u00e5rt ansvar f\u00f6r varandra. V\u00e5r politik och liberalism bygger p\u00e5 respekt f\u00f6r m\u00e4nniskan och milj\u00f6n, p\u00e5 frihet och individens r\u00e4ttigheter, p\u00e5 fred och r\u00e4ttvisa, p\u00e5 likabehandling och j\u00e4mst\u00e4lldhet.<\/p>\n<p>Det som h\u00e4nder globalt och nationellt p\u00e5verkar oss lokalt. Den polarisering som pr\u00e4glar den politiska diskussionen p\u00e5 m\u00e5nga h\u00e5ll syns ocks\u00e5 h\u00e4r i Finland. Politik baserad p\u00e5 r\u00e4dsla ist\u00e4llet f\u00f6r hopp blir allt vanligare och f\u00f6rs\u00f6ken att dela in v\u00e5rt samh\u00e4lle i olika l\u00e4ger \u00e4r m\u00e5nga.<\/p>\n<p>Just i den h\u00e4r verkligheten beh\u00f6vs SFP. Vi accepterar inte en politik som delar in samh\u00e4llet i vi och de, utan vi vill erbjuda l\u00f6sningar som f\u00f6r samman b\u00e5de lokalt och nationellt. Vi vill ge alla en chans att bygga sin egen framtid i v\u00e5rt samh\u00e4lle.<\/p>\n<p>V\u00e5rt v\u00e4lf\u00e4rdssamh\u00e4lle fungerar b\u00e4st d\u00e5 ekonomin \u00e4r i balans, m\u00e4nniskor har jobb och f\u00f6retag kan vara framg\u00e5ngsrika. Det h\u00e4r arbetar vi f\u00f6r. Samtidigt bek\u00e4mpar vi aktivt klimatf\u00f6r\u00e4ndringen och tar till \u00e5tg\u00e4rder f\u00f6r att st\u00e4rka den biologiska m\u00e5ngfalden. Ett h\u00e5llbart samh\u00e4lle \u00e4r en f\u00f6ruts\u00e4ttning f\u00f6r en trygg vardag. F\u00f6r att v\u00e5rt land ska blomstra beh\u00f6ver vi b\u00e5de starka st\u00e4der och en levande landsbygd.<\/p>\n<p>SFP \u00e4r en \u00f6ppen och v\u00e4lkomnande folkr\u00f6relse f\u00f6r alla. Vi vill arbeta f\u00f6r ett Finland med tv\u00e5 levande nationalspr\u00e5k, svenska och finska. Vi \u00e4r partiet som alltid v\u00e4rnar om minoriteter och minoritetsspr\u00e5k.<\/p>\n<p>Vi f\u00f6rsvarar alltid r\u00e4ttsstatsprincipen och demokratin. Vi tror att ett bildat och internationellt Finland \u00e4r ett tryggt land som kan tackla framtida utmaningar. Vi vill ha ett \u00f6ppet och m\u00e5ngkulturellt samh\u00e4lle, som bygger p\u00e5 samarbete och som tar ansvar f\u00f6r alla generationer. SFP \u00e4r den liberala, inkluderande och ansvarsfulla r\u00f6sten, p\u00e5 alla niv\u00e5er i det politiska beslutsfattandet. Vi \u00e4r medvetna om att statsekonomins utmaningar g\u00f6r l\u00e4get sv\u00e5rt p\u00e5 m\u00e5nga h\u00e5ll n\u00e4r verksamheten m\u00e5ste anpassas till den ekonomiska verkligheten. V\u00e4lf\u00e4rden ska bygga p\u00e5 medm\u00e4nsklighet och trygga v\u00e5rd och omsorg, utbildning och andra samh\u00e4lleliga tj\u00e4nster.<\/p>\n<p>Tillg\u00e5ngen till utbildad arbetskraft \u00e4r en av Finlands centrala framtidsfr\u00e5gor. F\u00f6r att m\u00f6ta detta behov m\u00e5ste vi satsa p\u00e5 fler utbildningsplatser och \u00f6ka arbetskraftsinvandringen. F\u00f6r att s\u00e4kerst\u00e4lla att vi har den arbetskraft som beh\u00f6vs m\u00e5ste vi satsa mer p\u00e5 personalens v\u00e4lbefinnande.<\/p>\n<p>Alla ska ha likv\u00e4rdiga r\u00e4ttigheter och m\u00f6jligheter i v\u00e5rt samh\u00e4lle och inkluderas i beslutsfattandet. Vi arbetar m\u00e5lmedvetet f\u00f6r j\u00e4mst\u00e4lldhet. Vi f\u00f6rsvarar alltid allas grundl\u00e4ggande r\u00e4ttighet att best\u00e4mma \u00f6ver sin kropp. Ingen f\u00e5r diskrimineras p\u00e5 grund av spr\u00e5k, etniskt ursprung, religion, \u00f6vertygelse, k\u00f6n, sexuell l\u00e4ggning, funktionsneds\u00e4ttning eller \u00e5lder. Vi arbetar m\u00e5lmedvetet f\u00f6r ett samh\u00e4lle som \u00e4r fritt fr\u00e5n rasism och diskriminiering.<\/p>\n<p>Vi arbetar f\u00f6r livskraftiga kommuner, regioner och v\u00e4lf\u00e4rdsomr\u00e5den med stark n\u00e4rdemokrati. Beslut ska fattas \u00f6ppet av beslutsfattarna och on\u00f6dig byr\u00e5krati undvikas. Vi vill se ett fungerande samarbete mellan kommunerna, v\u00e4lf\u00e4rdsomr\u00e5dena, staten, privata sektorn och tredje sektorn. SFP \u00e4r partiet som \u00e4r n\u00e4ra dig i livets alla skeden. Det ska vara l\u00e4tt f\u00f6r dig att ta kontakt med dina f\u00f6rtroendevalda och med oss \u2013 i fr\u00e5ga som fr\u00e5ga.<\/p>\n<p>&nbsp;<\/p>\n<h2><span lang=\"SV-FI\">SFP:s valprogram f\u00f6r Kommunalvalet 2025<\/span><\/h2>\n","protected":false},"excerpt":{"rendered":"<p>Ladda ner Kommunalvalsprogrammet som PDF. Ladda ner Kombinerat valprogram f\u00f6r b\u00e5de kommunalvalet och v\u00e4lf\u00e4rdsomr\u00e5desvalet. Ladda ner l\u00e4ttl\u00e4st version av kombinerat valprogram f\u00f6r b\u00e5de kommunalvalet och v\u00e4lf\u00e4rdsomr\u00e5desvalet. Ladda ner Kombinerat valprogram<a class=\"excerpt-read-more\" href=\"https:\/\/val.sfp.fi\/kommunalval\/valprogram\/\" title=\"L\u00e4sValprogram\">&#8230;<\/a><\/p>\n","protected":false},"author":1,"featured_media":0,"parent":0,"menu_order":0,"comment_status":"closed","ping_status":"closed","template":"article-list.php","meta":{"_acf_changed":false,"footnotes":""},"class_list":["post-106","page","type-page","status-publish","hentry"],"acf":[],"yoast_head":"<!-- This site is optimized with the Yoast SEO plugin v27.2 - https:\/\/yoast.com\/product\/yoast-seo-wordpress\/ -->\n<title>Valprogram - Kommunalvalet 2025<\/title>\n<meta name=\"description\" content=\"Det handlar om v\u00e4rderingar Vi i Svenska folkpartiet vill att alla m\u00e4nniskor har r\u00e4tt att best\u00e4mma \u00f6ver sitt liv och vilken stig de v\u00e4ljer att g\u00e5. Alla ska ha frihet att dr\u00f6mma och f\u00f6rverkliga sina dr\u00f6mmar. Frihet att leva i fred, utan r\u00e4dsla \u2013 i trygghet.\" \/>\n<meta name=\"robots\" content=\"index, follow, max-snippet:-1, max-image-preview:large, max-video-preview:-1\" \/>\n<link rel=\"canonical\" href=\"https:\/\/val.sfp.fi\/kommunalval\/valprogram\/\" \/>\n<meta property=\"og:locale\" content=\"sv_SE\" \/>\n<meta property=\"og:type\" content=\"article\" \/>\n<meta property=\"og:title\" content=\"Valprogram - Kommunalvalet 2025\" \/>\n<meta property=\"og:description\" content=\"Det handlar om v\u00e4rderingar Vi i Svenska folkpartiet vill att alla m\u00e4nniskor har r\u00e4tt att best\u00e4mma \u00f6ver sitt liv och vilken stig de v\u00e4ljer att g\u00e5. Alla ska ha frihet att dr\u00f6mma och f\u00f6rverkliga sina dr\u00f6mmar. Frihet att leva i fred, utan r\u00e4dsla \u2013 i trygghet.\" \/>\n<meta property=\"og:url\" content=\"https:\/\/val.sfp.fi\/kommunalval\/valprogram\/\" \/>\n<meta property=\"og:site_name\" content=\"Kommunalvalet 2025\" \/>\n<meta property=\"article:publisher\" content=\"https:\/\/www.facebook.com\/sfprkp\/\" \/>\n<meta property=\"article:modified_time\" content=\"2025-03-26T08:55:47+00:00\" \/>\n<meta property=\"og:image\" content=\"https:\/\/val.sfp.fi\/kommunalval\/wp-content\/uploads\/SFP-RKP-logo-1.jpg\" \/>\n\t<meta property=\"og:image:width\" content=\"1483\" \/>\n\t<meta property=\"og:image:height\" content=\"1483\" \/>\n\t<meta property=\"og:image:type\" content=\"image\/jpeg\" \/>\n<meta name=\"twitter:label1\" content=\"Ber\u00e4knad l\u00e4stid\" \/>\n\t<meta name=\"twitter:data1\" content=\"3 minuter\" \/>\n<script type=\"application\/ld+json\" class=\"yoast-schema-graph\">{\"@context\":\"https:\/\/schema.org\",\"@graph\":[{\"@type\":\"WebPage\",\"@id\":\"https:\/\/val.sfp.fi\/kommunalval\/valprogram\/\",\"url\":\"https:\/\/val.sfp.fi\/kommunalval\/valprogram\/\",\"name\":\"Valprogram - Kommunalvalet 2025\",\"isPartOf\":{\"@id\":\"https:\/\/val.sfp.fi\/kommunalval\/#website\"},\"datePublished\":\"2019-01-25T11:53:25+00:00\",\"dateModified\":\"2025-03-26T08:55:47+00:00\",\"description\":\"Det handlar om v\u00e4rderingar Vi i Svenska folkpartiet vill att alla m\u00e4nniskor har r\u00e4tt att best\u00e4mma \u00f6ver sitt liv och vilken stig de v\u00e4ljer att g\u00e5. Alla ska ha frihet att dr\u00f6mma och f\u00f6rverkliga sina dr\u00f6mmar. Frihet att leva i fred, utan r\u00e4dsla \u2013 i trygghet.\",\"breadcrumb\":{\"@id\":\"https:\/\/val.sfp.fi\/kommunalval\/valprogram\/#breadcrumb\"},\"inLanguage\":\"sv-SE\",\"potentialAction\":[{\"@type\":\"ReadAction\",\"target\":[\"https:\/\/val.sfp.fi\/kommunalval\/valprogram\/\"]}]},{\"@type\":\"BreadcrumbList\",\"@id\":\"https:\/\/val.sfp.fi\/kommunalval\/valprogram\/#breadcrumb\",\"itemListElement\":[{\"@type\":\"ListItem\",\"position\":1,\"name\":\"Home\",\"item\":\"https:\/\/val.sfp.fi\/kommunalval\/\"},{\"@type\":\"ListItem\",\"position\":2,\"name\":\"Valprogram\"}]},{\"@type\":\"WebSite\",\"@id\":\"https:\/\/val.sfp.fi\/kommunalval\/#website\",\"url\":\"https:\/\/val.sfp.fi\/kommunalval\/\",\"name\":\"Kommunalvalet 2025\",\"description\":\"\",\"publisher\":{\"@id\":\"https:\/\/val.sfp.fi\/kommunalval\/#organization\"},\"potentialAction\":[{\"@type\":\"SearchAction\",\"target\":{\"@type\":\"EntryPoint\",\"urlTemplate\":\"https:\/\/val.sfp.fi\/kommunalval\/?s={search_term_string}\"},\"query-input\":{\"@type\":\"PropertyValueSpecification\",\"valueRequired\":true,\"valueName\":\"search_term_string\"}}],\"inLanguage\":\"sv-SE\"},{\"@type\":\"Organization\",\"@id\":\"https:\/\/val.sfp.fi\/kommunalval\/#organization\",\"name\":\"SFP RKP\",\"url\":\"https:\/\/val.sfp.fi\/kommunalval\/\",\"logo\":{\"@type\":\"ImageObject\",\"inLanguage\":\"sv-SE\",\"@id\":\"https:\/\/val.sfp.fi\/kommunalval\/#\/schema\/logo\/image\/\",\"url\":\"https:\/\/val.sfp.fi\/kommunalval\/wp-content\/uploads\/SFP-RKP-logo-1.jpg\",\"contentUrl\":\"https:\/\/val.sfp.fi\/kommunalval\/wp-content\/uploads\/SFP-RKP-logo-1.jpg\",\"width\":1483,\"height\":1483,\"caption\":\"SFP RKP\"},\"image\":{\"@id\":\"https:\/\/val.sfp.fi\/kommunalval\/#\/schema\/logo\/image\/\"},\"sameAs\":[\"https:\/\/www.facebook.com\/sfprkp\/\",\"https:\/\/x.com\/sfprkp\",\"https:\/\/www.instagram.com\/sfprkp\/\",\"https:\/\/www.youtube.com\/sfprkp\"]}]}<\/script>\n<!-- \/ Yoast SEO plugin. -->","yoast_head_json":{"title":"Valprogram - Kommunalvalet 2025","description":"Det handlar om v\u00e4rderingar Vi i Svenska folkpartiet vill att alla m\u00e4nniskor har r\u00e4tt att best\u00e4mma \u00f6ver sitt liv och vilken stig de v\u00e4ljer att g\u00e5. Alla ska ha frihet att dr\u00f6mma och f\u00f6rverkliga sina dr\u00f6mmar. Frihet att leva i fred, utan r\u00e4dsla \u2013 i trygghet.","robots":{"index":"index","follow":"follow","max-snippet":"max-snippet:-1","max-image-preview":"max-image-preview:large","max-video-preview":"max-video-preview:-1"},"canonical":"https:\/\/val.sfp.fi\/kommunalval\/valprogram\/","og_locale":"sv_SE","og_type":"article","og_title":"Valprogram - Kommunalvalet 2025","og_description":"Det handlar om v\u00e4rderingar Vi i Svenska folkpartiet vill att alla m\u00e4nniskor har r\u00e4tt att best\u00e4mma \u00f6ver sitt liv och vilken stig de v\u00e4ljer att g\u00e5. Alla ska ha frihet att dr\u00f6mma och f\u00f6rverkliga sina dr\u00f6mmar. Frihet att leva i fred, utan r\u00e4dsla \u2013 i trygghet.","og_url":"https:\/\/val.sfp.fi\/kommunalval\/valprogram\/","og_site_name":"Kommunalvalet 2025","article_publisher":"https:\/\/www.facebook.com\/sfprkp\/","article_modified_time":"2025-03-26T08:55:47+00:00","og_image":[{"width":1483,"height":1483,"url":"https:\/\/val.sfp.fi\/kommunalval\/wp-content\/uploads\/SFP-RKP-logo-1.jpg","type":"image\/jpeg"}],"twitter_misc":{"Ber\u00e4knad l\u00e4stid":"3 minuter"},"schema":{"@context":"https:\/\/schema.org","@graph":[{"@type":"WebPage","@id":"https:\/\/val.sfp.fi\/kommunalval\/valprogram\/","url":"https:\/\/val.sfp.fi\/kommunalval\/valprogram\/","name":"Valprogram - Kommunalvalet 2025","isPartOf":{"@id":"https:\/\/val.sfp.fi\/kommunalval\/#website"},"datePublished":"2019-01-25T11:53:25+00:00","dateModified":"2025-03-26T08:55:47+00:00","description":"Det handlar om v\u00e4rderingar Vi i Svenska folkpartiet vill att alla m\u00e4nniskor har r\u00e4tt att best\u00e4mma \u00f6ver sitt liv och vilken stig de v\u00e4ljer att g\u00e5. Alla ska ha frihet att dr\u00f6mma och f\u00f6rverkliga sina dr\u00f6mmar. Frihet att leva i fred, utan r\u00e4dsla \u2013 i trygghet.","breadcrumb":{"@id":"https:\/\/val.sfp.fi\/kommunalval\/valprogram\/#breadcrumb"},"inLanguage":"sv-SE","potentialAction":[{"@type":"ReadAction","target":["https:\/\/val.sfp.fi\/kommunalval\/valprogram\/"]}]},{"@type":"BreadcrumbList","@id":"https:\/\/val.sfp.fi\/kommunalval\/valprogram\/#breadcrumb","itemListElement":[{"@type":"ListItem","position":1,"name":"Home","item":"https:\/\/val.sfp.fi\/kommunalval\/"},{"@type":"ListItem","position":2,"name":"Valprogram"}]},{"@type":"WebSite","@id":"https:\/\/val.sfp.fi\/kommunalval\/#website","url":"https:\/\/val.sfp.fi\/kommunalval\/","name":"Kommunalvalet 2025","description":"","publisher":{"@id":"https:\/\/val.sfp.fi\/kommunalval\/#organization"},"potentialAction":[{"@type":"SearchAction","target":{"@type":"EntryPoint","urlTemplate":"https:\/\/val.sfp.fi\/kommunalval\/?s={search_term_string}"},"query-input":{"@type":"PropertyValueSpecification","valueRequired":true,"valueName":"search_term_string"}}],"inLanguage":"sv-SE"},{"@type":"Organization","@id":"https:\/\/val.sfp.fi\/kommunalval\/#organization","name":"SFP RKP","url":"https:\/\/val.sfp.fi\/kommunalval\/","logo":{"@type":"ImageObject","inLanguage":"sv-SE","@id":"https:\/\/val.sfp.fi\/kommunalval\/#\/schema\/logo\/image\/","url":"https:\/\/val.sfp.fi\/kommunalval\/wp-content\/uploads\/SFP-RKP-logo-1.jpg","contentUrl":"https:\/\/val.sfp.fi\/kommunalval\/wp-content\/uploads\/SFP-RKP-logo-1.jpg","width":1483,"height":1483,"caption":"SFP RKP"},"image":{"@id":"https:\/\/val.sfp.fi\/kommunalval\/#\/schema\/logo\/image\/"},"sameAs":["https:\/\/www.facebook.com\/sfprkp\/","https:\/\/x.com\/sfprkp","https:\/\/www.instagram.com\/sfprkp\/","https:\/\/www.youtube.com\/sfprkp"]}]}},"lang":"sv","translations":{"sv":106,"fi":618,"en":1250},"pll_sync_post":[],"_links":{"self":[{"href":"https:\/\/val.sfp.fi\/kommunalval\/wp-json\/wp\/v2\/pages\/106","targetHints":{"allow":["GET"]}}],"collection":[{"href":"https:\/\/val.sfp.fi\/kommunalval\/wp-json\/wp\/v2\/pages"}],"about":[{"href":"https:\/\/val.sfp.fi\/kommunalval\/wp-json\/wp\/v2\/types\/page"}],"author":[{"embeddable":true,"href":"https:\/\/val.sfp.fi\/kommunalval\/wp-json\/wp\/v2\/users\/1"}],"replies":[{"embeddable":true,"href":"https:\/\/val.sfp.fi\/kommunalval\/wp-json\/wp\/v2\/comments?post=106"}],"version-history":[{"count":27,"href":"https:\/\/val.sfp.fi\/kommunalval\/wp-json\/wp\/v2\/pages\/106\/revisions"}],"predecessor-version":[{"id":55826,"href":"https:\/\/val.sfp.fi\/kommunalval\/wp-json\/wp\/v2\/pages\/106\/revisions\/55826"}],"wp:attachment":[{"href":"https:\/\/val.sfp.fi\/kommunalval\/wp-json\/wp\/v2\/media?parent=106"}],"curies":[{"name":"wp","href":"https:\/\/api.w.org\/{rel}","templated":true}]}}